{"id":1291,"date":"2020-07-08T23:15:59","date_gmt":"2020-07-08T22:15:59","guid":{"rendered":"http:\/\/afaescolabarcelona.cat\/?page_id=1291"},"modified":"2023-10-04T14:23:13","modified_gmt":"2023-10-04T13:23:13","slug":"activitats-5e","status":"publish","type":"page","link":"https:\/\/www.afaescolabarcelona.cat\/index.php\/activitats-5e\/","title":{"rendered":"Activitats Extraescolars 5\u00e8"},"content":{"rendered":"\n<div class=\"wp-block-themeisle-blocks-advanced-columns alignwide has-1-columns has-desktop-equal-layout has-tablet-equal-layout has-mobile-equal-layout has-default-gap has-vertical-flex-start\" id=\"wp-block-themeisle-blocks-advanced-columns-c039ef27\"><div class=\"wp-block-themeisle-blocks-advanced-columns-overlay\"><\/div><div class=\"innerblocks-wrap\">\n<div class=\"wp-block-themeisle-blocks-advanced-column\" id=\"wp-block-themeisle-blocks-advanced-column-3507eea8\">\n<figure class=\"wp-block-table alignwide is-style-regular\"><table><thead><tr><th class=\"has-text-align-center\" data-align=\"center\">Horari<\/th><th class=\"has-text-align-center\" data-align=\"center\">Dilluns<\/th><th class=\"has-text-align-center\" data-align=\"center\">Dimarts<\/th><th class=\"has-text-align-center\" data-align=\"center\">Dimecres<\/th><th class=\"has-text-align-center\" data-align=\"center\">Dijous<\/th><th class=\"has-text-align-center\" data-align=\"center\">Divendres<\/th><\/tr><\/thead><tbody><tr><td class=\"has-text-align-center\" data-align=\"center\">Mat\u00ed de 7h30 a 9h<\/td><td class=\"has-text-align-center\" data-align=\"center\"><table id=\"igsv-13bXJ3ReMj6vDK1xH-wAxQHGGw9z0AfgQw33YodpX4Qc\" class=\"igsv-table no-datatables\" lang=\"ca\" style=\"line-height:10px; border: none; text-align:\u00a0center;\"><thead>\n<tr id=\"igsv-13bXJ3ReMj6vDK1xH-wAxQHGGw9z0AfgQw33YodpX4Qc-row-1\" class=\"row-1 odd\"><th class=\"col-1 odd\"><div>MAINADERA<\/div><\/th><\/tr><\/thead><tbody>\n<\/tbody><\/table><\/td><td class=\"has-text-align-center\" data-align=\"center\"><table id=\"igsv-1-13bXJ3ReMj6vDK1xH-wAxQHGGw9z0AfgQw33YodpX4Qc\" class=\"igsv-table no-datatables\" lang=\"ca\" style=\"line-height:10px; border: none; text-align:\u00a0center;\"><thead>\n<tr id=\"igsv-1-13bXJ3ReMj6vDK1xH-wAxQHGGw9z0AfgQw33YodpX4Qc-row-1\" class=\"row-1 odd\"><th class=\"col-1 odd\"><div>MAINADERA<\/div><\/th><\/tr><\/thead><tbody>\n<\/tbody><\/table><\/td><td class=\"has-text-align-center\" data-align=\"center\"><table id=\"igsv-2-13bXJ3ReMj6vDK1xH-wAxQHGGw9z0AfgQw33YodpX4Qc\" class=\"igsv-table no-datatables\" lang=\"ca\" style=\"line-height:10px; border: none; text-align:\u00a0center;\"><thead>\n<tr id=\"igsv-2-13bXJ3ReMj6vDK1xH-wAxQHGGw9z0AfgQw33YodpX4Qc-row-1\" class=\"row-1 odd\"><th class=\"col-1 odd\"><div>MAINADERA<\/div><\/th><\/tr><\/thead><tbody>\n<\/tbody><\/table><\/td><td class=\"has-text-align-center\" data-align=\"center\"><table id=\"igsv-3-13bXJ3ReMj6vDK1xH-wAxQHGGw9z0AfgQw33YodpX4Qc\" class=\"igsv-table no-datatables\" lang=\"ca\" style=\"line-height:10px; border: none; text-align:\u00a0center;\"><thead>\n<tr id=\"igsv-3-13bXJ3ReMj6vDK1xH-wAxQHGGw9z0AfgQw33YodpX4Qc-row-1\" class=\"row-1 odd\"><th class=\"col-1 odd\"><div>MAINADERA<\/div><\/th><\/tr><\/thead><tbody>\n<\/tbody><\/table><\/td><td class=\"has-text-align-center\" data-align=\"center\"><table id=\"igsv-4-13bXJ3ReMj6vDK1xH-wAxQHGGw9z0AfgQw33YodpX4Qc\" class=\"igsv-table no-datatables\" lang=\"ca\" style=\"line-height:10px; border: none; text-align:\u00a0center;\"><thead>\n<tr id=\"igsv-4-13bXJ3ReMj6vDK1xH-wAxQHGGw9z0AfgQw33YodpX4Qc-row-1\" class=\"row-1 odd\"><th class=\"col-1 odd\"><div>MAINADERA<\/div><\/th><\/tr><\/thead><tbody>\n<\/tbody><\/table><\/td><\/tr><tr><td class=\"has-text-align-center\" data-align=\"center\">Migdia de 12h30 a 14h30<\/td><td class=\"has-text-align-center\" data-align=\"center\"><table id=\"igsv-5-13bXJ3ReMj6vDK1xH-wAxQHGGw9z0AfgQw33YodpX4Qc\" class=\"igsv-table no-datatables\" lang=\"ca\" style=\"line-height:10px; border: none; text-align:\u00a0center;\"><thead>\n<tr id=\"igsv-5-13bXJ3ReMj6vDK1xH-wAxQHGGw9z0AfgQw33YodpX4Qc-row-1\" class=\"row-1 odd\"><th class=\"col-1 odd\"><div>Instrument<\/div><\/th><\/tr><\/thead><tbody>\n<\/tbody><\/table><\/td><td class=\"has-text-align-center\" data-align=\"center\"><table id=\"igsv-6-13bXJ3ReMj6vDK1xH-wAxQHGGw9z0AfgQw33YodpX4Qc\" class=\"igsv-table no-datatables\" lang=\"ca\" style=\"line-height:10px; border: none; text-align:\u00a0center;\"><thead>\n<tr id=\"igsv-6-13bXJ3ReMj6vDK1xH-wAxQHGGw9z0AfgQw33YodpX4Qc-row-1\" class=\"row-1 odd\"><th class=\"col-1 odd\"><div>Instrument<\/div><\/th><\/tr><\/thead><tbody>\n<\/tbody><\/table><\/td><td class=\"has-text-align-center\" data-align=\"center\"><table id=\"igsv-7-13bXJ3ReMj6vDK1xH-wAxQHGGw9z0AfgQw33YodpX4Qc\" class=\"igsv-table no-datatables\" lang=\"ca\" style=\"line-height:10px; border: none; text-align:\u00a0center;\"><thead>\n<tr id=\"igsv-7-13bXJ3ReMj6vDK1xH-wAxQHGGw9z0AfgQw33YodpX4Qc-row-1\" class=\"row-1 odd\"><th class=\"col-1 odd\"><div>Instrument<\/div><\/th><\/tr><\/thead><tbody>\n<\/tbody><\/table><\/td><td class=\"has-text-align-center\" data-align=\"center\"><table id=\"igsv-8-13bXJ3ReMj6vDK1xH-wAxQHGGw9z0AfgQw33YodpX4Qc\" class=\"igsv-table no-datatables\" lang=\"ca\" style=\"line-height:10px; border: none; text-align:\u00a0center;\"><thead>\n<tr id=\"igsv-8-13bXJ3ReMj6vDK1xH-wAxQHGGw9z0AfgQw33YodpX4Qc-row-1\" class=\"row-1 odd\"><th class=\"col-1 odd\"><div>Instrument<\/div><\/th><\/tr><\/thead><tbody>\n<\/tbody><\/table><\/td><td class=\"has-text-align-center\" data-align=\"center\"><table id=\"igsv-9-13bXJ3ReMj6vDK1xH-wAxQHGGw9z0AfgQw33YodpX4Qc\" class=\"igsv-table no-datatables\" lang=\"ca\" style=\"line-height:10px; border: none; text-align:\u00a0center;\"><thead>\n<tr id=\"igsv-9-13bXJ3ReMj6vDK1xH-wAxQHGGw9z0AfgQw33YodpX4Qc-row-1\" class=\"row-1 odd\"><th class=\"col-1 odd\"><div>Instrument<\/div><\/th><\/tr><\/thead><tbody>\n<\/tbody><\/table><\/td><\/tr><tr><td class=\"has-text-align-center\" data-align=\"center\">Tarda de 16h a 17h o 17:15h<br>(comprovar taula que hi ha a continuaci\u00f3)<\/td><td class=\"has-text-align-center\" data-align=\"center\"><table id=\"igsv-10-13bXJ3ReMj6vDK1xH-wAxQHGGw9z0AfgQw33YodpX4Qc\" class=\"igsv-table no-datatables\" lang=\"ca\" style=\"line-height:10px; border: none; text-align:\u00a0center;\"><thead>\n<tr id=\"igsv-10-13bXJ3ReMj6vDK1xH-wAxQHGGw9z0AfgQw33YodpX4Qc-row-1\" class=\"row-1 odd\"><th class=\"col-1 odd\"><div>Angl\u00e8s 3r a 6\u00e8 (oct-juny) (dl-dx)<\/div><\/th><\/tr><\/thead><tbody>\n<tr id=\"igsv-10-13bXJ3ReMj6vDK1xH-wAxQHGGw9z0AfgQw33YodpX4Qc-row-2\" class=\"row-2 even\"><td class=\"col-1 odd\">B\u00e0squet<\/td><\/tr><tr id=\"igsv-10-13bXJ3ReMj6vDK1xH-wAxQHGGw9z0AfgQw33YodpX4Qc-row-3\" class=\"row-3 odd\"><td class=\"col-1 odd\">Espai Tarda<\/td><\/tr><tr id=\"igsv-10-13bXJ3ReMj6vDK1xH-wAxQHGGw9z0AfgQw33YodpX4Qc-row-4\" class=\"row-4 even\"><td class=\"col-1 odd\">Programaci\u00f3<\/td><\/tr><\/tbody><\/table><\/td><td class=\"has-text-align-center\" data-align=\"center\"><table id=\"igsv-11-13bXJ3ReMj6vDK1xH-wAxQHGGw9z0AfgQw33YodpX4Qc\" class=\"igsv-table no-datatables\" lang=\"ca\" style=\"line-height:10px; border: none; text-align:\u00a0center;\"><thead>\n<tr id=\"igsv-11-13bXJ3ReMj6vDK1xH-wAxQHGGw9z0AfgQw33YodpX4Qc-row-1\" class=\"row-1 odd\"><th class=\"col-1 odd\"><div>Angl\u00e8s 2n a 6\u00e8 (oct-juny) (dm-dj)<\/div><\/th><\/tr><\/thead><tbody>\n<tr id=\"igsv-11-13bXJ3ReMj6vDK1xH-wAxQHGGw9z0AfgQw33YodpX4Qc-row-2\" class=\"row-2 even\"><td class=\"col-1 odd\">Angl\u00e8s 2n a 6\u00e8 (set)<\/td><\/tr><tr id=\"igsv-11-13bXJ3ReMj6vDK1xH-wAxQHGGw9z0AfgQw33YodpX4Qc-row-3\" class=\"row-3 odd\"><td class=\"col-1 odd\">Espai Tarda<\/td><\/tr><tr id=\"igsv-11-13bXJ3ReMj6vDK1xH-wAxQHGGw9z0AfgQw33YodpX4Qc-row-4\" class=\"row-4 even\"><td class=\"col-1 odd\">Futbol<\/td><\/tr><tr id=\"igsv-11-13bXJ3ReMj6vDK1xH-wAxQHGGw9z0AfgQw33YodpX4Qc-row-5\" class=\"row-5 odd\"><td class=\"col-1 odd\">R\u00edtmica<\/td><\/tr><tr id=\"igsv-11-13bXJ3ReMj6vDK1xH-wAxQHGGw9z0AfgQw33YodpX4Qc-row-6\" class=\"row-6 even\"><td class=\"col-1 odd\">Voleibol<\/td><\/tr><\/tbody><\/table><\/td><td class=\"has-text-align-center\" data-align=\"center\"><table id=\"igsv-12-13bXJ3ReMj6vDK1xH-wAxQHGGw9z0AfgQw33YodpX4Qc\" class=\"igsv-table no-datatables\" lang=\"ca\" style=\"line-height:10px; border: none; text-align:\u00a0center;\"><thead>\n<tr id=\"igsv-12-13bXJ3ReMj6vDK1xH-wAxQHGGw9z0AfgQw33YodpX4Qc-row-1\" class=\"row-1 odd\"><th class=\"col-1 odd\"><div>Angl\u00e8s 3r a 6\u00e8 (oct-juny) (dl-dx)<\/div><\/th><\/tr><\/thead><tbody>\n<tr id=\"igsv-12-13bXJ3ReMj6vDK1xH-wAxQHGGw9z0AfgQw33YodpX4Qc-row-2\" class=\"row-2 even\"><td class=\"col-1 odd\">B\u00e0squet<\/td><\/tr><tr id=\"igsv-12-13bXJ3ReMj6vDK1xH-wAxQHGGw9z0AfgQw33YodpX4Qc-row-3\" class=\"row-3 odd\"><td class=\"col-1 odd\">Espai Tarda<\/td><\/tr><tr id=\"igsv-12-13bXJ3ReMj6vDK1xH-wAxQHGGw9z0AfgQw33YodpX4Qc-row-4\" class=\"row-4 even\"><td class=\"col-1 odd\">Teatre 5\u00e8 i 6\u00e8<\/td><\/tr><\/tbody><\/table><\/td><td class=\"has-text-align-center\" data-align=\"center\"><table id=\"igsv-13-13bXJ3ReMj6vDK1xH-wAxQHGGw9z0AfgQw33YodpX4Qc\" class=\"igsv-table no-datatables\" lang=\"ca\" style=\"line-height:10px; border: none; text-align:\u00a0center;\"><thead>\n<tr id=\"igsv-13-13bXJ3ReMj6vDK1xH-wAxQHGGw9z0AfgQw33YodpX4Qc-row-1\" class=\"row-1 odd\"><th class=\"col-1 odd\"><div>Angl\u00e8s 2n a 6\u00e8 (oct-juny) (dm-dj)<\/div><\/th><\/tr><\/thead><tbody>\n<tr id=\"igsv-13-13bXJ3ReMj6vDK1xH-wAxQHGGw9z0AfgQw33YodpX4Qc-row-2\" class=\"row-2 even\"><td class=\"col-1 odd\">Angl\u00e8s 2n a 6\u00e8 (set)<\/td><\/tr><tr id=\"igsv-13-13bXJ3ReMj6vDK1xH-wAxQHGGw9z0AfgQw33YodpX4Qc-row-3\" class=\"row-3 odd\"><td class=\"col-1 odd\">Espai Tarda<\/td><\/tr><tr id=\"igsv-13-13bXJ3ReMj6vDK1xH-wAxQHGGw9z0AfgQw33YodpX4Qc-row-4\" class=\"row-4 even\"><td class=\"col-1 odd\">Futbol<\/td><\/tr><tr id=\"igsv-13-13bXJ3ReMj6vDK1xH-wAxQHGGw9z0AfgQw33YodpX4Qc-row-5\" class=\"row-5 odd\"><td class=\"col-1 odd\">Taller de cuina<\/td><\/tr><\/tbody><\/table><\/td><td class=\"has-text-align-center\" data-align=\"center\"><table id=\"igsv-14-13bXJ3ReMj6vDK1xH-wAxQHGGw9z0AfgQw33YodpX4Qc\" class=\"igsv-table no-datatables\" lang=\"ca\" style=\"line-height:10px; border: none; text-align:\u00a0center;\"><thead>\n<tr id=\"igsv-14-13bXJ3ReMj6vDK1xH-wAxQHGGw9z0AfgQw33YodpX4Qc-row-1\" class=\"row-1 odd\"><th class=\"col-1 odd\"><div>Escacs<\/div><\/th><\/tr><\/thead><tbody>\n<tr id=\"igsv-14-13bXJ3ReMj6vDK1xH-wAxQHGGw9z0AfgQw33YodpX4Qc-row-2\" class=\"row-2 even\"><td class=\"col-1 odd\">Espai Tarda<\/td><\/tr><tr id=\"igsv-14-13bXJ3ReMj6vDK1xH-wAxQHGGw9z0AfgQw33YodpX4Qc-row-3\" class=\"row-3 odd\"><td class=\"col-1 odd\">Judo<\/td><\/tr><tr id=\"igsv-14-13bXJ3ReMj6vDK1xH-wAxQHGGw9z0AfgQw33YodpX4Qc-row-4\" class=\"row-4 even\"><td class=\"col-1 odd\">Patinatge<\/td><\/tr><tr id=\"igsv-14-13bXJ3ReMj6vDK1xH-wAxQHGGw9z0AfgQw33YodpX4Qc-row-5\" class=\"row-5 odd\"><td class=\"col-1 odd\">C\u00f2mic<\/td><\/tr><\/tbody><\/table><\/td><\/tr><\/tbody><\/table><br>* Segons extraescolar acaba a 17h o 17:15h, consultar taula que hi ha a continuaci\u00f3<br><\/figure>\n<\/div>\n<\/div><\/div>\n\n\n\n<p class=\"is-style-stripes\"><table id=\"igsv-15-13bXJ3ReMj6vDK1xH-wAxQHGGw9z0AfgQw33YodpX4Qc\" class=\"igsv-table\" lang=\"ca\" style=\"line-height:30px; padding:\u00a015px; border-bottom:\u00a01px solid #ddd; border: 1px solid black; text-align: left;width:100%;vertical-align:\u00a0top\" data-buttons=',,,,' data-ordering='false' data-paging='false' data-searching='false' ><thead>\n<tr id=\"igsv-15-13bXJ3ReMj6vDK1xH-wAxQHGGw9z0AfgQw33YodpX4Qc-row-1\" class=\"row-1 odd\"><th class=\"col-1 odd\"><div>Activitat<\/div><\/th><th class=\"col-2 even\"><div>Quota mensual 2024-25<\/div><\/th><th class=\"col-3 odd\"><div>Dies a que d\u00f3na dret la quota<\/div><\/th><th class=\"col-4 even\"><div>Dies<\/div><\/th><th class=\"col-5 odd\"><div>Horari<\/div><\/th><\/tr><\/thead><tbody>\n<tr id=\"igsv-15-13bXJ3ReMj6vDK1xH-wAxQHGGw9z0AfgQw33YodpX4Qc-row-2\" class=\"row-2 even\"><td class=\"col-1 odd\">Angl\u00e8s 2n a 6\u00e8 (oct-juny) (dm-dj)<\/td><td class=\"col-2 even\">46 \u20ac (+30 octubre llibre)<\/td><td class=\"col-3 odd\">2 dies\/setmana<\/td><td class=\"col-4 even\">Dimarts i Dijous<\/td><td class=\"col-5 odd\">Tarda de 16h a 17h15<\/td><\/tr><tr id=\"igsv-15-13bXJ3ReMj6vDK1xH-wAxQHGGw9z0AfgQw33YodpX4Qc-row-3\" class=\"row-3 odd\"><td class=\"col-1 odd\">Angl\u00e8s 2n a 6\u00e8 (set)<\/td><td class=\"col-2 even\">22 \u20ac<\/td><td class=\"col-3 odd\">2 dies\/setmana<\/td><td class=\"col-4 even\">Dimarts i Dijous<\/td><td class=\"col-5 odd\">Tarda de 16h a 17h15<\/td><\/tr><tr id=\"igsv-15-13bXJ3ReMj6vDK1xH-wAxQHGGw9z0AfgQw33YodpX4Qc-row-4\" class=\"row-4 even\"><td class=\"col-1 odd\">Angl\u00e8s 3r a 6\u00e8 (oct-juny) (dl-dx)<\/td><td class=\"col-2 even\">46 \u20ac (+30 octubre llibre)<\/td><td class=\"col-3 odd\">2 dies\/setmana<\/td><td class=\"col-4 even\">Dilluns i Dimecres<\/td><td class=\"col-5 odd\">Tarda de 16h a 17h15<\/td><\/tr><tr id=\"igsv-15-13bXJ3ReMj6vDK1xH-wAxQHGGw9z0AfgQw33YodpX4Qc-row-5\" class=\"row-5 odd\"><td class=\"col-1 odd\">B\u00e0squet<\/td><td class=\"col-2 even\">42 \u20ac \/ 44 \u20ac (CEEB)<\/td><td class=\"col-3 odd\">2 dies\/setmana<\/td><td class=\"col-4 even\">Dilluns i Dimecres<\/td><td class=\"col-5 odd\">Tarda de 16h a 17h15<\/td><\/tr><tr id=\"igsv-15-13bXJ3ReMj6vDK1xH-wAxQHGGw9z0AfgQw33YodpX4Qc-row-6\" class=\"row-6 even\"><td class=\"col-1 odd\">Escacs<\/td><td class=\"col-2 even\">26 \u20ac<\/td><td class=\"col-3 odd\">1 dia\/setmana<\/td><td class=\"col-4 even\">Divendres<\/td><td class=\"col-5 odd\">Tarda de 16h a 17h15<\/td><\/tr><tr id=\"igsv-15-13bXJ3ReMj6vDK1xH-wAxQHGGw9z0AfgQw33YodpX4Qc-row-7\" class=\"row-7 odd\"><td class=\"col-1 odd\">Espai Tarda<\/td><td class=\"col-2 even\">17,00 \u20ac<br \/>\n27,00 \u20ac<br \/>\n35,00 \u20ac<br \/>\n41,00 \u20ac<br \/>\n45,00 \u20ac<br \/>\n5 \u20ac<\/td><td class=\"col-3 odd\">1 dia\/setmana<br \/>\n2 dies\/setmana<br \/>\n3 dies\/setmana<br \/>\n4 dies\/setmana<br \/>\n5 dies\/setmana<br \/>\npuntual<\/td><td class=\"col-4 even\">Tots<\/td><td class=\"col-5 odd\">Tarda de 16h a 17h15<\/td><\/tr><tr id=\"igsv-15-13bXJ3ReMj6vDK1xH-wAxQHGGw9z0AfgQw33YodpX4Qc-row-8\" class=\"row-8 even\"><td class=\"col-1 odd\">Futbol<\/td><td class=\"col-2 even\">42 \u20ac \/ 44 \u20ac (CEEB)<\/td><td class=\"col-3 odd\">2 dies\/setmana<\/td><td class=\"col-4 even\">Dimarts i Dijous<\/td><td class=\"col-5 odd\">Tarda de 16h a 17h15<\/td><\/tr><tr id=\"igsv-15-13bXJ3ReMj6vDK1xH-wAxQHGGw9z0AfgQw33YodpX4Qc-row-9\" class=\"row-9 odd\"><td class=\"col-1 odd\">Instrument<\/td><td class=\"col-2 even\">61 \u20ac (42 \u20ac compartida 1r o 2n)<br \/>\n 106 \u20ac<\/td><td class=\"col-3 odd\">30 minuts\/setmana<br \/>\n1 hora\/setmana<\/td><td class=\"col-4 even\">Tots<\/td><td class=\"col-5 odd\">Migdia de 12h30 a 14h30 (1h o 30min)<\/td><\/tr><tr id=\"igsv-15-13bXJ3ReMj6vDK1xH-wAxQHGGw9z0AfgQw33YodpX4Qc-row-10\" class=\"row-10 even\"><td class=\"col-1 odd\">Judo<\/td><td class=\"col-2 even\">26 \u20ac<\/td><td class=\"col-3 odd\">1 dia\/setmana<\/td><td class=\"col-4 even\">Divendres<\/td><td class=\"col-5 odd\">Tarda de 16h a 17h15<\/td><\/tr><tr id=\"igsv-15-13bXJ3ReMj6vDK1xH-wAxQHGGw9z0AfgQw33YodpX4Qc-row-11\" class=\"row-11 odd\"><td class=\"col-1 odd\">MAINADERA<\/td><td class=\"col-2 even\">28\u20ac (1r germ\u00e0) \/23\u20ac (2n germ\u00e0) \/0\u20ac (3r germ\u00e0)<br \/>\n 5 \u20ac<\/td><td class=\"col-3 odd\">5 dies\/setmana<br \/>\npuntual<\/td><td class=\"col-4 even\">Tots<\/td><td class=\"col-5 odd\">Mat\u00ed de 7h30 a 8h45<\/td><\/tr><tr id=\"igsv-15-13bXJ3ReMj6vDK1xH-wAxQHGGw9z0AfgQw33YodpX4Qc-row-12\" class=\"row-12 even\"><td class=\"col-1 odd\">Patinatge<\/td><td class=\"col-2 even\">26 \u20ac<\/td><td class=\"col-3 odd\">1 dia\/setmana<\/td><td class=\"col-4 even\">Divendres<\/td><td class=\"col-5 odd\">Tarda de 16h a 17h15<\/td><\/tr><tr id=\"igsv-15-13bXJ3ReMj6vDK1xH-wAxQHGGw9z0AfgQw33YodpX4Qc-row-13\" class=\"row-13 odd\"><td class=\"col-1 odd\">R\u00edtmica<\/td><td class=\"col-2 even\">26 \u20ac<\/td><td class=\"col-3 odd\">1 dia\/setmana<\/td><td class=\"col-4 even\">Dimarts<\/td><td class=\"col-5 odd\">Tarda de 16h a 17h15<\/td><\/tr><tr id=\"igsv-15-13bXJ3ReMj6vDK1xH-wAxQHGGw9z0AfgQw33YodpX4Qc-row-14\" class=\"row-14 even\"><td class=\"col-1 odd\">C\u00f2mic<\/td><td class=\"col-2 even\">26 \u20ac<\/td><td class=\"col-3 odd\">1 dia\/setmana<\/td><td class=\"col-4 even\">Divendres<\/td><td class=\"col-5 odd\">Tarda de 16h a 17h15<\/td><\/tr><tr id=\"igsv-15-13bXJ3ReMj6vDK1xH-wAxQHGGw9z0AfgQw33YodpX4Qc-row-15\" class=\"row-15 odd\"><td class=\"col-1 odd\">Teatre 5\u00e8 i 6\u00e8<\/td><td class=\"col-2 even\">26 \u20ac<\/td><td class=\"col-3 odd\">1 dia\/setmana<\/td><td class=\"col-4 even\">Dimecres<\/td><td class=\"col-5 odd\">Tarda de 16h a 17h15<\/td><\/tr><tr id=\"igsv-15-13bXJ3ReMj6vDK1xH-wAxQHGGw9z0AfgQw33YodpX4Qc-row-16\" class=\"row-16 even\"><td class=\"col-1 odd\">Voleibol<\/td><td class=\"col-2 even\">25 \u20ac<\/td><td class=\"col-3 odd\">1 dia\/setmana<\/td><td class=\"col-4 even\">Dimarts<\/td><td class=\"col-5 odd\">Tarda de 16h a 17h15<\/td><\/tr><tr id=\"igsv-15-13bXJ3ReMj6vDK1xH-wAxQHGGw9z0AfgQw33YodpX4Qc-row-17\" class=\"row-17 odd\"><td class=\"col-1 odd\">Taller de cuina<\/td><td class=\"col-2 even\">36\u20ac<\/td><td class=\"col-3 odd\">1 dia\/setmana<\/td><td class=\"col-4 even\">Dijous<\/td><td class=\"col-5 odd\">Tarda de 16h a 17h15<\/td><\/tr><tr id=\"igsv-15-13bXJ3ReMj6vDK1xH-wAxQHGGw9z0AfgQw33YodpX4Qc-row-18\" class=\"row-18 even\"><td class=\"col-1 odd\">Programaci\u00f3<\/td><td class=\"col-2 even\">45\u20ac<\/td><td class=\"col-3 odd\">1 dia\/setmana<\/td><td class=\"col-4 even\">Dilluns<\/td><td class=\"col-5 odd\">Tarda de 16h a 17h15<\/td><\/tr><\/tbody><\/table><\/p>\n","protected":false},"excerpt":{"rendered":"<p>Horari Dilluns Dimarts Dimecres Dijous Divendres Mat\u00ed de 7h30 a 9h Migdia de 12h30 a 14h30 Tarda de 16h a 17h o 17:15h(comprovar taula que hi ha a continuaci\u00f3) * Segons extraescolar acaba a 17h o 17:15h, consultar taula que hi ha a continuaci\u00f3<\/p>\n","protected":false},"author":1,"featured_media":0,"parent":0,"menu_order":0,"comment_status":"closed","ping_status":"closed","template":"page-templates\/template-fullwidth.php","meta":{"footnotes":""},"class_list":["post-1291","page","type-page","status-publish","hentry"],"post_mailing_queue_ids":[],"_links":{"self":[{"href":"https:\/\/www.afaescolabarcelona.cat\/index.php\/wp-json\/wp\/v2\/pages\/1291","targetHints":{"allow":["GET"]}}],"collection":[{"href":"https:\/\/www.afaescolabarcelona.cat\/index.php\/wp-json\/wp\/v2\/pages"}],"about":[{"href":"https:\/\/www.afaescolabarcelona.cat\/index.php\/wp-json\/wp\/v2\/types\/page"}],"author":[{"embeddable":true,"href":"https:\/\/www.afaescolabarcelona.cat\/index.php\/wp-json\/wp\/v2\/users\/1"}],"replies":[{"embeddable":true,"href":"https:\/\/www.afaescolabarcelona.cat\/index.php\/wp-json\/wp\/v2\/comments?post=1291"}],"version-history":[{"count":4,"href":"https:\/\/www.afaescolabarcelona.cat\/index.php\/wp-json\/wp\/v2\/pages\/1291\/revisions"}],"predecessor-version":[{"id":2526,"href":"https:\/\/www.afaescolabarcelona.cat\/index.php\/wp-json\/wp\/v2\/pages\/1291\/revisions\/2526"}],"wp:attachment":[{"href":"https:\/\/www.afaescolabarcelona.cat\/index.php\/wp-json\/wp\/v2\/media?parent=1291"}],"curies":[{"name":"wp","href":"https:\/\/api.w.org\/{rel}","templated":true}]}}