{"id":1293,"date":"2020-07-08T23:16:09","date_gmt":"2020-07-08T22:16:09","guid":{"rendered":"http:\/\/afaescolabarcelona.cat\/?page_id=1293"},"modified":"2023-10-04T14:00:31","modified_gmt":"2023-10-04T13:00:31","slug":"activitats-p4","status":"publish","type":"page","link":"https:\/\/www.afaescolabarcelona.cat\/index.php\/activitats-p4\/","title":{"rendered":"Activitats Extraescolars I4"},"content":{"rendered":"\n<div class=\"wp-block-themeisle-blocks-advanced-columns alignwide has-1-columns has-desktop-equal-layout has-tablet-equal-layout has-mobile-equal-layout has-default-gap has-vertical-flex-start\" id=\"wp-block-themeisle-blocks-advanced-columns-c039ef27\"><div class=\"wp-block-themeisle-blocks-advanced-columns-overlay\"><\/div><div class=\"innerblocks-wrap\">\n<div class=\"wp-block-themeisle-blocks-advanced-column\" id=\"wp-block-themeisle-blocks-advanced-column-3507eea8\">\n<figure class=\"wp-block-table alignwide is-style-regular\"><table><thead><tr><th class=\"has-text-align-center\" data-align=\"center\">Horari<\/th><th class=\"has-text-align-center\" data-align=\"center\">Dilluns<\/th><th class=\"has-text-align-center\" data-align=\"center\">Dimarts<\/th><th class=\"has-text-align-center\" data-align=\"center\">Dimecres<\/th><th class=\"has-text-align-center\" data-align=\"center\">Dijous<\/th><th class=\"has-text-align-center\" data-align=\"center\">Divendres<\/th><\/tr><\/thead><tbody><tr><td class=\"has-text-align-center\" data-align=\"center\">Mat\u00ed de 7h30 a 9h<\/td><td class=\"has-text-align-center\" data-align=\"center\"><table id=\"igsv-13bXJ3ReMj6vDK1xH-wAxQHGGw9z0AfgQw33YodpX4Qc\" class=\"igsv-table no-datatables\" lang=\"ca\" style=\"line-height:10px; border: none; text-align:\u00a0center;\"><thead>\n<tr id=\"igsv-13bXJ3ReMj6vDK1xH-wAxQHGGw9z0AfgQw33YodpX4Qc-row-1\" class=\"row-1 odd\"><th class=\"col-1 odd\"><div>MAINADERA<\/div><\/th><\/tr><\/thead><tbody>\n<\/tbody><\/table><\/td><td class=\"has-text-align-center\" data-align=\"center\"><table id=\"igsv-1-13bXJ3ReMj6vDK1xH-wAxQHGGw9z0AfgQw33YodpX4Qc\" class=\"igsv-table no-datatables\" lang=\"ca\" style=\"line-height:10px; border: none; text-align:\u00a0center;\"><thead>\n<tr id=\"igsv-1-13bXJ3ReMj6vDK1xH-wAxQHGGw9z0AfgQw33YodpX4Qc-row-1\" class=\"row-1 odd\"><th class=\"col-1 odd\"><div>MAINADERA<\/div><\/th><\/tr><\/thead><tbody>\n<\/tbody><\/table><\/td><td class=\"has-text-align-center\" data-align=\"center\"><table id=\"igsv-2-13bXJ3ReMj6vDK1xH-wAxQHGGw9z0AfgQw33YodpX4Qc\" class=\"igsv-table no-datatables\" lang=\"ca\" style=\"line-height:10px; border: none; text-align:\u00a0center;\"><thead>\n<tr id=\"igsv-2-13bXJ3ReMj6vDK1xH-wAxQHGGw9z0AfgQw33YodpX4Qc-row-1\" class=\"row-1 odd\"><th class=\"col-1 odd\"><div>MAINADERA<\/div><\/th><\/tr><\/thead><tbody>\n<\/tbody><\/table><\/td><td class=\"has-text-align-center\" data-align=\"center\"><table id=\"igsv-3-13bXJ3ReMj6vDK1xH-wAxQHGGw9z0AfgQw33YodpX4Qc\" class=\"igsv-table no-datatables\" lang=\"ca\" style=\"line-height:10px; border: none; text-align:\u00a0center;\"><thead>\n<tr id=\"igsv-3-13bXJ3ReMj6vDK1xH-wAxQHGGw9z0AfgQw33YodpX4Qc-row-1\" class=\"row-1 odd\"><th class=\"col-1 odd\"><div>MAINADERA<\/div><\/th><\/tr><\/thead><tbody>\n<\/tbody><\/table><\/td><td class=\"has-text-align-center\" data-align=\"center\"><table id=\"igsv-4-13bXJ3ReMj6vDK1xH-wAxQHGGw9z0AfgQw33YodpX4Qc\" class=\"igsv-table no-datatables\" lang=\"ca\" style=\"line-height:10px; border: none; text-align:\u00a0center;\"><thead>\n<tr id=\"igsv-4-13bXJ3ReMj6vDK1xH-wAxQHGGw9z0AfgQw33YodpX4Qc-row-1\" class=\"row-1 odd\"><th class=\"col-1 odd\"><div>MAINADERA<\/div><\/th><\/tr><\/thead><tbody>\n<\/tbody><\/table><\/td><\/tr><tr><td class=\"has-text-align-center\" data-align=\"center\">Migdia de 12h30 a 14h30<\/td><td class=\"has-text-align-center\" data-align=\"center\"><table id=\"igsv-5-13bXJ3ReMj6vDK1xH-wAxQHGGw9z0AfgQw33YodpX4Qc\" class=\"igsv-table no-datatables\" lang=\"ca\" style=\"line-height:10px; border: none; text-align:\u00a0center;\"><thead>\n<\/thead><tbody>\n<\/tbody><\/table><\/td><td class=\"has-text-align-center\" data-align=\"center\"><table id=\"igsv-6-13bXJ3ReMj6vDK1xH-wAxQHGGw9z0AfgQw33YodpX4Qc\" class=\"igsv-table no-datatables\" lang=\"ca\" style=\"line-height:10px; border: none; text-align:\u00a0center;\"><thead>\n<\/thead><tbody>\n<\/tbody><\/table><\/td><td class=\"has-text-align-center\" data-align=\"center\"><table id=\"igsv-7-13bXJ3ReMj6vDK1xH-wAxQHGGw9z0AfgQw33YodpX4Qc\" class=\"igsv-table no-datatables\" lang=\"ca\" style=\"line-height:10px; border: none; text-align:\u00a0center;\"><thead>\n<\/thead><tbody>\n<\/tbody><\/table><\/td><td class=\"has-text-align-center\" data-align=\"center\"><table id=\"igsv-8-13bXJ3ReMj6vDK1xH-wAxQHGGw9z0AfgQw33YodpX4Qc\" class=\"igsv-table no-datatables\" lang=\"ca\" style=\"line-height:10px; border: none; text-align:\u00a0center;\"><thead>\n<\/thead><tbody>\n<\/tbody><\/table><\/td><td class=\"has-text-align-center\" data-align=\"center\"><table id=\"igsv-9-13bXJ3ReMj6vDK1xH-wAxQHGGw9z0AfgQw33YodpX4Qc\" class=\"igsv-table no-datatables\" lang=\"ca\" style=\"line-height:10px; border: none; text-align:\u00a0center;\"><thead>\n<\/thead><tbody>\n<\/tbody><\/table><\/td><\/tr><tr><td class=\"has-text-align-center\" data-align=\"center\">Tarda de 16h a 17h o 17:15h<br>(comprovar taula que hi ha a continuaci\u00f3)<\/td><td class=\"has-text-align-center\" data-align=\"center\"><table id=\"igsv-10-13bXJ3ReMj6vDK1xH-wAxQHGGw9z0AfgQw33YodpX4Qc\" class=\"igsv-table no-datatables\" lang=\"ca\" style=\"line-height:10px; border: none; text-align:\u00a0center;\"><thead>\n<tr id=\"igsv-10-13bXJ3ReMj6vDK1xH-wAxQHGGw9z0AfgQw33YodpX4Qc-row-1\" class=\"row-1 odd\"><th class=\"col-1 odd\"><div>Espai Tarda<\/div><\/th><\/tr><\/thead><tbody>\n<tr id=\"igsv-10-13bXJ3ReMj6vDK1xH-wAxQHGGw9z0AfgQw33YodpX4Qc-row-2\" class=\"row-2 even\"><td class=\"col-1 odd\">Piscina<\/td><\/tr><tr id=\"igsv-10-13bXJ3ReMj6vDK1xH-wAxQHGGw9z0AfgQw33YodpX4Qc-row-3\" class=\"row-3 odd\"><td class=\"col-1 odd\">Circ<\/td><\/tr><\/tbody><\/table><\/td><td class=\"has-text-align-center\" data-align=\"center\"><table id=\"igsv-11-13bXJ3ReMj6vDK1xH-wAxQHGGw9z0AfgQw33YodpX4Qc\" class=\"igsv-table no-datatables\" lang=\"ca\" style=\"line-height:10px; border: none; text-align:\u00a0center;\"><thead>\n<tr id=\"igsv-11-13bXJ3ReMj6vDK1xH-wAxQHGGw9z0AfgQw33YodpX4Qc-row-1\" class=\"row-1 odd\"><th class=\"col-1 odd\"><div>Ballem dansa<\/div><\/th><\/tr><\/thead><tbody>\n<tr id=\"igsv-11-13bXJ3ReMj6vDK1xH-wAxQHGGw9z0AfgQw33YodpX4Qc-row-2\" class=\"row-2 even\"><td class=\"col-1 odd\">Espai Tarda<\/td><\/tr><\/tbody><\/table><\/td><td class=\"has-text-align-center\" data-align=\"center\"><table id=\"igsv-12-13bXJ3ReMj6vDK1xH-wAxQHGGw9z0AfgQw33YodpX4Qc\" class=\"igsv-table no-datatables\" lang=\"ca\" style=\"line-height:10px; border: none; text-align:\u00a0center;\"><thead>\n<tr id=\"igsv-12-13bXJ3ReMj6vDK1xH-wAxQHGGw9z0AfgQw33YodpX4Qc-row-1\" class=\"row-1 odd\"><th class=\"col-1 odd\"><div>Angl\u00e8s I4<\/div><\/th><\/tr><\/thead><tbody>\n<tr id=\"igsv-12-13bXJ3ReMj6vDK1xH-wAxQHGGw9z0AfgQw33YodpX4Qc-row-2\" class=\"row-2 even\"><td class=\"col-1 odd\">Espai Tarda<\/td><\/tr><tr id=\"igsv-12-13bXJ3ReMj6vDK1xH-wAxQHGGw9z0AfgQw33YodpX4Qc-row-3\" class=\"row-3 odd\"><td class=\"col-1 odd\">Sensibilitzaci\u00f3 musical<\/td><\/tr><\/tbody><\/table><\/td><td class=\"has-text-align-center\" data-align=\"center\"><table id=\"igsv-13-13bXJ3ReMj6vDK1xH-wAxQHGGw9z0AfgQw33YodpX4Qc\" class=\"igsv-table no-datatables\" lang=\"ca\" style=\"line-height:10px; border: none; text-align:\u00a0center;\"><thead>\n<tr id=\"igsv-13-13bXJ3ReMj6vDK1xH-wAxQHGGw9z0AfgQw33YodpX4Qc-row-1\" class=\"row-1 odd\"><th class=\"col-1 odd\"><div>Espai Tarda<\/div><\/th><\/tr><\/thead><tbody>\n<tr id=\"igsv-13-13bXJ3ReMj6vDK1xH-wAxQHGGw9z0AfgQw33YodpX4Qc-row-2\" class=\"row-2 even\"><td class=\"col-1 odd\">Teatre I4-I5<\/td><\/tr><\/tbody><\/table><\/td><td class=\"has-text-align-center\" data-align=\"center\"><table id=\"igsv-14-13bXJ3ReMj6vDK1xH-wAxQHGGw9z0AfgQw33YodpX4Qc\" class=\"igsv-table no-datatables\" lang=\"ca\" style=\"line-height:10px; border: none; text-align:\u00a0center;\"><thead>\n<tr id=\"igsv-14-13bXJ3ReMj6vDK1xH-wAxQHGGw9z0AfgQw33YodpX4Qc-row-1\" class=\"row-1 odd\"><th class=\"col-1 odd\"><div>Atelier<\/div><\/th><\/tr><\/thead><tbody>\n<tr id=\"igsv-14-13bXJ3ReMj6vDK1xH-wAxQHGGw9z0AfgQw33YodpX4Qc-row-2\" class=\"row-2 even\"><td class=\"col-1 odd\">Espai Tarda<\/td><\/tr><tr id=\"igsv-14-13bXJ3ReMj6vDK1xH-wAxQHGGw9z0AfgQw33YodpX4Qc-row-3\" class=\"row-3 odd\"><td class=\"col-1 odd\">Pre Esport<\/td><\/tr><\/tbody><\/table><\/td><\/tr><\/tbody><\/table><br>* Segons extraescolar acaba a 17h o 17:15h, consultar taula que hi ha a continuaci\u00f3<br><\/figure>\n<\/div>\n<\/div><\/div>\n\n\n\n<p class=\"is-style-stripes\"><table id=\"igsv-15-13bXJ3ReMj6vDK1xH-wAxQHGGw9z0AfgQw33YodpX4Qc\" class=\"igsv-table\" lang=\"ca\" style=\"line-height:30px; padding:\u00a015px; border-bottom:\u00a01px solid #ddd; border: 1px solid black; text-align: left;width:100%;vertical-align:\u00a0top\" data-buttons=',,,,' data-ordering='false' data-paging='false' data-searching='false' ><thead>\n<tr id=\"igsv-15-13bXJ3ReMj6vDK1xH-wAxQHGGw9z0AfgQw33YodpX4Qc-row-1\" class=\"row-1 odd\"><th class=\"col-1 odd\"><div>Activitat<\/div><\/th><th class=\"col-2 even\"><div>Quota mensual 2024-25<\/div><\/th><th class=\"col-3 odd\"><div>Dies a que d\u00f3na dret la quota<\/div><\/th><th class=\"col-4 even\"><div>Dies<\/div><\/th><th class=\"col-5 odd\"><div>Horari<\/div><\/th><\/tr><\/thead><tbody>\n<tr id=\"igsv-15-13bXJ3ReMj6vDK1xH-wAxQHGGw9z0AfgQw33YodpX4Qc-row-2\" class=\"row-2 even\"><td class=\"col-1 odd\">Angl\u00e8s I4<\/td><td class=\"col-2 even\">26 \u20ac (+10 octubre material curs)<\/td><td class=\"col-3 odd\">1 dia\/setmana<\/td><td class=\"col-4 even\">Dimecres<\/td><td class=\"col-5 odd\">Tarda de 16h a 17h<\/td><\/tr><tr id=\"igsv-15-13bXJ3ReMj6vDK1xH-wAxQHGGw9z0AfgQw33YodpX4Qc-row-3\" class=\"row-3 odd\"><td class=\"col-1 odd\">Atelier<\/td><td class=\"col-2 even\">26 \u20ac<\/td><td class=\"col-3 odd\">1 dia\/setmana<\/td><td class=\"col-4 even\">Divendres<\/td><td class=\"col-5 odd\">Tarda de 16h a 17h15<\/td><\/tr><tr id=\"igsv-15-13bXJ3ReMj6vDK1xH-wAxQHGGw9z0AfgQw33YodpX4Qc-row-4\" class=\"row-4 even\"><td class=\"col-1 odd\">Ballem dansa<\/td><td class=\"col-2 even\">26 \u20ac<\/td><td class=\"col-3 odd\">1 dia\/setmana<\/td><td class=\"col-4 even\">Dimarts<\/td><td class=\"col-5 odd\">Tarda de 16h a 17h15<\/td><\/tr><tr id=\"igsv-15-13bXJ3ReMj6vDK1xH-wAxQHGGw9z0AfgQw33YodpX4Qc-row-5\" class=\"row-5 odd\"><td class=\"col-1 odd\">Espai Tarda<\/td><td class=\"col-2 even\">17,00 \u20ac<br \/>\n27,00 \u20ac<br \/>\n35,00 \u20ac<br \/>\n41,00 \u20ac<br \/>\n45,00 \u20ac<br \/>\n5 \u20ac<\/td><td class=\"col-3 odd\">1 dia\/setmana<br \/>\n2 dies\/setmana<br \/>\n3 dies\/setmana<br \/>\n4 dies\/setmana<br \/>\n5 dies\/setmana<br \/>\npuntual<\/td><td class=\"col-4 even\">Tots<\/td><td class=\"col-5 odd\">Tarda de 16h a 17h15<\/td><\/tr><tr id=\"igsv-15-13bXJ3ReMj6vDK1xH-wAxQHGGw9z0AfgQw33YodpX4Qc-row-6\" class=\"row-6 even\"><td class=\"col-1 odd\">Pre Esport<\/td><td class=\"col-2 even\">26 \u20ac<\/td><td class=\"col-3 odd\">1 dia\/setmana<\/td><td class=\"col-4 even\">Divendres<\/td><td class=\"col-5 odd\">Tarda de 16h a 17h15<\/td><\/tr><tr id=\"igsv-15-13bXJ3ReMj6vDK1xH-wAxQHGGw9z0AfgQw33YodpX4Qc-row-7\" class=\"row-7 odd\"><td class=\"col-1 odd\">MAINADERA<\/td><td class=\"col-2 even\">28\u20ac (1r germ\u00e0) \/23\u20ac (2n germ\u00e0) \/0\u20ac (3r germ\u00e0)<br \/>\n 5 \u20ac<\/td><td class=\"col-3 odd\">5 dies\/setmana<br \/>\npuntual<\/td><td class=\"col-4 even\">Tots<\/td><td class=\"col-5 odd\">Mat\u00ed de 7h30 a 8h45<\/td><\/tr><tr id=\"igsv-15-13bXJ3ReMj6vDK1xH-wAxQHGGw9z0AfgQw33YodpX4Qc-row-8\" class=\"row-8 even\"><td class=\"col-1 odd\">Teatre I4-I5<\/td><td class=\"col-2 even\">26 \u20ac<\/td><td class=\"col-3 odd\">1 dia\/setmana<\/td><td class=\"col-4 even\">Dijous<\/td><td class=\"col-5 odd\">Tarda de 16h a 17h15<\/td><\/tr><tr id=\"igsv-15-13bXJ3ReMj6vDK1xH-wAxQHGGw9z0AfgQw33YodpX4Qc-row-9\" class=\"row-9 odd\"><td class=\"col-1 odd\">Piscina<\/td><td class=\"col-2 even\">167 \u20ac (trimestre) 112 \u20ac (bimestre)<\/td><td class=\"col-3 odd\">1 dia\/setmana<\/td><td class=\"col-4 even\">Dilluns<\/td><td class=\"col-5 odd\">Tarda de 16:00h a 17:45h<\/td><\/tr><tr id=\"igsv-15-13bXJ3ReMj6vDK1xH-wAxQHGGw9z0AfgQw33YodpX4Qc-row-10\" class=\"row-10 even\"><td class=\"col-1 odd\">Sensibilitzaci\u00f3 musical<\/td><td class=\"col-2 even\">35 \u20ac<\/td><td class=\"col-3 odd\">1 dia\/setmana<\/td><td class=\"col-4 even\">Dimecres<\/td><td class=\"col-5 odd\">Tarda de 16h a 17h<\/td><\/tr><tr id=\"igsv-15-13bXJ3ReMj6vDK1xH-wAxQHGGw9z0AfgQw33YodpX4Qc-row-11\" class=\"row-11 odd\"><td class=\"col-1 odd\">Circ<\/td><td class=\"col-2 even\">26\u20ac<\/td><td class=\"col-3 odd\">1 dia\/setmana<\/td><td class=\"col-4 even\">Dilluns<\/td><td class=\"col-5 odd\">Tarda de 16h a 17h15<\/td><\/tr><\/tbody><\/table><\/p>\n","protected":false},"excerpt":{"rendered":"<p>Horari Dilluns Dimarts Dimecres Dijous Divendres Mat\u00ed de 7h30 a 9h Migdia de 12h30 a 14h30 Tarda de 16h a 17h o 17:15h(comprovar taula que hi ha a continuaci\u00f3) * Segons extraescolar acaba a 17h o 17:15h, consultar taula que hi ha a continuaci\u00f3<\/p>\n","protected":false},"author":1,"featured_media":0,"parent":0,"menu_order":0,"comment_status":"closed","ping_status":"closed","template":"page-templates\/template-fullwidth.php","meta":{"footnotes":""},"class_list":["post-1293","page","type-page","status-publish","hentry"],"post_mailing_queue_ids":[],"_links":{"self":[{"href":"https:\/\/www.afaescolabarcelona.cat\/index.php\/wp-json\/wp\/v2\/pages\/1293","targetHints":{"allow":["GET"]}}],"collection":[{"href":"https:\/\/www.afaescolabarcelona.cat\/index.php\/wp-json\/wp\/v2\/pages"}],"about":[{"href":"https:\/\/www.afaescolabarcelona.cat\/index.php\/wp-json\/wp\/v2\/types\/page"}],"author":[{"embeddable":true,"href":"https:\/\/www.afaescolabarcelona.cat\/index.php\/wp-json\/wp\/v2\/users\/1"}],"replies":[{"embeddable":true,"href":"https:\/\/www.afaescolabarcelona.cat\/index.php\/wp-json\/wp\/v2\/comments?post=1293"}],"version-history":[{"count":7,"href":"https:\/\/www.afaescolabarcelona.cat\/index.php\/wp-json\/wp\/v2\/pages\/1293\/revisions"}],"predecessor-version":[{"id":2517,"href":"https:\/\/www.afaescolabarcelona.cat\/index.php\/wp-json\/wp\/v2\/pages\/1293\/revisions\/2517"}],"wp:attachment":[{"href":"https:\/\/www.afaescolabarcelona.cat\/index.php\/wp-json\/wp\/v2\/media?parent=1293"}],"curies":[{"name":"wp","href":"https:\/\/api.w.org\/{rel}","templated":true}]}}