{"id":183,"date":"2019-12-15T23:04:00","date_gmt":"2019-12-15T23:04:00","guid":{"rendered":"http:\/\/afaescolabarcelona.blogspot.com\/p\/junta-directiva.html"},"modified":"2020-11-05T23:09:38","modified_gmt":"2020-11-05T22:09:38","slug":"junta-directiva","status":"publish","type":"page","link":"https:\/\/www.afaescolabarcelona.cat\/index.php\/junta-directiva\/","title":{"rendered":"Organitzaci\u00f3"},"content":{"rendered":"\n<p>Organigrama de la junta directiva de l&#8217;AMPA del curs 2020-2021. Passejeu el ratol\u00ed per damunt de la imatge per obtenir m\u00e9s informaci\u00f3.<\/p>\n\n\n\n<!-- vision begin -->\n<div class=\"vision-map vision-map-1\"data-json-src=\"https:\/\/www.afaescolabarcelona.cat\/wp-content\/uploads\/vision\/1\/config.json?ver=\" data-item-id=\"1\" tabindex=\"1\" style=\"display:none;\" >\n<div class=\"vision-store\">\n<div class=\"vision-layers-data\">\n<div class=\"vision-layer\" data-layer-id=\"d3bd8053\"><\/div>\n<div class=\"vision-layer\" data-layer-id=\"819bab8a\"><\/div>\n<div class=\"vision-layer\" data-layer-id=\"426c100d\"><\/div>\n<div class=\"vision-layer\" data-layer-id=\"8679dfe2\"><\/div>\n<div class=\"vision-layer\" data-layer-id=\"7cac74e7\"><\/div>\n<div class=\"vision-layer\" data-layer-id=\"9b68e640\"><\/div>\n<div class=\"vision-layer\" data-layer-id=\"2ad0f022\"><\/div>\n<div class=\"vision-layer\" data-layer-id=\"c88fa937\"><\/div>\n<div class=\"vision-layer\" data-layer-id=\"3dfb432a\"><\/div>\n<div class=\"vision-layer\" data-layer-id=\"57c8e8fe\"><\/div>\n<div class=\"vision-layer\" data-layer-id=\"87ecab94\"><\/div>\n<div class=\"vision-layer\" data-layer-id=\"865d4b7d\"><\/div>\n<div class=\"vision-layer\" data-layer-id=\"79b9fe5b\"><\/div>\n<div class=\"vision-layer\" data-layer-id=\"94a83fb3\"><\/div>\n<div class=\"vision-layer\" data-layer-id=\"b8524c10\"><\/div>\n<div class=\"vision-layer\" data-layer-id=\"87c85e8b\"><\/div>\n<div class=\"vision-layer\" data-layer-id=\"d0f5174b\"><\/div>\n<div class=\"vision-layer\" data-layer-id=\"12cc1657\"><\/div>\n<div class=\"vision-layer\" data-layer-id=\"2c484d5a\"><\/div>\n<div class=\"vision-layer\" data-layer-id=\"326a55f0\"><\/div>\n<\/div>\n<div class=\"vision-tooltips-data\">\n<div class=\"vision-data\" data-layer-id=\"d3bd8053\"><p style=\"font-size: 13pt;\">Representar l\u2019AMPA, convocar i presidir la Junta Directiva, com tamb\u00e9 l'Assemblea General, i dirigir els debats, adoptar les mesures que consideri urgents per a la bona administraci\u00f3 social, tenir cura del compliment dels estatuts i subscriure, juntament<\/p>\n<p style=\"font-size: 13pt;\">amb el secretari\/a, les actes de la sessi\u00f3 i tota classe de documents procedents de l'associaci\u00f3.<\/p><\/div>\n<div class=\"vision-data\" data-layer-id=\"819bab8a\"><p style=\"font-size: 13pt;\">Assumir accidentalment la presid\u00e8ncia quan aix\u00ed resulti necessari, en cas d'abs\u00e8ncia, de malaltia, per delegaci\u00f3 que li sigui conferida, i d'altres circumst\u00e0ncies plenament justificades, aix\u00ed com tamb\u00e9 en el sup\u00f2sit de dimissi\u00f3 del president\/a.<\/p><\/div>\n<div class=\"vision-data\" data-layer-id=\"426c100d\"><p dir=\"ltr\" style=\"font-size: 13px; line-height: 1.2; text-align: justify; margin: 0pt 17.0079pt 0pt 17.0079pt;\">\u00a0<\/p>\n<p dir=\"ltr\" style=\"line-height: 1.08; margin-left: 8.5039pt; text-align: justify; margin-top: 3.15pt; margin-bottom: 0pt;\"><span style=\"font-size: 13pt; font-family: Raleway, sans-serif; color: #000000; background-color: transparent; font-weight: bold; font-variant: normal; text-decoration: none; vertical-align: baseline; white-space: pre-wrap;\">Gestor econ\u00f2mic<\/span><span style=\"font-size: 13pt; font-family: Raleway,sans-serif; color: #000000; background-color: transparent; font-weight: 400; font-style: normal; font-variant: normal; text-decoration: none; vertical-align: baseline; white-space: pre-wrap;\">. Cust\u00f2dia dels<\/span><span style=\"font-size: 13pt; font-family: Raleway,sans-serif; color: #0b5394; background-color: transparent; font-weight: bold; font-style: normal; font-variant: normal; text-decoration: none; vertical-align: baseline; white-space: pre-wrap;\"> fons socials<\/span><span style=\"font-size: 13pt; font-family: Raleway,sans-serif; color: #000000; background-color: transparent; font-weight: 400; font-style: normal; font-variant: normal; text-decoration: none; vertical-align: baseline; white-space: pre-wrap;\"> i els <\/span><span style=\"font-size: 13pt; font-family: Raleway,sans-serif; color: #0b5394; background-color: transparent; font-weight: bold; font-style: normal; font-variant: normal; text-decoration: none; vertical-align: baseline; white-space: pre-wrap;\">llibres de comptabilitat<\/span><span style=\"font-size: 13pt; font-family: Raleway,sans-serif; color: #000000; background-color: transparent; font-weight: 400; font-style: normal; font-variant: normal; text-decoration: none; vertical-align: baseline; white-space: pre-wrap;\">, controlar els <\/span><span style=\"font-size: 13pt; font-family: Raleway,sans-serif; color: #0b5394; background-color: transparent; font-weight: bold; font-style: normal; font-variant: normal; text-decoration: none; vertical-align: baseline; white-space: pre-wrap;\">cobraments de les quotes i realitzar els pagaments<\/span><span style=\"font-size: 13pt; font-family: Raleway,sans-serif; color: #000000; background-color: transparent; font-weight: 400; font-style: normal; font-variant: normal; text-decoration: none; vertical-align: baseline; white-space: pre-wrap;\"> que el president\/a li ordena, confeccionar el <\/span><span style=\"font-size: 13pt; font-family: Raleway,sans-serif; color: #0b5394; background-color: transparent; font-weight: bold; font-style: normal; font-variant: normal; text-decoration: none; vertical-align: baseline; white-space: pre-wrap;\">balan\u00e7 econ\u00f2mic<\/span><span style=\"font-size: 13pt; font-family: Raleway,sans-serif; color: #000000; background-color: transparent; font-weight: 400; font-style: normal; font-variant: normal; text-decoration: none; vertical-align: baseline; white-space: pre-wrap;\"> i portar la<\/span><span style=\"font-size: 13pt; font-family: Raleway,sans-serif; color: #0b5394; background-color: transparent; font-weight: bold; font-style: normal; font-variant: normal; text-decoration: none; vertical-align: baseline; white-space: pre-wrap;\"> comptabilitat de l'associaci\u00f3.<\/span><\/p><\/div>\n<div class=\"vision-data\" data-layer-id=\"8679dfe2\"><p dir=\"ltr\" style=\"font-size: 13px; line-height: 1.2; text-align: justify; margin: 0pt 17.0079pt 0pt 17.0079pt;\">\u00a0<\/p>\n<p dir=\"ltr\" style=\"line-height: 1.08; margin-left: 8.5039pt; text-align: justify; margin-top: 3.15pt; margin-bottom: 0pt;\"><span id=\"docs-internal-guid-f1a31a1b-7fff-9221-1678-3525762a4ed2\"><span style=\"font-size: 13pt; font-family: Raleway, sans-serif; color: #000000; background-color: transparent; font-weight: bold; font-style: italic; font-variant-numeric: normal; font-variant-east-asian: normal; vertical-align: baseline; white-space: pre-wrap;\">Administraci\u00f3 de l\u2019AMPA<\/span><span style=\"font-size: 13pt; font-family: Raleway, sans-serif; color: #000000; background-color: transparent; font-variant-numeric: normal; font-variant-east-asian: normal; vertical-align: baseline; white-space: pre-wrap;\">. <\/span><span style=\"font-size: 13pt; font-family: Raleway, sans-serif; color: #0b5394; background-color: transparent; font-weight: bold; font-variant-numeric: normal; font-variant-east-asian: normal; vertical-align: baseline; white-space: pre-wrap;\">Custodia els llibres<\/span><span style=\"font-size: 13pt; font-family: Raleway, sans-serif; color: #000000; background-color: transparent; font-variant-numeric: normal; font-variant-east-asian: normal; vertical-align: baseline; white-space: pre-wrap;\"> (excepte els de comptabilitat), els <\/span><span style=\"font-size: 13pt; font-family: Raleway, sans-serif; color: #0b5394; background-color: transparent; font-weight: bold; font-variant-numeric: normal; font-variant-east-asian: normal; vertical-align: baseline; white-space: pre-wrap;\">documents i el segell <\/span><span style=\"font-size: 13pt; font-family: Raleway, sans-serif; color: #000000; background-color: transparent; font-variant-numeric: normal; font-variant-east-asian: normal; vertical-align: baseline; white-space: pre-wrap;\">de l'associaci\u00f3. Porta el <\/span><span style=\"font-size: 13pt; font-family: Raleway, sans-serif; color: #0b5394; background-color: transparent; font-weight: bold; font-variant-numeric: normal; font-variant-east-asian: normal; vertical-align: baseline; white-space: pre-wrap;\">registre de socis i s\u00f2cies <\/span><span style=\"font-size: 13pt; font-family: Raleway, sans-serif; color: #000000; background-color: transparent; font-variant-numeric: normal; font-variant-east-asian: normal; vertical-align: baseline; white-space: pre-wrap;\">al dia, <\/span><span style=\"font-size: 13pt; font-family: Raleway, sans-serif; color: #0b5394; background-color: transparent; font-weight: bold; font-variant-numeric: normal; font-variant-east-asian: normal; vertical-align: baseline; white-space: pre-wrap;\">redactar les actes de les session<\/span><span style=\"font-size: 13pt; font-family: Raleway, sans-serif; color: #000000; background-color: transparent; font-variant-numeric: normal; font-variant-east-asian: normal; vertical-align: baseline; white-space: pre-wrap;\">s de la Junta Directiva i de les assemblees generals, lliura i certifica tot all\u00f2 que fa refer\u00e8ncia als<\/span><span style=\"font-size: 13pt; font-family: Raleway, sans-serif; color: #0b5394; background-color: transparent; font-weight: bold; font-variant-numeric: normal; font-variant-east-asian: normal; vertical-align: baseline; white-space: pre-wrap;\"> llibres i documents <\/span><span style=\"font-size: 13pt; font-family: Raleway, sans-serif; color: #000000; background-color: transparent; font-variant-numeric: normal; font-variant-east-asian: normal; vertical-align: baseline; white-space: pre-wrap;\">socials, amb el vistiplau del president\/a, i s'ocupa de la <\/span><span style=\"font-size: 13pt; font-family: Raleway, sans-serif; color: #01579b; background-color: transparent; font-weight: bold; font-variant-numeric: normal; font-variant-east-asian: normal; vertical-align: baseline; white-space: pre-wrap;\">correspond\u00e8ncia<\/span><span style=\"font-size: 13pt; font-family: Raleway, sans-serif; color: #000000; background-color: transparent; font-variant-numeric: normal; font-variant-east-asian: normal; vertical-align: baseline; white-space: pre-wrap;\"> social.<\/span><\/span><\/p><\/div>\n<div class=\"vision-data\" data-layer-id=\"7cac74e7\"><p dir=\"ltr\" style=\"font-size: 13px; line-height: 1.2; text-align: justify; margin: 0pt 17.0079pt 0pt 17.0079pt;\">\u00a0<\/p>\n<p dir=\"ltr\" style=\"line-height: 1.08; margin-left: 8.5039pt; text-align: justify; margin-top: 3.15pt; margin-bottom: 0pt;\"><span id=\"docs-internal-guid-1d387619-7fff-999b-6f64-c1146ff21a17\"><span style=\"font-size: 13pt; font-family: Raleway, sans-serif; color: #000000; background-color: transparent; font-weight: bold; font-style: italic; font-variant-numeric: normal; font-variant-east-asian: normal; vertical-align: baseline; white-space: pre-wrap;\">Assistir i substituir el secretari\/a<\/span><span style=\"font-size: 13pt; font-family: Raleway, sans-serif; color: #000000; background-color: transparent; font-variant-numeric: normal; font-variant-east-asian: normal; vertical-align: baseline; white-space: pre-wrap;\"> en qualsevol de les seves funcions, pels mateixos motius exposats que en el cas del vicepresident\/a.<\/span><\/span><\/p><\/div>\n<div class=\"vision-data\" data-layer-id=\"9b68e640\"><p dir=\"ltr\" style=\"font-size: 13px; line-height: 1.2; text-align: justify; margin: 0pt 17.0079pt 0pt 17.0079pt;\">Consell Escolar<\/p><\/div>\n<div class=\"vision-data\" data-layer-id=\"2ad0f022\"><p dir=\"ltr\" style=\"line-height: 1.2; text-align: justify; margin: 0pt 17.0079pt 0pt 17.0079pt;\"><span style=\"font-size: 13pt; font-family: Raleway,sans-serif; color: #262626; background-color: transparent; font-weight: 400; font-style: normal; font-variant: normal; text-decoration: none; vertical-align: baseline; white-space: pre-wrap;\">Recaptar i custodiar el <\/span><span style=\"font-size: 13pt; font-family: Raleway,sans-serif; color: #000000; background-color: transparent; font-weight: bold; font-style: normal; font-variant: normal; text-decoration: none; vertical-align: baseline; white-space: pre-wrap;\">fons de l\u2019AMPA<\/span><span style=\"font-size: 13pt; font-family: Raleway,sans-serif; color: #262626; background-color: transparent; font-weight: 400; font-style: normal; font-variant: normal; text-decoration: none; vertical-align: baseline; white-space: pre-wrap;\"> i elaborar els pressupostos anuals.<\/span><\/p>\n<p dir=\"ltr\" style=\"line-height: 1.2; text-align: justify; margin: 0pt 17.0079pt 0pt 17.0079pt;\"><span style=\"font-size: 13pt; font-family: Raleway,sans-serif; color: #262626; background-color: transparent; font-weight: 400; font-style: normal; font-variant: normal; text-decoration: none; vertical-align: baseline; white-space: pre-wrap;\">Seguiment dels <\/span><span style=\"font-size: 13pt; font-family: Raleway,sans-serif; color: #000000; background-color: transparent; font-weight: bold; font-style: normal; font-variant: normal; text-decoration: none; vertical-align: baseline; white-space: pre-wrap;\">moviments bancaris<\/span><span style=\"font-size: 13pt; font-family: Raleway,sans-serif; color: #262626; background-color: transparent; font-weight: 400; font-style: normal; font-variant: normal; text-decoration: none; vertical-align: baseline; white-space: pre-wrap;\"> i gesti\u00f3 de les incid\u00e8ncies econ\u00f2miques, ja sigui amb els prove\u00efdors externs com amb les fam\u00edlies de l\u2019Escola.<\/span><\/p>\n<p dir=\"ltr\" style=\"line-height: 1.2; text-align: justify; margin: 0pt 17.0079pt 0pt 17.0079pt;\"><span style=\"font-size: 13pt; font-family: Raleway,sans-serif; color: #262626; background-color: transparent; font-weight: 400; font-style: normal; font-variant: normal; text-decoration: none; vertical-align: baseline; white-space: pre-wrap;\">Revisar els <\/span><span style=\"font-size: 13pt; font-family: Raleway,sans-serif; color: #262626; background-color: transparent; font-weight: bold; font-style: normal; font-variant: normal; text-decoration: none; vertical-align: baseline; white-space: pre-wrap;\">contractes<\/span><span style=\"font-size: 13pt; font-family: Raleway,sans-serif; color: #262626; background-color: transparent; font-weight: 400; font-style: normal; font-variant: normal; text-decoration: none; vertical-align: baseline; white-space: pre-wrap;\"> amb les empreses prove\u00efdores i el personal contractat.<\/span><\/p><\/div>\n<div class=\"vision-data\" data-layer-id=\"c88fa937\"><p class=\"has-text-align-left\" style=\"font-size: 13pt;\">El nostre objectiu treure el m\u00e0xim profit de les noves teconoogies en tots els \u00e0mbits de l'AMPA, i especialment en les comunicacions amb les fam\u00edlies.<\/p>\n<p style=\"font-size: 13pt;\">En aquest sentit la comisi\u00f3 du a terme diferents projectes com la creci\u00f3 de la nova web, la unificaci\u00f3 dels canals de comunicaci\u00f3, el proc\u00e9s d'inscripci\u00f3 on-ine a extraescolars, etc.<\/p><\/div>\n<div class=\"vision-data\" data-layer-id=\"3dfb432a\"><p class=\"has-text-align-left\" style=\"font-size: 13pt;\"><span style=\"font-size: 17.3333px;\">Treballar perqu\u00e8 els infants amb necessitats especials puguin accedir a qualsevol activitat que organitza l\u2019escola, interactuar de forma transversal amb totes les altres comissions ja existents per tal d\u2019incorporar pautes dirigides a aquest objectiu, Sensibilitzar a la comunitat educativa.<\/span><\/p><\/div>\n<div class=\"vision-data\" data-layer-id=\"57c8e8fe\"><p class=\"has-text-align-left\" style=\"font-size: 13pt;\"><span style=\"font-size: 17.3333px;\">Analitzar les possibilitats de millora dels recursos posats a disposici\u00f3 per l\u2019escola per oferir els serveis de l\u2019AMPA amb la m\u00e0xima qualitat.<\/span><\/p><\/div>\n<div class=\"vision-data\" data-layer-id=\"87ecab94\"><p style=\"font-size: 13pt;\">Gestionar el servei de <strong>cuina propi<\/strong> de l\u2019AMPA i supervisar el servei de monitoratge del migdia.<\/p><\/div>\n<div class=\"vision-data\" data-layer-id=\"865d4b7d\"><p style=\"font-size: 13pt;\"><span style=\"font-size: 17.3333px;\">Organitzar\u00a0 les activitats extraescolars, els serveis d\u2019acollida i de ludoteca.<\/span><\/p>\n<p style=\"font-size: 13pt;\"><span style=\"font-size: 17.3333px;\">Organitzaci\u00f3 dels Casals d\u2019estiu i col\u00f2nies.<\/span><\/p><\/div>\n<div class=\"vision-data\" data-layer-id=\"79b9fe5b\"><p style=\"font-size: 13pt;\">Distribuir els llibres i gestionar el material escolar.<\/p><\/div>\n<div class=\"vision-data\" data-layer-id=\"94a83fb3\"><p style=\"font-size: 13pt;\">Organitzar anualment la festa de final de curs, la de Carnestoltes i el festival de cloenda d\u2019activitats.<\/p>\n<p style=\"font-size: 13pt;\">Col\u00b7laborar en les festes tradicionals de l\u2019Escola i participar en les activitats del districte.\u00a0<\/p><\/div>\n<div class=\"vision-data\" data-layer-id=\"b8524c10\"><p style=\"font-size: 13pt;\">Organitzar activitats i xerrades d\u2019inter\u00e8s per a les fam\u00edlies.<\/p><\/div>\n<div class=\"vision-data\" data-layer-id=\"87c85e8b\"><p style=\"font-size: 13pt;\">Ser referent de contacte amb diversos ens externs a l\u2019escola (FAPAC\/AMPESUNIDES Les Corts) per treballar de manera conjunta i en xarxa en la defensa de les escoles p\u00fabliques i dels seus valors, com el respecte, la solidaritat i la inclusi\u00f3.<\/p><\/div>\n<div class=\"vision-data\" data-layer-id=\"d0f5174b\"><p style=\"font-size: 13pt;\">Organitzar i fer part\u00edcep a les fam\u00edlies de l\u2019escola de les accions solid\u00e0ries organitzades per l\u2019AMPA..<\/p><\/div>\n<div class=\"vision-data\" data-layer-id=\"12cc1657\"><\/div>\n<div class=\"vision-data\" data-layer-id=\"2c484d5a\"><\/div>\n<div class=\"vision-data\" data-layer-id=\"326a55f0\"><\/div>\n<\/div>\n<div class=\"vision-popovers-data\">\n<div class=\"vision-data\" data-layer-id=\"d3bd8053\"><\/div>\n<div class=\"vision-data\" data-layer-id=\"819bab8a\"><\/div>\n<div class=\"vision-data\" data-layer-id=\"426c100d\"><\/div>\n<div class=\"vision-data\" data-layer-id=\"8679dfe2\"><\/div>\n<div class=\"vision-data\" data-layer-id=\"7cac74e7\"><\/div>\n<div class=\"vision-data\" data-layer-id=\"9b68e640\"><\/div>\n<div class=\"vision-data\" data-layer-id=\"2ad0f022\"><p><img loading=\"lazy\" decoding=\"async\" class=\"alignnone size-medium wp-image-1432\" src=\"https:\/\/www.afaescolabarcelona.cat\/wp-content\/uploads\/2020\/11\/important-1-1_0-300x202.png\" alt=\"\" width=\"300\" height=\"202\" srcset=\"https:\/\/www.afaescolabarcelona.cat\/wp-content\/uploads\/2020\/11\/important-1-1_0-300x202.png 300w, https:\/\/www.afaescolabarcelona.cat\/wp-content\/uploads\/2020\/11\/important-1-1_0-768x518.png 768w, https:\/\/www.afaescolabarcelona.cat\/wp-content\/uploads\/2020\/11\/important-1-1_0.png 960w\" sizes=\"auto, (max-width: 300px) 100vw, 300px\" \/><\/p><\/div>\n<div class=\"vision-data\" data-layer-id=\"c88fa937\"><p><img loading=\"lazy\" decoding=\"async\" class=\"alignnone size-medium wp-image-1432\" src=\"https:\/\/www.afaescolabarcelona.cat\/wp-content\/uploads\/2020\/11\/important-1-1_0-300x202.png\" alt=\"\" width=\"300\" height=\"202\" srcset=\"https:\/\/www.afaescolabarcelona.cat\/wp-content\/uploads\/2020\/11\/important-1-1_0-300x202.png 300w, https:\/\/www.afaescolabarcelona.cat\/wp-content\/uploads\/2020\/11\/important-1-1_0-768x518.png 768w, https:\/\/www.afaescolabarcelona.cat\/wp-content\/uploads\/2020\/11\/important-1-1_0.png 960w\" sizes=\"auto, (max-width: 300px) 100vw, 300px\" \/><\/p><\/div>\n<div class=\"vision-data\" data-layer-id=\"3dfb432a\"><p><img loading=\"lazy\" decoding=\"async\" class=\"alignnone size-medium wp-image-1432\" src=\"https:\/\/www.afaescolabarcelona.cat\/wp-content\/uploads\/2020\/11\/important-1-1_0-300x202.png\" alt=\"\" width=\"300\" height=\"202\" srcset=\"https:\/\/www.afaescolabarcelona.cat\/wp-content\/uploads\/2020\/11\/important-1-1_0-300x202.png 300w, https:\/\/www.afaescolabarcelona.cat\/wp-content\/uploads\/2020\/11\/important-1-1_0-768x518.png 768w, https:\/\/www.afaescolabarcelona.cat\/wp-content\/uploads\/2020\/11\/important-1-1_0.png 960w\" sizes=\"auto, (max-width: 300px) 100vw, 300px\" \/><\/p><\/div>\n<div class=\"vision-data\" data-layer-id=\"57c8e8fe\"><p><img loading=\"lazy\" decoding=\"async\" class=\"alignnone size-medium wp-image-1432\" src=\"https:\/\/www.afaescolabarcelona.cat\/wp-content\/uploads\/2020\/11\/important-1-1_0-300x202.png\" alt=\"\" width=\"300\" height=\"202\" srcset=\"https:\/\/www.afaescolabarcelona.cat\/wp-content\/uploads\/2020\/11\/important-1-1_0-300x202.png 300w, https:\/\/www.afaescolabarcelona.cat\/wp-content\/uploads\/2020\/11\/important-1-1_0-768x518.png 768w, https:\/\/www.afaescolabarcelona.cat\/wp-content\/uploads\/2020\/11\/important-1-1_0.png 960w\" sizes=\"auto, (max-width: 300px) 100vw, 300px\" \/><\/p><\/div>\n<div class=\"vision-data\" data-layer-id=\"87ecab94\"><p><img loading=\"lazy\" decoding=\"async\" class=\"alignnone size-medium wp-image-1432\" src=\"https:\/\/www.afaescolabarcelona.cat\/wp-content\/uploads\/2020\/11\/important-1-1_0-300x202.png\" alt=\"\" width=\"300\" height=\"202\" srcset=\"https:\/\/www.afaescolabarcelona.cat\/wp-content\/uploads\/2020\/11\/important-1-1_0-300x202.png 300w, https:\/\/www.afaescolabarcelona.cat\/wp-content\/uploads\/2020\/11\/important-1-1_0-768x518.png 768w, https:\/\/www.afaescolabarcelona.cat\/wp-content\/uploads\/2020\/11\/important-1-1_0.png 960w\" sizes=\"auto, (max-width: 300px) 100vw, 300px\" \/><\/p><\/div>\n<div class=\"vision-data\" data-layer-id=\"865d4b7d\"><p><img loading=\"lazy\" decoding=\"async\" class=\"alignnone size-medium wp-image-1432\" src=\"https:\/\/www.afaescolabarcelona.cat\/wp-content\/uploads\/2020\/11\/important-1-1_0-300x202.png\" alt=\"\" width=\"300\" height=\"202\" srcset=\"https:\/\/www.afaescolabarcelona.cat\/wp-content\/uploads\/2020\/11\/important-1-1_0-300x202.png 300w, https:\/\/www.afaescolabarcelona.cat\/wp-content\/uploads\/2020\/11\/important-1-1_0-768x518.png 768w, https:\/\/www.afaescolabarcelona.cat\/wp-content\/uploads\/2020\/11\/important-1-1_0.png 960w\" sizes=\"auto, (max-width: 300px) 100vw, 300px\" \/><\/p><\/div>\n<div class=\"vision-data\" data-layer-id=\"79b9fe5b\"><p><img loading=\"lazy\" decoding=\"async\" class=\"alignnone size-medium wp-image-1432\" src=\"https:\/\/www.afaescolabarcelona.cat\/wp-content\/uploads\/2020\/11\/important-1-1_0-300x202.png\" alt=\"\" width=\"300\" height=\"202\" srcset=\"https:\/\/www.afaescolabarcelona.cat\/wp-content\/uploads\/2020\/11\/important-1-1_0-300x202.png 300w, https:\/\/www.afaescolabarcelona.cat\/wp-content\/uploads\/2020\/11\/important-1-1_0-768x518.png 768w, https:\/\/www.afaescolabarcelona.cat\/wp-content\/uploads\/2020\/11\/important-1-1_0.png 960w\" sizes=\"auto, (max-width: 300px) 100vw, 300px\" \/><\/p><\/div>\n<div class=\"vision-data\" data-layer-id=\"94a83fb3\"><\/div>\n<div class=\"vision-data\" data-layer-id=\"b8524c10\"><p><img loading=\"lazy\" decoding=\"async\" class=\"alignnone size-medium wp-image-1432\" src=\"https:\/\/www.afaescolabarcelona.cat\/wp-content\/uploads\/2020\/11\/important-1-1_0-300x202.png\" alt=\"\" width=\"300\" height=\"202\" srcset=\"https:\/\/www.afaescolabarcelona.cat\/wp-content\/uploads\/2020\/11\/important-1-1_0-300x202.png 300w, https:\/\/www.afaescolabarcelona.cat\/wp-content\/uploads\/2020\/11\/important-1-1_0-768x518.png 768w, https:\/\/www.afaescolabarcelona.cat\/wp-content\/uploads\/2020\/11\/important-1-1_0.png 960w\" sizes=\"auto, (max-width: 300px) 100vw, 300px\" \/><\/p><\/div>\n<div class=\"vision-data\" data-layer-id=\"87c85e8b\"><p><img loading=\"lazy\" decoding=\"async\" class=\"alignnone size-medium wp-image-1432\" src=\"https:\/\/www.afaescolabarcelona.cat\/wp-content\/uploads\/2020\/11\/important-1-1_0-300x202.png\" alt=\"\" width=\"300\" height=\"202\" srcset=\"https:\/\/www.afaescolabarcelona.cat\/wp-content\/uploads\/2020\/11\/important-1-1_0-300x202.png 300w, https:\/\/www.afaescolabarcelona.cat\/wp-content\/uploads\/2020\/11\/important-1-1_0-768x518.png 768w, https:\/\/www.afaescolabarcelona.cat\/wp-content\/uploads\/2020\/11\/important-1-1_0.png 960w\" sizes=\"auto, (max-width: 300px) 100vw, 300px\" \/><\/p><\/div>\n<div class=\"vision-data\" data-layer-id=\"d0f5174b\"><p><img loading=\"lazy\" decoding=\"async\" class=\"alignnone size-medium wp-image-1432\" src=\"https:\/\/www.afaescolabarcelona.cat\/wp-content\/uploads\/2020\/11\/important-1-1_0-300x202.png\" alt=\"\" width=\"300\" height=\"202\" srcset=\"https:\/\/www.afaescolabarcelona.cat\/wp-content\/uploads\/2020\/11\/important-1-1_0-300x202.png 300w, https:\/\/www.afaescolabarcelona.cat\/wp-content\/uploads\/2020\/11\/important-1-1_0-768x518.png 768w, https:\/\/www.afaescolabarcelona.cat\/wp-content\/uploads\/2020\/11\/important-1-1_0.png 960w\" sizes=\"auto, (max-width: 300px) 100vw, 300px\" \/><\/p><\/div>\n<div class=\"vision-data\" data-layer-id=\"12cc1657\"><\/div>\n<div class=\"vision-data\" data-layer-id=\"2c484d5a\"><\/div>\n<div class=\"vision-data\" data-layer-id=\"326a55f0\"><\/div>\n<\/div>\n<\/div>\n<\/div>\n<!-- vision end -->\n\n\n\n\n<p><\/p>\n","protected":false},"excerpt":{"rendered":"<p>Organigrama de la junta directiva de l&#8217;AMPA del curs 2020-2021. Passejeu el ratol\u00ed per damunt de la imatge per obtenir m\u00e9s informaci\u00f3.<\/p>\n","protected":false},"author":1,"featured_media":0,"parent":0,"menu_order":0,"comment_status":"closed","ping_status":"open","template":"page-templates\/template-fullwidth.php","meta":{"footnotes":""},"class_list":["post-183","page","type-page","status-publish","hentry"],"post_mailing_queue_ids":[],"_links":{"self":[{"href":"https:\/\/www.afaescolabarcelona.cat\/index.php\/wp-json\/wp\/v2\/pages\/183","targetHints":{"allow":["GET"]}}],"collection":[{"href":"https:\/\/www.afaescolabarcelona.cat\/index.php\/wp-json\/wp\/v2\/pages"}],"about":[{"href":"https:\/\/www.afaescolabarcelona.cat\/index.php\/wp-json\/wp\/v2\/types\/page"}],"author":[{"embeddable":true,"href":"https:\/\/www.afaescolabarcelona.cat\/index.php\/wp-json\/wp\/v2\/users\/1"}],"replies":[{"embeddable":true,"href":"https:\/\/www.afaescolabarcelona.cat\/index.php\/wp-json\/wp\/v2\/comments?post=183"}],"version-history":[{"count":14,"href":"https:\/\/www.afaescolabarcelona.cat\/index.php\/wp-json\/wp\/v2\/pages\/183\/revisions"}],"predecessor-version":[{"id":1446,"href":"https:\/\/www.afaescolabarcelona.cat\/index.php\/wp-json\/wp\/v2\/pages\/183\/revisions\/1446"}],"wp:attachment":[{"href":"https:\/\/www.afaescolabarcelona.cat\/index.php\/wp-json\/wp\/v2\/media?parent=183"}],"curies":[{"name":"wp","href":"https:\/\/api.w.org\/{rel}","templated":true}]}}