{"id":187,"date":"2019-12-15T23:04:00","date_gmt":"2019-12-15T23:04:00","guid":{"rendered":"http:\/\/afaescolabarcelona.blogspot.com\/p\/contacta.html"},"modified":"2025-02-04T18:50:42","modified_gmt":"2025-02-04T17:50:42","slug":"contacta","status":"publish","type":"page","link":"https:\/\/www.afaescolabarcelona.cat\/index.php\/contacta\/","title":{"rendered":"Contacta"},"content":{"rendered":"<div style=\"text-align: justify;\"><span style=\"font-family: inherit;\">\u00a0<\/span><span style=\"font-family: inherit;\"><\/span><span style=\"font-family: inherit;\"><\/span><span style=\"font-family: inherit;\"><b style=\"line-height: 15px;\">ATENCI\u00d3 A LES FAM\u00cdLIES AFA:<\/b><\/span><\/div>\n<div>\n<div style=\"text-align: justify;\"><\/div>\n<div style=\"text-align: justify;\"><span style=\"font-family: inherit;\">Per a consultes i suport amb relaci\u00f3 als serveis oferts per l\u2019AFA podeu contactar amb Secretaria:<br \/>\n<\/span><\/div>\n<ul>\n<li style=\"text-align: justify;\"><span style=\"font-family: inherit;\">Per correu: <a href=\"mailto:secretaria@afaescolabarcelona.cat\">secretaria@afaescolabarcelona.cat<\/a>.<\/span><\/li>\n<li>Presencialment, amb hores convingudes i cita pr\u00e8via.<\/li>\n<\/ul>\n<p>Per a reservar pla\u00e7a a Espai tardes (espor\u00e0dics): <strong>fins a les 12h!<\/strong><\/p>\n<ul>\n<li>Mitjan\u00e7ant el WhatsApp: +34 621 084 908 (no at\u00e9n trucades)<\/li>\n<\/ul>\n<p><b style=\"line-height: 15px;\">ATENCI\u00d3 A LES FAM\u00cdLIES MENJADOR:<\/b><\/p>\n<\/div>\n<div>\n<div style=\"text-align: justify;\">\n<p><span style=\"font-family: inherit;\">Per avisar d\u2019abs\u00e8ncies al menjador o dietes especials: <strong>abans de les 10h!<\/strong><\/span><\/p>\n<ul>\n<li><span style=\"font-family: inherit;\">Per correu: <a href=\"mailto:menjador@afaescolabarcelona.cat\">menjador@afaescolabarcelona.cat<\/a><\/span><\/li>\n<li>Per tel\u00e8fon: +34 613 600 914<\/li>\n<\/ul>\n<\/div>\n<div style=\"text-align: justify;\"><\/div>\n<\/div>\n","protected":false},"excerpt":{"rendered":"<p>\u00a0ATENCI\u00d3 A LES FAM\u00cdLIES AFA: Per a consultes i suport amb relaci\u00f3 als serveis oferts per l\u2019AFA podeu contactar amb Secretaria: Per correu: secretaria@afaescolabarcelona.cat. Presencialment, amb hores convingudes i cita pr\u00e8via. Per a reservar pla\u00e7a a Espai tardes (espor\u00e0dics): fins a les 12h! Mitjan\u00e7ant el WhatsApp: +34 621 084 908 [&hellip;]<\/p>\n","protected":false},"author":1,"featured_media":0,"parent":0,"menu_order":0,"comment_status":"closed","ping_status":"open","template":"","meta":{"footnotes":""},"class_list":["post-187","page","type-page","status-publish","hentry"],"post_mailing_queue_ids":[],"_links":{"self":[{"href":"https:\/\/www.afaescolabarcelona.cat\/index.php\/wp-json\/wp\/v2\/pages\/187","targetHints":{"allow":["GET"]}}],"collection":[{"href":"https:\/\/www.afaescolabarcelona.cat\/index.php\/wp-json\/wp\/v2\/pages"}],"about":[{"href":"https:\/\/www.afaescolabarcelona.cat\/index.php\/wp-json\/wp\/v2\/types\/page"}],"author":[{"embeddable":true,"href":"https:\/\/www.afaescolabarcelona.cat\/index.php\/wp-json\/wp\/v2\/users\/1"}],"replies":[{"embeddable":true,"href":"https:\/\/www.afaescolabarcelona.cat\/index.php\/wp-json\/wp\/v2\/comments?post=187"}],"version-history":[{"count":8,"href":"https:\/\/www.afaescolabarcelona.cat\/index.php\/wp-json\/wp\/v2\/pages\/187\/revisions"}],"predecessor-version":[{"id":2714,"href":"https:\/\/www.afaescolabarcelona.cat\/index.php\/wp-json\/wp\/v2\/pages\/187\/revisions\/2714"}],"wp:attachment":[{"href":"https:\/\/www.afaescolabarcelona.cat\/index.php\/wp-json\/wp\/v2\/media?parent=187"}],"curies":[{"name":"wp","href":"https:\/\/api.w.org\/{rel}","templated":true}]}}