{"id":194,"date":"2020-01-09T23:22:37","date_gmt":"2020-01-09T23:22:37","guid":{"rendered":"https:\/\/ampaescolabarcelona.wordpress.com\/?page_id=22"},"modified":"2020-11-14T02:18:03","modified_gmt":"2020-11-14T01:18:03","slug":"presentacio","status":"publish","type":"page","link":"https:\/\/www.afaescolabarcelona.cat\/index.php\/presentacio\/","title":{"rendered":"Presentaci\u00f3"},"content":{"rendered":"\n<section class=\"wp-block-themeisle-blocks-advanced-columns alignfull has-1-columns has-desktop-equal-layout has-tablet-equal-layout has-mobile-equal-layout has-nogap-gap has-vertical-flex-start\" id=\"wp-block-themeisle-blocks-advanced-columns-0d54379d\"><div class=\"wp-block-themeisle-blocks-advanced-columns-overlay\"><\/div><div class=\"innerblocks-wrap\">\n<div class=\"wp-block-themeisle-blocks-advanced-column\" id=\"wp-block-themeisle-blocks-advanced-column-ba00a84a\">\n<section class=\"wp-block-themeisle-blocks-advanced-columns has-2-columns has-desktop-equal-layout has-tablet-equal-layout has-mobile-collapsedRows-layout has-nogap-gap has-vertical-center\" id=\"wp-block-themeisle-blocks-advanced-columns-363eccc7\"><div class=\"wp-block-themeisle-blocks-advanced-columns-overlay\"><\/div><div class=\"innerblocks-wrap\">\n<div class=\"wp-block-themeisle-blocks-advanced-column\" id=\"wp-block-themeisle-blocks-advanced-column-e32c15f5\">\n<div id=\"wp-block-themeisle-blocks-advanced-heading-19d0ecdb\" class=\"wp-block-themeisle-blocks-advanced-heading wp-block-themeisle-blocks-advanced-heading-19d0ecdb\"><strong>Integrants de l&#8217;AFA<\/strong><\/div>\n\n\n\n<h2 class=\"has-text-align-left wp-block-heading\">Qui som?<\/h2>\n\n\n\n<p>L&#8217;AFA de l&#8217;Escola Barcelona \u00e9s l&#8217; associaci\u00f3 formada per les mares i pares dels alumnes de l&#8217;escola&nbsp;que volunt\u00e0riament ho desitgin. \u00c9s una associaci\u00f3 sense \u00e0nim de lucre, constitu\u00efda legalment i est\u00e0 representada per una Junta que a la vegada est\u00e0 dividida en comissions de treballs segons les tasques i\/o activitats.&nbsp;<\/p>\n\n\n\n<p>Qualsevol mare o pare dels alumnes de l&#8217;Escola poden associar-se a l&#8217;AFA. Per &nbsp;aix\u00f2 cal pagar una quota fixada a l&#8217;any i complir els estatuts aprovats.<\/p>\n<\/div>\n\n\n\n<div class=\"wp-block-themeisle-blocks-advanced-column\" id=\"wp-block-themeisle-blocks-advanced-column-6e1f4afe\">\n<figure class=\"wp-block-image size-large is-resized is-style-default\"><img loading=\"lazy\" decoding=\"async\" src=\"https:\/\/www.afaescolabarcelona.cat\/wp-content\/uploads\/2020\/11\/who-can-apply-vietnam-visa-on-arrival-1024x679.jpg\" alt=\"\" class=\"wp-image-1460\" width=\"611\" height=\"438\"\/><\/figure>\n<\/div>\n<\/div><\/section>\n\n\n\n<section class=\"wp-block-themeisle-blocks-advanced-columns has-2-columns has-desktop-equal-layout has-tablet-equal-layout has-mobile-collapsedRows-layout has-nogap-gap has-vertical-center\" id=\"wp-block-themeisle-blocks-advanced-columns-3db1a44f\"><div class=\"wp-block-themeisle-blocks-advanced-columns-overlay\"><\/div><div class=\"innerblocks-wrap\">\n<div class=\"wp-block-themeisle-blocks-advanced-column\" id=\"wp-block-themeisle-blocks-advanced-column-4d559616\">\n<div class=\"wp-block-image\"><figure class=\"alignleft size-large\"><img loading=\"lazy\" decoding=\"async\" width=\"650\" height=\"425\" src=\"https:\/\/www.afaescolabarcelona.cat\/wp-content\/uploads\/2020\/11\/2_zc_v2_165106000001531022.jpg\" alt=\"\" class=\"wp-image-1461\" srcset=\"https:\/\/www.afaescolabarcelona.cat\/wp-content\/uploads\/2020\/11\/2_zc_v2_165106000001531022.jpg 650w, https:\/\/www.afaescolabarcelona.cat\/wp-content\/uploads\/2020\/11\/2_zc_v2_165106000001531022-300x196.jpg 300w\" sizes=\"auto, (max-width: 650px) 100vw, 650px\" \/><\/figure><\/div>\n<\/div>\n\n\n\n<div class=\"wp-block-themeisle-blocks-advanced-column\" id=\"wp-block-themeisle-blocks-advanced-column-6b9e306f\">\n<div id=\"wp-block-themeisle-blocks-advanced-heading-76f90c48\" class=\"wp-block-themeisle-blocks-advanced-heading wp-block-themeisle-blocks-advanced-heading-76f90c48\"><strong>OBJECTIUS DE L&#8217;AFA<\/strong><\/div>\n\n\n\n<h2 class=\"has-text-align-left wp-block-heading\">Qu\u00e8 volem?<\/h2>\n\n\n\n<p>Treballar conjuntament amb l&#8217;Escola en l\u2019educaci\u00f3 dels nostres fills i de les nostres filles.Fomentar la col\u00b7laboraci\u00f3 i la participaci\u00f3 de les fam\u00edlies en actes escolars i en actes festius.Fomentar activitats d&#8217;inter\u00e8s per a&nbsp; la comunitat escolar.Donar suport econ\u00f2mic, quan conv\u00e9, per facilitar el bon funcionament de l&#8217;Escola. Els principals serveis que ofereix a l&#8217;Escola s\u00f3n:<\/p>\n\n\n\n<ul class=\"wp-block-list\"><li>Organitzaci\u00f3 d\u2019activitats extraescolars per a l&#8217;alumnat.<\/li><li>Organitzaci\u00f3 d\u2019activitats per a mares i pares.<\/li><li>Organitzaci\u00f3 de Casals d\u2019estiu i col\u00f2nies.<\/li><li>Distribuci\u00f3 de llibres i gesti\u00f3 de material escolar.<\/li><li>Organitzaci\u00f3 anual de la festa de l&#8217;esport i festival de cloenda d&#8217;activitats i festa de Carnestoltes.&nbsp;<\/li><li>&#8230;<\/li><\/ul>\n<\/div>\n<\/div><\/section>\n<\/div>\n<\/div><\/section>\n","protected":false},"excerpt":{"rendered":"","protected":false},"author":1,"featured_media":209,"parent":0,"menu_order":0,"comment_status":"closed","ping_status":"closed","template":"","meta":{"footnotes":""},"class_list":["post-194","page","type-page","status-publish","has-post-thumbnail","hentry"],"post_mailing_queue_ids":[],"_links":{"self":[{"href":"https:\/\/www.afaescolabarcelona.cat\/index.php\/wp-json\/wp\/v2\/pages\/194","targetHints":{"allow":["GET"]}}],"collection":[{"href":"https:\/\/www.afaescolabarcelona.cat\/index.php\/wp-json\/wp\/v2\/pages"}],"about":[{"href":"https:\/\/www.afaescolabarcelona.cat\/index.php\/wp-json\/wp\/v2\/types\/page"}],"author":[{"embeddable":true,"href":"https:\/\/www.afaescolabarcelona.cat\/index.php\/wp-json\/wp\/v2\/users\/1"}],"replies":[{"embeddable":true,"href":"https:\/\/www.afaescolabarcelona.cat\/index.php\/wp-json\/wp\/v2\/comments?post=194"}],"version-history":[{"count":8,"href":"https:\/\/www.afaescolabarcelona.cat\/index.php\/wp-json\/wp\/v2\/pages\/194\/revisions"}],"predecessor-version":[{"id":1531,"href":"https:\/\/www.afaescolabarcelona.cat\/index.php\/wp-json\/wp\/v2\/pages\/194\/revisions\/1531"}],"wp:featuredmedia":[{"embeddable":true,"href":"https:\/\/www.afaescolabarcelona.cat\/index.php\/wp-json\/wp\/v2\/media\/209"}],"wp:attachment":[{"href":"https:\/\/www.afaescolabarcelona.cat\/index.php\/wp-json\/wp\/v2\/media?parent=194"}],"curies":[{"name":"wp","href":"https:\/\/api.w.org\/{rel}","templated":true}]}}