{"id":1971,"date":"2021-09-03T18:43:28","date_gmt":"2021-09-03T17:43:28","guid":{"rendered":"https:\/\/www.afaescolabarcelona.cat\/?page_id=1971"},"modified":"2023-04-25T09:25:43","modified_gmt":"2023-04-25T08:25:43","slug":"piscina-2","status":"publish","type":"page","link":"https:\/\/www.afaescolabarcelona.cat\/index.php\/piscina-2\/","title":{"rendered":"Piscina"},"content":{"rendered":"\n<div class=\"wp-block-themeisle-blocks-advanced-columns has-1-columns has-desktop-equal-layout has-tablet-equal-layout has-mobile-equal-layout has-default-gap has-vertical-unset\" id=\"wp-block-themeisle-blocks-advanced-columns-dcbb3450\" style=\"border-width:0px;border-style:solid;border-color:#000000;border-radius:0px;justify-content:unset\"><div class=\"wp-themeisle-block-overlay\" style=\"opacity:0.5;mix-blend-mode:normal\"><\/div><div class=\"innerblocks-wrap\">\n<div class=\"wp-block-themeisle-blocks-advanced-column\" id=\"wp-block-themeisle-blocks-advanced-column-90174d66\" style=\"border-width:0px;border-style:solid;border-color:#000000;border-radius:0px\">\n<p><b>Dirigit a: <\/b>I3 a 2on<\/p>\n<p><b>Responsable: <\/b>Club Metropolitan (activitat) \/ Divers (acompanyament des de l\u2019escola al Club).<\/p>\n<p><b>Descripci\u00f3 de l\u2019activitat: <\/b>La nataci\u00f3 \u00e9s una de les activitats f\u00edsiques m\u00e9s completes que hi ha, potencia el desenvolupament dels nens i nenes proporcionant nombrosos beneficis tant f\u00edsics com ps\u00edquics. A m\u00e9s ajuda al desenvolupament psicomotor, millora la coordinaci\u00f3 i l\u2019equilibri incrementant el sentiment d\u2019independ\u00e8ncia i d\u2019autoconfian\u00e7a i alhora els infants es diverteixen.<br><br>\nEs pret\u00e9n una evoluci\u00f3 en l\u2019aprenentatge de la nataci\u00f3, passant per un primer moment on nedem amb maneguets i flotador a l\u2019ajut d\u2019un cintur\u00f3 m\u00e9s endavant, i finalment sense la necessitat de cap material de flotaci\u00f3. Trimestralment Metropolitan realitza una avaluaci\u00f3 del progr\u00e9s de cada infant.<br><br> \nEl curset dura 45 minuts, realitzat a la piscina climatitzada del Club Metropolitan entre les 16:30 i les 17:15h. Els grups es fan per curs escolar i no per nivell de nataci\u00f3, amb l\u2019excepci\u00f3 de 1r i 2n de prim\u00e0ria. La r\u00e0tio \u00e9s d\u2019un\/a professor\/a per cada 8 infants, que treballa amb ells\/es dins l\u2019aigua.<\/p>\n<p><b>Material \/ vestuari: <\/b>Equipament de piscina marcat amb el nom (tovallola o barn\u00fas, banyador, barret de bany i sabatilles de goma). Es recomana l\u2019\u00fas d\u2019ulleres de nataci\u00f3. Recomanem tamb\u00e9 que vinguin vestits amb roba f\u00e0cil de posar i treure (portar sempre la mateixa roba el dia de piscina \u00e9s un bon suggeriment perqu\u00e8 els infants la reconeguin a l\u2019hora de canviar-se) i que tota la roba estigui marcada amb el nom (mitjons, roba interior, xandall, bambes&#8230;).<\/p>\n<p><b>Lloc de realitzaci\u00f3 i recollida: <\/b>L\u2019activitat es realitza al Gimn\u00e0s Metropolitan (C\/ Galileu, 186). La recollida es far\u00e0 a les 17:45h al porxo exterior de les instal\u00b7lacions del Club, sempre deixant lliure el passad\u00eds d&#8217;entrada al gimn\u00e0s. Es prega puntualitat (en el cas excepcional de no poder arribar a l&#8217;hora indicada, preguem contactar amb algun dels pares\/mares d\u2019altres nens\/es per tal d\u2019avisar als monitors\/es o posar-vos en contacte amb l\u2019empresa que gestiona l\u2019acompanyament a l\u2019activitat (Diver\u2019s, 934 464 291 o 662 518 326). Recordeu que en cas d\u2019abs\u00e8ncia dels familiars sense av\u00eds, en un temps prudencial, els monitors\/es no poden quedar-se amb els infants i estan obligats\/des a informar la Gu\u00e0rdia Urbana.<\/p><br><br>\n<\/div>\n<\/div><\/div>\n\n\n\n<p><\/p>\n","protected":false},"excerpt":{"rendered":"<p>Dirigit a: I3 a 2on Responsable: Club Metropolitan (activitat) \/ Divers (acompanyament des de l\u2019escola al Club). Descripci\u00f3 de l\u2019activitat: La nataci\u00f3 \u00e9s una de les activitats f\u00edsiques m\u00e9s completes que hi ha, potencia el desenvolupament dels nens i nenes proporcionant nombrosos beneficis tant f\u00edsics com ps\u00edquics. A m\u00e9s ajuda [&hellip;]<\/p>\n","protected":false},"author":1,"featured_media":0,"parent":0,"menu_order":0,"comment_status":"closed","ping_status":"closed","template":"","meta":{"footnotes":""},"class_list":["post-1971","page","type-page","status-publish","hentry"],"post_mailing_queue_ids":[],"_links":{"self":[{"href":"https:\/\/www.afaescolabarcelona.cat\/index.php\/wp-json\/wp\/v2\/pages\/1971","targetHints":{"allow":["GET"]}}],"collection":[{"href":"https:\/\/www.afaescolabarcelona.cat\/index.php\/wp-json\/wp\/v2\/pages"}],"about":[{"href":"https:\/\/www.afaescolabarcelona.cat\/index.php\/wp-json\/wp\/v2\/types\/page"}],"author":[{"embeddable":true,"href":"https:\/\/www.afaescolabarcelona.cat\/index.php\/wp-json\/wp\/v2\/users\/1"}],"replies":[{"embeddable":true,"href":"https:\/\/www.afaescolabarcelona.cat\/index.php\/wp-json\/wp\/v2\/comments?post=1971"}],"version-history":[{"count":3,"href":"https:\/\/www.afaescolabarcelona.cat\/index.php\/wp-json\/wp\/v2\/pages\/1971\/revisions"}],"predecessor-version":[{"id":2381,"href":"https:\/\/www.afaescolabarcelona.cat\/index.php\/wp-json\/wp\/v2\/pages\/1971\/revisions\/2381"}],"wp:attachment":[{"href":"https:\/\/www.afaescolabarcelona.cat\/index.php\/wp-json\/wp\/v2\/media?parent=1971"}],"curies":[{"name":"wp","href":"https:\/\/api.w.org\/{rel}","templated":true}]}}