{"id":222,"date":"2020-01-20T12:30:37","date_gmt":"2020-01-20T11:30:37","guid":{"rendered":"http:\/\/afaescolabarcelona.cat\/?page_id=222"},"modified":"2023-04-25T09:20:56","modified_gmt":"2023-04-25T08:20:56","slug":"futbol","status":"publish","type":"page","link":"https:\/\/www.afaescolabarcelona.cat\/index.php\/futbol\/","title":{"rendered":"F\u00fatbol"},"content":{"rendered":"\n<div class=\"wp-block-themeisle-blocks-advanced-columns has-1-columns has-desktop-equal-layout has-tablet-equal-layout has-mobile-equal-layout has-default-gap has-vertical-unset\" id=\"wp-block-themeisle-blocks-advanced-columns-dcbb3450\" style=\"border-width:0px;border-style:solid;border-color:#000000;border-radius:0px;justify-content:unset\"><div class=\"wp-themeisle-block-overlay\" style=\"opacity:0.5;mix-blend-mode:normal\"><\/div><div class=\"innerblocks-wrap\">\n<div class=\"wp-block-themeisle-blocks-advanced-column\" id=\"wp-block-themeisle-blocks-advanced-column-90174d66\" style=\"border-width:0px;border-style:solid;border-color:#000000;border-radius:0px\">\n<p><b>Dirigit a: <\/b>1er a 6\u00e8<\/p>\n<p><b>Responsable: <\/b>Associaci\u00f3 Esportiva Les Corts \u2013 UBAE (<a href=\"https:\/\/www.aelescorts.cat\/\" target=\"_blank\" rel=\"noopener\">https:\/\/www.aelescorts.cat\/<\/a>), entitat esportiva sense \u00e0nim de lucre que des de 1976 ofereix activitats extraescolars per iniciar infants i joves en la pr\u00e0ctica esportiva.<\/p>\n<p><b>Descripci\u00f3 de l\u2019activitat: <\/b>Pr\u00e0ctica del futbol sala des dels valors de treball d\u2019equip i l\u2019esportivitat. Els grups de 1r i 2n realitzen l\u2019activitat un dia a la setmana i de 3r a 6\u00e8 es fan dues sessions setmanals d\u2019activitat. Es treballa al voltant de tres objectius principals:\n<ol>\n<li>Facilitar l\u2019evoluci\u00f3 motriu de cada esportista d\u2019acord amb la seva capacitat d\u2019aprenentatge.<\/li>\n<li>Contribuir a la formaci\u00f3 de la persona mitjan\u00e7ant l\u2019educaci\u00f3 de les actituds, els valors i els h\u00e0bits que es deriven d\u2019una pr\u00e0ctica esportiva col\u00b7lectiva, respectuosa amb l\u2019entorn: companys, rivals, entrenadors, estament arbitral i material.<\/li>\n<li>Oferir un ambient de cohesi\u00f3 i motivaci\u00f3.<\/li>\n<\/ol>\nCada grup, segons la categoria, t\u00e9 marcat uns objectius esportius que s\u00f3n determinats per la direcci\u00f3 t\u00e8cnica a trav\u00e9s d\u2019una planificaci\u00f3 vertical. De manera global es va treballant:\n<ul>\n<li>la preparaci\u00f3 f\u00edsica,<\/li>\n<li>jocs esportius,<\/li>\n<li>bot, passades i recepci\u00f3,<\/li>\n<li>defensa i atac,<\/li>\n<li>mantenir la pilota,<\/li>\n<li>tir a cistella,<\/li>\n<li>h\u00e0bits higi\u00e8nics.<\/li>\n<\/ul>\nA partir de cicle mitj\u00e0 (3r), existeix la possibilitat de participar en la competici\u00f3 escolar en el marc del Consell de l\u2019esport escolar de Barcelona (<a href=\"https:\/\/ceeb.cat\/\" target=\"_blank\" rel=\"noopener\">https:\/\/ceeb.cat\/<\/a>). Caldr\u00e0 un m\u00ednim de 10 inscrits per cicle (3r+4t \/ 5\u00e8+6\u00e8) en la modalitat \u201cextraescolar+competici\u00f3\u201d. En cas de no arribar al m\u00ednim d\u2019inscrits per competir, s\u2019avisar\u00e0 a les fam\u00edlies per poder-se inscriure sense competir o b\u00e9 renunciar a l\u2019extraescolar. Els partits com a local habitualment es disputen el divendres a la tarda a l\u2019Escola Barcelona (o una altra escola de Les Corts), mentre que els partits com a visitant poden ser els divendres tarda o dissabtes al mat\u00ed, amb despla\u00e7aments majorit\u00e0riament dins Barcelona ciutat. El calendari de competici\u00f3 coincideix amb l\u2019escolar.<br><br>\nTots els infants tenen dret a l\u2019assist\u00e8ncia sanit\u00e0ria a trav\u00e9s d\u2019una m\u00fatua esportiva, si es fan mal durant un entrenament o una competici\u00f3. En aquest cas, s\u2019ha de comunicar a l\u2019entrenador\/a i us explicar\u00e0 el proc\u00e9s a seguir.\n<\/p>\n<p><b>Material \/ vestuari: <\/b>\n<ul>\n<li>Entrenaments: roba esportiva m\u00e9s cal\u00e7at esportiu. Es recomana una petita ampolla d\u2019aigua per hidratar-se durant l\u2019activitat o en finalitzar aquesta.<\/li>\n<li>Competici\u00f3: l\u2019entitat cedeix samarreta + pantal\u00f3 de partits i tot haur\u00e0 de ser retornat en finalitzar la temporada i en bon estat.<\/li>\n<\/ul><\/p>\n<p><b>Lloc de realitzaci\u00f3 i recollida: <\/b>L\u2019activitat es realitza al recinte escolar (pati). La recollida es far\u00e0 a les 17:15h per la porta de consergeria.<\/p>\n<\/div>\n<\/div><\/div>\n","protected":false},"excerpt":{"rendered":"<p>Dirigit a: 1er a 6\u00e8 Responsable: Associaci\u00f3 Esportiva Les Corts \u2013 UBAE (https:\/\/www.aelescorts.cat\/), entitat esportiva sense \u00e0nim de lucre que des de 1976 ofereix activitats extraescolars per iniciar infants i joves en la pr\u00e0ctica esportiva. Descripci\u00f3 de l\u2019activitat: Pr\u00e0ctica del futbol sala des dels valors de treball d\u2019equip i l\u2019esportivitat. [&hellip;]<\/p>\n","protected":false},"author":1,"featured_media":277,"parent":0,"menu_order":0,"comment_status":"closed","ping_status":"closed","template":"","meta":{"footnotes":""},"class_list":["post-222","page","type-page","status-publish","has-post-thumbnail","hentry"],"post_mailing_queue_ids":[],"_links":{"self":[{"href":"https:\/\/www.afaescolabarcelona.cat\/index.php\/wp-json\/wp\/v2\/pages\/222","targetHints":{"allow":["GET"]}}],"collection":[{"href":"https:\/\/www.afaescolabarcelona.cat\/index.php\/wp-json\/wp\/v2\/pages"}],"about":[{"href":"https:\/\/www.afaescolabarcelona.cat\/index.php\/wp-json\/wp\/v2\/types\/page"}],"author":[{"embeddable":true,"href":"https:\/\/www.afaescolabarcelona.cat\/index.php\/wp-json\/wp\/v2\/users\/1"}],"replies":[{"embeddable":true,"href":"https:\/\/www.afaescolabarcelona.cat\/index.php\/wp-json\/wp\/v2\/comments?post=222"}],"version-history":[{"count":4,"href":"https:\/\/www.afaescolabarcelona.cat\/index.php\/wp-json\/wp\/v2\/pages\/222\/revisions"}],"predecessor-version":[{"id":2379,"href":"https:\/\/www.afaescolabarcelona.cat\/index.php\/wp-json\/wp\/v2\/pages\/222\/revisions\/2379"}],"wp:featuredmedia":[{"embeddable":true,"href":"https:\/\/www.afaescolabarcelona.cat\/index.php\/wp-json\/wp\/v2\/media\/277"}],"wp:attachment":[{"href":"https:\/\/www.afaescolabarcelona.cat\/index.php\/wp-json\/wp\/v2\/media?parent=222"}],"curies":[{"name":"wp","href":"https:\/\/api.w.org\/{rel}","templated":true}]}}