{"id":2803,"date":"2025-06-10T18:43:58","date_gmt":"2025-06-10T17:43:58","guid":{"rendered":"https:\/\/www.afaescolabarcelona.cat\/?page_id=2803"},"modified":"2025-06-10T19:26:32","modified_gmt":"2025-06-10T18:26:32","slug":"cuina","status":"publish","type":"page","link":"https:\/\/www.afaescolabarcelona.cat\/index.php\/cuina\/","title":{"rendered":"Cuina"},"content":{"rendered":"\t\t<div data-elementor-type=\"wp-page\" data-elementor-id=\"2803\" class=\"elementor elementor-2803\">\n\t\t\t\t\t\t<div class=\"elementor-inner\">\n\t\t\t\t<div class=\"elementor-section-wrap\">\n\t\t\t\t\t\t\t\t\t<section class=\"elementor-section elementor-top-section elementor-element elementor-element-626afa9c elementor-section-boxed elementor-section-height-default elementor-section-height-default\" data-id=\"626afa9c\" data-element_type=\"section\">\n\t\t\t\t\t\t<div class=\"elementor-container elementor-column-gap-default\">\n\t\t\t\t\t\t\t<div class=\"elementor-row\">\n\t\t\t\t\t<div class=\"elementor-column elementor-col-100 elementor-top-column elementor-element elementor-element-71dfabdd\" data-id=\"71dfabdd\" data-element_type=\"column\">\n\t\t\t<div class=\"elementor-column-wrap elementor-element-populated\">\n\t\t\t\t\t\t\t<div class=\"elementor-widget-wrap\">\n\t\t\t\t\t\t<div class=\"elementor-element elementor-element-2e0b4cd9 elementor-widget elementor-widget-text-editor\" data-id=\"2e0b4cd9\" data-element_type=\"widget\" data-widget_type=\"text-editor.default\">\n\t\t\t\t<div class=\"elementor-widget-container\">\n\t\t\t\t\t\t\t\t<div class=\"elementor-text-editor elementor-clearfix\">\n\t\t\t\t<p><!-- wp:html --><\/p>\n<div style=\"border-width:0px;border-style:solid;border-color:#000000;border-radius:0px;justify-content:unset\">\n<div style=\"opacity:0.5;mix-blend-mode:normal\"><\/div>\n<div>\n<div style=\"border-width:0px;border-style:solid;border-color:#000000;border-radius:0px\">\n<p style=\"background-color:#efc87c\"><strong>Cuina de 4t a 6\u00e8<\/strong><\/p>\n<p><b>Dirigit a: <\/b>4t a 6\u00e8<\/p>\n<p><b>Responsable<\/b>: Diver\u2019s<\/p>\n<p><b><u>DESCRIPCI\u00d3 DE L\u2019ACTIVITAT:<\/u><\/b><\/p>\n<p><b>PRESENTACI\u00d3<\/b><\/p>\n<p>Cuina sense foc \u00e9s una activitat per divertir-nos aprenent a cuinar plats senzills. Jugarem a ser cuiners i cuineres tot apropant-nos al m\u00f3n de la cuina i l\u2019alimentaci\u00f3 saludable. Cada dia farem una recepta i guardarem les fitxes de les receptes perqu\u00e8 les repetiu a casa amb tota la fam\u00edlia.<\/p>\n<p><b>METODOLOGIA<\/b><\/p>\n<p>Cuinar un plat diari i ens l\u2019endurem a casa. No farem servir gas. Tot es fa amb instruments d\u2019inducci\u00f3 el\u00e8ctrics i forn el\u00e8ctric.<\/p>\n<p><b>OBJECTIUS<\/b><\/p>\n<ul>\n<li>Con\u00e8ixer diferents aliments, costums i gastronomia.<\/li>\n<li><span style=\"font-size: inherit;\">Con\u00e8ixer diferents utensilis culinaris, receptes i ingredients.<\/span><\/li>\n<li>Educar per la salut.<\/li>\n<li>Promoure h\u00e0bits higi\u00e8nics, alimentaci\u00f3 saludable i h\u00e0bits alimentaris.<\/li>\n<\/ul>\n<p><b>Material<\/b>: Cal portar un davantal i un \u2018tupper\u2019.<\/p>\n<p><b>Lloc de realitzaci\u00f3<\/b>: Sala petita annexa al menjador (antic menjador de professors) de l\u2019escola<\/p>\n<\/div>\n<\/div>\n<\/div>\n<p><!-- \/wp:html --><\/p>\n<p><!-- wp:paragraph --><\/p>\n<p><!-- \/wp:paragraph --><\/p>\t\t\t\t\t<\/div>\n\t\t\t\t\t\t<\/div>\n\t\t\t\t<\/div>\n\t\t\t\t\t\t<\/div>\n\t\t\t\t\t<\/div>\n\t\t<\/div>\n\t\t\t\t\t\t\t\t<\/div>\n\t\t\t\t\t<\/div>\n\t\t<\/section>\n\t\t\t\t\t\t\t\t\t<\/div>\n\t\t\t<\/div>\n\t\t\t\t\t<\/div>\n\t\t","protected":false},"excerpt":{"rendered":"<p>Cuina de 4t a 6\u00e8 Dirigit a: 4t a 6\u00e8 Responsable: Diver\u2019s DESCRIPCI\u00d3 DE L\u2019ACTIVITAT: PRESENTACI\u00d3 Cuina sense foc \u00e9s una activitat per divertir-nos aprenent a cuinar plats senzills. Jugarem a ser cuiners i cuineres tot apropant-nos al m\u00f3n de la cuina i l\u2019alimentaci\u00f3 saludable. Cada dia farem una recepta [&hellip;]<\/p>\n","protected":false},"author":1,"featured_media":2815,"parent":0,"menu_order":0,"comment_status":"closed","ping_status":"closed","template":"","meta":{"footnotes":""},"class_list":["post-2803","page","type-page","status-publish","has-post-thumbnail","hentry"],"post_mailing_queue_ids":[],"_links":{"self":[{"href":"https:\/\/www.afaescolabarcelona.cat\/index.php\/wp-json\/wp\/v2\/pages\/2803","targetHints":{"allow":["GET"]}}],"collection":[{"href":"https:\/\/www.afaescolabarcelona.cat\/index.php\/wp-json\/wp\/v2\/pages"}],"about":[{"href":"https:\/\/www.afaescolabarcelona.cat\/index.php\/wp-json\/wp\/v2\/types\/page"}],"author":[{"embeddable":true,"href":"https:\/\/www.afaescolabarcelona.cat\/index.php\/wp-json\/wp\/v2\/users\/1"}],"replies":[{"embeddable":true,"href":"https:\/\/www.afaescolabarcelona.cat\/index.php\/wp-json\/wp\/v2\/comments?post=2803"}],"version-history":[{"count":15,"href":"https:\/\/www.afaescolabarcelona.cat\/index.php\/wp-json\/wp\/v2\/pages\/2803\/revisions"}],"predecessor-version":[{"id":2824,"href":"https:\/\/www.afaescolabarcelona.cat\/index.php\/wp-json\/wp\/v2\/pages\/2803\/revisions\/2824"}],"wp:featuredmedia":[{"embeddable":true,"href":"https:\/\/www.afaescolabarcelona.cat\/index.php\/wp-json\/wp\/v2\/media\/2815"}],"wp:attachment":[{"href":"https:\/\/www.afaescolabarcelona.cat\/index.php\/wp-json\/wp\/v2\/media?parent=2803"}],"curies":[{"name":"wp","href":"https:\/\/api.w.org\/{rel}","templated":true}]}}