{"id":2825,"date":"2025-06-10T19:03:29","date_gmt":"2025-06-10T18:03:29","guid":{"rendered":"https:\/\/www.afaescolabarcelona.cat\/?page_id=2825"},"modified":"2025-06-10T20:19:33","modified_gmt":"2025-06-10T19:19:33","slug":"circ","status":"publish","type":"page","link":"https:\/\/www.afaescolabarcelona.cat\/index.php\/circ\/","title":{"rendered":"Circ"},"content":{"rendered":"\t\t<div data-elementor-type=\"wp-page\" data-elementor-id=\"2825\" class=\"elementor elementor-2825\">\n\t\t\t\t\t\t<div class=\"elementor-inner\">\n\t\t\t\t<div class=\"elementor-section-wrap\">\n\t\t\t\t\t\t\t\t\t<section class=\"elementor-section elementor-top-section elementor-element elementor-element-626afa9c elementor-section-boxed elementor-section-height-default elementor-section-height-default\" data-id=\"626afa9c\" data-element_type=\"section\">\n\t\t\t\t\t\t<div class=\"elementor-container elementor-column-gap-default\">\n\t\t\t\t\t\t\t<div class=\"elementor-row\">\n\t\t\t\t\t<div class=\"elementor-column elementor-col-100 elementor-top-column elementor-element elementor-element-71dfabdd\" data-id=\"71dfabdd\" data-element_type=\"column\">\n\t\t\t<div class=\"elementor-column-wrap elementor-element-populated\">\n\t\t\t\t\t\t\t<div class=\"elementor-widget-wrap\">\n\t\t\t\t\t\t<div class=\"elementor-element elementor-element-2e0b4cd9 elementor-widget elementor-widget-text-editor\" data-id=\"2e0b4cd9\" data-element_type=\"widget\" data-widget_type=\"text-editor.default\">\n\t\t\t\t<div class=\"elementor-widget-container\">\n\t\t\t\t\t\t\t\t<div class=\"elementor-text-editor elementor-clearfix\">\n\t\t\t\t<p><!-- wp:html --><\/p>\n<div style=\"border-radius: 0px; justify-content: unset; border: 0px solid #000000;\">\n<div style=\"opacity: 0.5; mix-blend-mode: normal;\"><\/div>\n<div>\n<div style=\"border-radius: 0px; border: 0px solid #000000;\">\n<p style=\"background-color: #efc87c;\"><strong>Circ d&#8217; i3-i5<\/strong><\/p>\n<p><b>Dirigit a: <\/b>i3, i4 i i5<\/p>\n<p><b>Responsable<\/b>:\u00a0<span style=\"font-size: inherit;\">Carlos P.<\/span><\/p>\n<p><b><u>DESCRIPCI\u00d3 DE L\u2019ACTIVITAT:<\/u><\/b><\/p>\n<p><b>PRESENTACI\u00d3\u00a0<\/b><\/p>\n<p>\u00c9s una proposta d\u2019educaci\u00f3 art\u00edstica en el temps de lleure, amb una forta base en l\u2019educaci\u00f3 en valors. Durant el curs es treballen diverses t\u00e8cniques com equilibris sobre objectes, malabars i\u00a0 acrob\u00e0cies . El treball en grup pels menuts d\u2019infantil afavoreix una adaptaci\u00f3 progressiva i un clima de confian\u00e7a i cohesi\u00f3 molt favorable per afrontar els reptes que planteja el circ.\u00a0<\/p>\n<p>Aquest art fomenta la creativitat, la imaginaci\u00f3, la psicomotricitat, el treball en i transmet valors<\/p>\n<p><\/p>\n<p><b>METODOLOGIA\u00a0<\/b><\/p>\n<ul>\n<li>Introducci\u00f3 a la sessi\u00f3 I jocs d\u2019activaci\u00f3 en grup.<\/li>\n<li>Escalfament.<\/li>\n<li>Part pr\u00e0ctica guiada pel formador, exercicis de les diferents t\u00e8cniques de malabars I equilibris.\u00a0<\/li>\n<li>Tornada a la calma amb exercicis d\u2019estirament i exercicis de reflexi\u00f3.<\/li>\n<\/ul>\n<p><\/p>\n<p><b>OBJECTIUS\u00a0<\/b><\/p>\n<ul>\n<li>Aprendre les diferents t\u00e8cniques de circ.<\/li>\n<li>Desenvolupar habilitats individuals.<\/li>\n<li>Desenvolupar habilitats socials.<\/li>\n<li>Adquirir h\u00e0bits saludables i bona forma f\u00edsica.<\/li>\n<li>Millorar l\u2019autoestima.<\/li>\n<li>Desenvolupar la creativitat mitjan\u00e7ant la imaginaci\u00f3 i el moviment.<\/li>\n<li>Desenvolupar l\u2019esperit cr\u00edtic i reflexionar en grup.<\/li>\n<\/ul>\n<p><\/p>\n<p><b>CONTINGUTS I ACTIVITATS\u00a0<\/b><\/p>\n<ul>\n<li>Malabars amb objectes pels menuts d\u2019infantil.<\/li>\n<li>Equilibris sense objectes (arribarem a posar-nos drets sobre una bola d\u2019equilibri de 85 cm\u00a0 de di\u00e0metre!).<\/li>\n<li>Acrob\u00e0cies.<\/li>\n<li>Expressi\u00f3 a trav\u00e9s del movement.<\/li>\n<li>Jocs i din\u00e0miques de grup.<\/li>\n<\/ul>\n<p><b>Material \/ vestuari<\/b>: L\u2019alumnat ha de portar roba c\u00f2moda i mitjons.<\/p>\n<p><b>Lloc de realitzaci\u00f3 i recollida<\/b>: L\u2019activitat es realitza a l\u2019espai de psicomotricitat d\u2019Infantil de l\u2019escola.<\/p>\n<p><\/p>\n<\/div>\n<\/div>\n<\/div>\n<p><!-- \/wp:html --><\/p>\n<p><!-- wp:paragraph --><\/p>\n<p><!-- \/wp:paragraph --><\/p>\t\t\t\t\t<\/div>\n\t\t\t\t\t\t<\/div>\n\t\t\t\t<\/div>\n\t\t\t\t\t\t<\/div>\n\t\t\t\t\t<\/div>\n\t\t<\/div>\n\t\t\t\t\t\t\t\t<\/div>\n\t\t\t\t\t<\/div>\n\t\t<\/section>\n\t\t\t\t\t\t\t\t\t<\/div>\n\t\t\t<\/div>\n\t\t\t\t\t<\/div>\n\t\t","protected":false},"excerpt":{"rendered":"<p>Circ d&#8217; i3-i5 Dirigit a: i3, i4 i i5 Responsable:\u00a0Carlos P. DESCRIPCI\u00d3 DE L\u2019ACTIVITAT: PRESENTACI\u00d3\u00a0 \u00c9s una proposta d\u2019educaci\u00f3 art\u00edstica en el temps de lleure, amb una forta base en l\u2019educaci\u00f3 en valors. Durant el curs es treballen diverses t\u00e8cniques com equilibris sobre objectes, malabars i\u00a0 acrob\u00e0cies . El treball [&hellip;]<\/p>\n","protected":false},"author":1,"featured_media":2831,"parent":0,"menu_order":0,"comment_status":"closed","ping_status":"closed","template":"","meta":{"footnotes":""},"class_list":["post-2825","page","type-page","status-publish","has-post-thumbnail","hentry"],"post_mailing_queue_ids":[],"_links":{"self":[{"href":"https:\/\/www.afaescolabarcelona.cat\/index.php\/wp-json\/wp\/v2\/pages\/2825","targetHints":{"allow":["GET"]}}],"collection":[{"href":"https:\/\/www.afaescolabarcelona.cat\/index.php\/wp-json\/wp\/v2\/pages"}],"about":[{"href":"https:\/\/www.afaescolabarcelona.cat\/index.php\/wp-json\/wp\/v2\/types\/page"}],"author":[{"embeddable":true,"href":"https:\/\/www.afaescolabarcelona.cat\/index.php\/wp-json\/wp\/v2\/users\/1"}],"replies":[{"embeddable":true,"href":"https:\/\/www.afaescolabarcelona.cat\/index.php\/wp-json\/wp\/v2\/comments?post=2825"}],"version-history":[{"count":9,"href":"https:\/\/www.afaescolabarcelona.cat\/index.php\/wp-json\/wp\/v2\/pages\/2825\/revisions"}],"predecessor-version":[{"id":2850,"href":"https:\/\/www.afaescolabarcelona.cat\/index.php\/wp-json\/wp\/v2\/pages\/2825\/revisions\/2850"}],"wp:featuredmedia":[{"embeddable":true,"href":"https:\/\/www.afaescolabarcelona.cat\/index.php\/wp-json\/wp\/v2\/media\/2831"}],"wp:attachment":[{"href":"https:\/\/www.afaescolabarcelona.cat\/index.php\/wp-json\/wp\/v2\/media?parent=2825"}],"curies":[{"name":"wp","href":"https:\/\/api.w.org\/{rel}","templated":true}]}}