{"id":2855,"date":"2025-06-10T19:32:12","date_gmt":"2025-06-10T18:32:12","guid":{"rendered":"https:\/\/www.afaescolabarcelona.cat\/?page_id=2855"},"modified":"2025-06-12T14:57:35","modified_gmt":"2025-06-12T13:57:35","slug":"programacio","status":"publish","type":"page","link":"https:\/\/www.afaescolabarcelona.cat\/index.php\/programacio\/","title":{"rendered":"Programaci\u00f3"},"content":{"rendered":"\t\t<div data-elementor-type=\"wp-page\" data-elementor-id=\"2855\" class=\"elementor elementor-2855\">\n\t\t\t\t\t\t<div class=\"elementor-inner\">\n\t\t\t\t<div class=\"elementor-section-wrap\">\n\t\t\t\t\t\t\t\t\t<section class=\"elementor-section elementor-top-section elementor-element elementor-element-626afa9c elementor-section-boxed elementor-section-height-default elementor-section-height-default\" data-id=\"626afa9c\" data-element_type=\"section\">\n\t\t\t\t\t\t<div class=\"elementor-container elementor-column-gap-default\">\n\t\t\t\t\t\t\t<div class=\"elementor-row\">\n\t\t\t\t\t<div class=\"elementor-column elementor-col-100 elementor-top-column elementor-element elementor-element-71dfabdd\" data-id=\"71dfabdd\" data-element_type=\"column\">\n\t\t\t<div class=\"elementor-column-wrap elementor-element-populated\">\n\t\t\t\t\t\t\t<div class=\"elementor-widget-wrap\">\n\t\t\t\t\t\t<div class=\"elementor-element elementor-element-2e0b4cd9 elementor-widget elementor-widget-text-editor\" data-id=\"2e0b4cd9\" data-element_type=\"widget\" data-widget_type=\"text-editor.default\">\n\t\t\t\t<div class=\"elementor-widget-container\">\n\t\t\t\t\t\t\t\t<div class=\"elementor-text-editor elementor-clearfix\">\n\t\t\t\t<p><!-- wp:html --><\/p>\n<div style=\"border-radius: 0px; justify-content: unset; border: 0px solid #000000;\">\n<div style=\"opacity: 0.5; mix-blend-mode: normal;\"><strong style=\"font-size: inherit;\"><span style=\"background-color: #efc87c;\">Programaci\u00f3: de 2n a 6\u00e8<\/span><\/strong><\/div>\n<div>\n<div style=\"border-radius: 0px; border: 0px solid #000000;\">\n<p>(Programaci\u00f3, Tecnologia Digital, Rob\u00f2tica i IA)<\/p>\n<p>Dirigit a: de 2n<b>* <\/b>a 6\u00e8 de prim\u00e0ria. Organitzat en dos grups:<\/p><p><strong data-start=\"31\" data-end=\"121\" style=\"font-size: inherit;\">* Per fer l&#8217;extraescolar, <u>\u00e9s necessari<\/u> que els i les alumnes de 2n tinguin ja assolida la lectoescriptura.<\/strong><\/p>\n<p data-start=\"123\" data-end=\"232\" data-is-last-node=\"\" data-is-only-node=\"\"><\/p>\n<p><b>Responsable<\/b>: Logiscool Les Corts. Referent internacional en educaci\u00f3 digital infantil i juvenil (6-18 anys) es va fundar l\u2019any 2014 i est\u00e0 present a 35 pa\u00efsos. A Espanya compten amb 6 seus; la de Les Corts funciona des de 2024.&nbsp;<\/p>\n<p><\/p>\n<p><u><b>DESCRIPCI\u00d3 DE L\u2019ACTIVITAT:<\/b><\/u><\/p>\n<p><b>PRESENTACI\u00d3<\/b><\/p>\n<ul>\n<li>Apropar el m\u00f3n digital a l&#8217;alumnat de forma l\u00fadica, segura i formativa, fomentant compet\u00e8ncies essencials per al seu futur:&nbsp;<\/li>\n<li>Pensament algor\u00edtmic, anal\u00edtic i l\u00f2gic&nbsp;<\/li>\n<li>Creativitat i resoluci\u00f3 de problemes&nbsp;<\/li>\n<li>Treball en equip i comunicaci\u00f3 digital responsable&nbsp;<\/li>\n<li>\u00das \u00e8tic d&#8217;eines emergents (IA, RV\/RA, impressi\u00f3 3D, videojocs)&nbsp;<\/li>\n<\/ul>\n<p><b>METODOLOGIA&nbsp;<\/b><\/p>\n<ul>\n<li>Aprenentatge basat en projectes: cada sessi\u00f3 culmina en un repte tangible.&nbsp;<\/li>\n<li>Grups redu\u00efts (8 alumnes) i nivellats.&nbsp;<\/li>\n<li>\u00das individual de la plataforma MyLogiscool (acc\u00e9s 24\/7).&nbsp;<\/li>\n<li>Avaluaci\u00f3 cont\u00ednua mitjan\u00e7ant participaci\u00f3, creativitat i projectes finals.&nbsp;<\/li>\n<li>Ambient inclusiu, motivador i segur.&nbsp;<\/li>\n<\/ul>\n<p><b>OBJECTIUS&nbsp;<\/b><\/p>\n<ul>\n<li>Introduir l&#8217;alumnat en el pensament computacional i la rob\u00f2tica.&nbsp;<\/li>\n<li>Desenvolupar habilitats de programaci\u00f3 i creaci\u00f3 de continguts digitals.&nbsp;<\/li>\n<li>Potenciar l&#8217;\u00fas responsable, \u00e8tic i creatiu de la tecnologia.&nbsp;<\/li>\n<li>Fomentar autonomia, l\u00f2gica i curiositat cient\u00edfica.&nbsp;<\/li>\n<li>Introduir tecnologies actuals: IA generativa, realitat virtual, disseny 3D, etc.&nbsp;<\/li>\n<\/ul>\n<p><b>CONTINGUTS PRINCIPALS&nbsp;<\/b><\/p>\n<p><u>GRUP A: DESCOBRIMENT DIGITAL (2n-3r)&nbsp;<\/u><\/p>\n<ul>\n<li>Fonaments de programaci\u00f3 per blocs (Scratch, Scoolcode, Kodu).&nbsp;<\/li>\n<li>Algoritmes: bucles, condicions, variables, aleatorietat.&nbsp;<\/li>\n<li>Rob\u00f2tica i altres eines programables: mBots&nbsp;<\/li>\n<li>Ciutadania digital: privacitat, netiqueta i ciberseguretat b\u00e0sica.&nbsp;<\/li>\n<li>Eines creatives (dibuix, edici\u00f3 d&#8217;imatge\/v\u00eddeo) i introducci\u00f3 a la IA (xatbots, assistents visuals).&nbsp;<\/li>\n<li><span style=\"font-size: inherit;\">Eines: Scoolcode, Kodu, imagi Edu, MakeCode, VEXcode VR, Paint, Canva.&nbsp;<\/span><\/li>\n<\/ul>\n<p><u>GRUP B: CREADORS DIGITALS (4t-6\u00e8)<\/u><\/p>\n<ul>\n<li>Disseny i programaci\u00f3 de videojocs (Scratch avan\u00e7at).&nbsp;<\/li>\n<li>Projectes amb IA aplicada: reconeixement d&#8217;imatges, TTS, prompts generatius.&nbsp;<\/li>\n<li>Disseny de productes digitals: apps m\u00f2bils.&nbsp;<\/li>\n<li>Realitat Augmentada i Virtual (CoSpaces Edu) i fonaments de disseny 3D.&nbsp;<\/li>\n<li>Introducci\u00f3 a tecnologies emergents: blockchain l\u00fadic, llars intel\u00b7ligents, sostenibilitat tech.&nbsp;<\/li>\n<\/ul>\n<p><b>Eines<\/b>: Scoolcode, Roblox Studio, CoSpaces Edu, plataformes d&#8217;IA, editors de v\u00eddeo\/so, Canva.&nbsp;<\/p>\n<p><b>Material<\/b>: Cada participant disposa d&#8217;ordinador personal i materials necessaris.&nbsp;<\/p>\n<p><b>Horari<\/b>: De 16:15h a 17:15h.&nbsp;<\/p>\n<p><b>Lloc de realitzaci\u00f3 i recollida<\/b>: A les instal\u00b7lacions de Logiscool Les Corts ubicades al carrer Pobla de Lillet 4, al barri de Les Corts. El seu equip recull l&#8217;alumnat a l&#8217;escola i l&#8217;acompanya al centre.&nbsp;<\/p>\n<p><\/p>\n<\/div>\n<\/div>\n<\/div>\n<p><!-- \/wp:html --><\/p>\n<p><!-- wp:paragraph --><\/p>\n<p><!-- \/wp:paragraph --><\/p>\t\t\t\t\t<\/div>\n\t\t\t\t\t\t<\/div>\n\t\t\t\t<\/div>\n\t\t\t\t\t\t<\/div>\n\t\t\t\t\t<\/div>\n\t\t<\/div>\n\t\t\t\t\t\t\t\t<\/div>\n\t\t\t\t\t<\/div>\n\t\t<\/section>\n\t\t\t\t\t\t\t\t\t<\/div>\n\t\t\t<\/div>\n\t\t\t\t\t<\/div>\n\t\t","protected":false},"excerpt":{"rendered":"<p>Programaci\u00f3: de 2n a 6\u00e8 (Programaci\u00f3, Tecnologia Digital, Rob\u00f2tica i IA) Dirigit a: de 2n* a 6\u00e8 de prim\u00e0ria. Organitzat en dos grups: * Per fer l&#8217;extraescolar, \u00e9s necessari que els i les alumnes de 2n tinguin ja assolida la lectoescriptura. Responsable: Logiscool Les Corts. Referent internacional en educaci\u00f3 digital [&hellip;]<\/p>\n","protected":false},"author":1,"featured_media":2880,"parent":0,"menu_order":0,"comment_status":"closed","ping_status":"closed","template":"","meta":{"footnotes":""},"class_list":["post-2855","page","type-page","status-publish","has-post-thumbnail","hentry"],"post_mailing_queue_ids":[],"_links":{"self":[{"href":"https:\/\/www.afaescolabarcelona.cat\/index.php\/wp-json\/wp\/v2\/pages\/2855","targetHints":{"allow":["GET"]}}],"collection":[{"href":"https:\/\/www.afaescolabarcelona.cat\/index.php\/wp-json\/wp\/v2\/pages"}],"about":[{"href":"https:\/\/www.afaescolabarcelona.cat\/index.php\/wp-json\/wp\/v2\/types\/page"}],"author":[{"embeddable":true,"href":"https:\/\/www.afaescolabarcelona.cat\/index.php\/wp-json\/wp\/v2\/users\/1"}],"replies":[{"embeddable":true,"href":"https:\/\/www.afaescolabarcelona.cat\/index.php\/wp-json\/wp\/v2\/comments?post=2855"}],"version-history":[{"count":22,"href":"https:\/\/www.afaescolabarcelona.cat\/index.php\/wp-json\/wp\/v2\/pages\/2855\/revisions"}],"predecessor-version":[{"id":2907,"href":"https:\/\/www.afaescolabarcelona.cat\/index.php\/wp-json\/wp\/v2\/pages\/2855\/revisions\/2907"}],"wp:featuredmedia":[{"embeddable":true,"href":"https:\/\/www.afaescolabarcelona.cat\/index.php\/wp-json\/wp\/v2\/media\/2880"}],"wp:attachment":[{"href":"https:\/\/www.afaescolabarcelona.cat\/index.php\/wp-json\/wp\/v2\/media?parent=2855"}],"curies":[{"name":"wp","href":"https:\/\/api.w.org\/{rel}","templated":true}]}}