{"id":2878,"date":"2025-06-10T20:59:20","date_gmt":"2025-06-10T19:59:20","guid":{"rendered":"https:\/\/www.afaescolabarcelona.cat\/?page_id=2878"},"modified":"2025-06-10T21:00:15","modified_gmt":"2025-06-10T20:00:15","slug":"escacs-2","status":"publish","type":"page","link":"https:\/\/www.afaescolabarcelona.cat\/index.php\/escacs-2\/","title":{"rendered":"Escacs"},"content":{"rendered":"\t\t<div data-elementor-type=\"wp-page\" data-elementor-id=\"2878\" class=\"elementor elementor-2878\">\n\t\t\t\t\t\t<div class=\"elementor-inner\">\n\t\t\t\t<div class=\"elementor-section-wrap\">\n\t\t\t\t\t\t\t\t\t<section class=\"elementor-section elementor-top-section elementor-element elementor-element-626afa9c elementor-section-boxed elementor-section-height-default elementor-section-height-default\" data-id=\"626afa9c\" data-element_type=\"section\">\n\t\t\t\t\t\t<div class=\"elementor-container elementor-column-gap-default\">\n\t\t\t\t\t\t\t<div class=\"elementor-row\">\n\t\t\t\t\t<div class=\"elementor-column elementor-col-100 elementor-top-column elementor-element elementor-element-71dfabdd\" data-id=\"71dfabdd\" data-element_type=\"column\">\n\t\t\t<div class=\"elementor-column-wrap elementor-element-populated\">\n\t\t\t\t\t\t\t<div class=\"elementor-widget-wrap\">\n\t\t\t\t\t\t<div class=\"elementor-element elementor-element-2e0b4cd9 elementor-widget elementor-widget-text-editor\" data-id=\"2e0b4cd9\" data-element_type=\"widget\" data-widget_type=\"text-editor.default\">\n\t\t\t\t<div class=\"elementor-widget-container\">\n\t\t\t\t\t\t\t\t<div class=\"elementor-text-editor elementor-clearfix\">\n\t\t\t\t<p><!-- wp:html --><\/p>\n<div style=\"border-radius: 0px; justify-content: unset; border: 0px solid #000000;\">\n<div style=\"opacity: 0.5; mix-blend-mode: normal;\"><\/div>\n<div>\n<div style=\"border-radius: 0px; border: 0px solid #000000;\">\n<p style=\"\"><strong style=\"\"><span style=\"background-color: rgb(239, 200, 124);\">Escacs: de 1r a 6\u00e8<\/span><\/strong><\/p>\n<p><b>Dirigit <\/b>a: 1r a 6\u00e8<\/p>\n<p><b>Responsable<\/b>: Sergi G.<\/p>\n<p><b><u>DESCRIPCI\u00d3 DE L\u2019ACTIVITAT:<\/u><\/b><\/p>\n<p><b>PRESENTACI\u00d3<\/b><\/p>\n<p>\u00c9s una activitat l\u00fadica d\u2019origen mil\u00b7lenari que es juga a gaireb\u00e9 tots els pa\u00efsos del m\u00f3n. T\u00e9 una base matem\u00e0tica. Estimula l\u2019atenci\u00f3, la concentraci\u00f3, la mem\u00f2ria, la intel\u00b7lig\u00e8ncia, i la capacitat d\u2019an\u00e0lisi. Tamb\u00e9 estimula l\u2019autoestima, la sana competitivitat i el treball en equip i dona unes pautes \u00e8tiques. Convida a l\u2019estudi, la preparaci\u00f3 i avaluaci\u00f3 permanent i al perfeccionament individual. T\u00e9 un fort potencial de motivaci\u00f3, d\u2019orientaci\u00f3 cap a l&#8217;an\u00e0lisi d\u2019objectius, propostes i solucions.<\/p>\n<p><b>METODOLOGIA<\/b><\/p>\n<p>La din\u00e0mica de classe \u00e9s que els alumnes no deixin de jugar a escacs en cap moment, i el professor va passant pels taulells i veient posicions on pot explicar t\u00e0ctiques i altres jugades. No obstant aix\u00f2, cada dia aturem 10-15 minuts la classe per a explicar diferents conceptes, alguns molt f\u00e0cils, i altres molt avan\u00e7ats, per\u00f2 la q\u00fcesti\u00f3 \u00e9s que els hi vagin sonant.<\/p>\n<p>Escacs sempre, \u00e9s a dir, jugar partides i tocar les peces SEMPRE, a totes les classes.<\/p>\n<p>I un cop els taulells posats, combinar teoria dels escacs (obertures, mig joc \/estrat\u00e8gia, i finals).<\/p>\n<p>A m\u00e9s a m\u00e9s, afegir tot el que \u00e9s necessari per al desenvolupament dels alumnes: combinar els escacs amb les matem\u00e0tiques, amb la m\u00fasica, amb la hist\u00f2ria&#8230; i com no, hist\u00f2ria dels escacs: jugadors m\u00e9s importants, partides memorables, partides i campionats actuals, etc.<\/p>\n<p>I finalment, disposaran sempre del suport de Twitter per estar al dia de tot el que es desenvolupa en l&#8217;actualitat en el m\u00f3n dels escacs, aix\u00ed com v\u00eddeos exclusivament accessibles pels alumnes.<\/p>\n<p><b>OBJECTIUS&nbsp;<\/b><\/p>\n<ul>\n<li>Con\u00e8ixer els elements b\u00e0sics del joc: el tauler, les peces.<\/li>\n<li>Aprendre a \u2018saber esperar\u2019 i pensar.<\/li>\n<li>Con\u00e8ixer tipus de jugades (atac, defensa i err\u00f2nies).<\/li>\n<li>Con\u00e8ixer diverses t\u00e0ctiques.<\/li>\n<li>Recon\u00e8ixer com pot acabar una partida.<\/li>\n<li>Treballar les capacitats de concentraci\u00f3, atenci\u00f3, c\u00e0lcul mental<\/li>\n<li>Treballar la mem\u00f2ria.<\/li>\n<\/ul>\n<p><b>Material<\/b>: No cal portar res.<\/p>\n<p><b>Lloc de realitzaci\u00f3<\/b>: Aula de l\u2019escola amb pantalla digital interactiva.<\/p>\n<p><\/p>\n<\/div>\n<\/div>\n<\/div>\n<p><!-- \/wp:html --><\/p>\n<p><!-- wp:paragraph --><\/p>\n<p><!-- \/wp:paragraph --><\/p>\t\t\t\t\t<\/div>\n\t\t\t\t\t\t<\/div>\n\t\t\t\t<\/div>\n\t\t\t\t\t\t<\/div>\n\t\t\t\t\t<\/div>\n\t\t<\/div>\n\t\t\t\t\t\t\t\t<\/div>\n\t\t\t\t\t<\/div>\n\t\t<\/section>\n\t\t\t\t\t\t\t\t\t<\/div>\n\t\t\t<\/div>\n\t\t\t\t\t<\/div>\n\t\t","protected":false},"excerpt":{"rendered":"<p>Escacs: de 1r a 6\u00e8 Dirigit a: 1r a 6\u00e8 Responsable: Sergi G. DESCRIPCI\u00d3 DE L\u2019ACTIVITAT: PRESENTACI\u00d3 \u00c9s una activitat l\u00fadica d\u2019origen mil\u00b7lenari que es juga a gaireb\u00e9 tots els pa\u00efsos del m\u00f3n. T\u00e9 una base matem\u00e0tica. Estimula l\u2019atenci\u00f3, la concentraci\u00f3, la mem\u00f2ria, la intel\u00b7lig\u00e8ncia, i la capacitat d\u2019an\u00e0lisi. Tamb\u00e9 [&hellip;]<\/p>\n","protected":false},"author":1,"featured_media":2867,"parent":0,"menu_order":0,"comment_status":"closed","ping_status":"closed","template":"","meta":{"footnotes":""},"class_list":["post-2878","page","type-page","status-publish","has-post-thumbnail","hentry"],"post_mailing_queue_ids":[],"_links":{"self":[{"href":"https:\/\/www.afaescolabarcelona.cat\/index.php\/wp-json\/wp\/v2\/pages\/2878","targetHints":{"allow":["GET"]}}],"collection":[{"href":"https:\/\/www.afaescolabarcelona.cat\/index.php\/wp-json\/wp\/v2\/pages"}],"about":[{"href":"https:\/\/www.afaescolabarcelona.cat\/index.php\/wp-json\/wp\/v2\/types\/page"}],"author":[{"embeddable":true,"href":"https:\/\/www.afaescolabarcelona.cat\/index.php\/wp-json\/wp\/v2\/users\/1"}],"replies":[{"embeddable":true,"href":"https:\/\/www.afaescolabarcelona.cat\/index.php\/wp-json\/wp\/v2\/comments?post=2878"}],"version-history":[{"count":2,"href":"https:\/\/www.afaescolabarcelona.cat\/index.php\/wp-json\/wp\/v2\/pages\/2878\/revisions"}],"predecessor-version":[{"id":2886,"href":"https:\/\/www.afaescolabarcelona.cat\/index.php\/wp-json\/wp\/v2\/pages\/2878\/revisions\/2886"}],"wp:featuredmedia":[{"embeddable":true,"href":"https:\/\/www.afaescolabarcelona.cat\/index.php\/wp-json\/wp\/v2\/media\/2867"}],"wp:attachment":[{"href":"https:\/\/www.afaescolabarcelona.cat\/index.php\/wp-json\/wp\/v2\/media?parent=2878"}],"curies":[{"name":"wp","href":"https:\/\/api.w.org\/{rel}","templated":true}]}}