{"id":301,"date":"2020-01-24T23:48:26","date_gmt":"2020-01-24T22:48:26","guid":{"rendered":"http:\/\/afaescolabarcelona.cat\/?page_id=301"},"modified":"2023-10-03T10:53:17","modified_gmt":"2023-10-03T09:53:17","slug":"patinatge","status":"publish","type":"page","link":"https:\/\/www.afaescolabarcelona.cat\/index.php\/patinatge\/","title":{"rendered":"Patinatge Art\u00edstic"},"content":{"rendered":"\n<div class=\"wp-block-themeisle-blocks-advanced-columns has-1-columns has-desktop-equal-layout has-tablet-equal-layout has-mobile-equal-layout has-default-gap has-vertical-unset\" id=\"wp-block-themeisle-blocks-advanced-columns-dcbb3450\" style=\"border-width:0px;border-style:solid;border-color:#000000;border-radius:0px;justify-content:unset\"><div class=\"wp-themeisle-block-overlay\" style=\"opacity:0.5;mix-blend-mode:normal\"><\/div><div class=\"innerblocks-wrap\">\n<div class=\"wp-block-themeisle-blocks-advanced-column\" id=\"wp-block-themeisle-blocks-advanced-column-90174d66\" style=\"border-width:0px;border-style:solid;border-color:#000000;border-radius:0px\">\n<p><b>Dirigit a: <\/b>de 1er a 6\u00e8<\/p>\n<p><b>Responsable: <\/b>EduActivities (<a href=\"https:\/\/www.eduactivities.cat\/\" target=\"_blank\" rel=\"noopener\">https:\/\/www.eduactivities.cat\/<\/a>)<\/p>\n<p><b>Descripci\u00f3 de l\u2019activitat: <\/b><br>\nAquesta activitat t\u00e9 com a objectiu iniciar a tots els alumnes en aquesta disciplina. \u00c9s una activitat molt din\u00e0mica i de r\u00e0pid aprenentatge que permet que els propis alumnes vegin la seva progressi\u00f3. Mitjan\u00e7ant el joc anirem millorant tots els aspectes f\u00edsics i t\u00e8cnics d\u2019aquest esport.<br><br>\nPatinarem endavant i enrere amb una posici\u00f3 del cos correcte, realitzarem les figures d&#8217;equilibri, practicarem les mesures de seguretat com la caiguda, l\u2019aixecament i la frenada.<br><br>Poden participar en el \u201cPas de nivell\u201d de manera volunt\u00e0ria tots els infants que vulguin certificar el seu aprenentatge. Tamb\u00e9 en les jornades interescolars d\u2019exhibici\u00f3 organitzades pel Consell de l\u2019Esport de Barcelona.<\/p>\n<p><b>Material \/ vestuari: <\/b>Els infants han de venir amb roba c\u00f2moda i el\u00e0stica posada des de casa, mitjons llargs i cabell recollit. Es recomana portar patins de quatre rodes (dues davant i dues al darrera). Qui vulgui pot portar proteccions els primers dies.<\/p>\n<p><b>Lloc de realitzaci\u00f3 i recollida: <\/b>L\u2019activitat es realitza al pati de l\u2019escola. La recollida es far\u00e0 a les 17:15h al porxo de l\u2019escola.<\/p><\/div>\n<\/div><\/div>\n\n\n\n<p><\/p>\n","protected":false},"excerpt":{"rendered":"<p>Dirigit a: de 1er a 6\u00e8 Responsable: EduActivities (https:\/\/www.eduactivities.cat\/) Descripci\u00f3 de l\u2019activitat: Aquesta activitat t\u00e9 com a objectiu iniciar a tots els alumnes en aquesta disciplina. \u00c9s una activitat molt din\u00e0mica i de r\u00e0pid aprenentatge que permet que els propis alumnes vegin la seva progressi\u00f3. Mitjan\u00e7ant el joc anirem millorant [&hellip;]<\/p>\n","protected":false},"author":1,"featured_media":0,"parent":0,"menu_order":0,"comment_status":"closed","ping_status":"closed","template":"","meta":{"footnotes":""},"class_list":["post-301","page","type-page","status-publish","hentry"],"post_mailing_queue_ids":[],"_links":{"self":[{"href":"https:\/\/www.afaescolabarcelona.cat\/index.php\/wp-json\/wp\/v2\/pages\/301","targetHints":{"allow":["GET"]}}],"collection":[{"href":"https:\/\/www.afaescolabarcelona.cat\/index.php\/wp-json\/wp\/v2\/pages"}],"about":[{"href":"https:\/\/www.afaescolabarcelona.cat\/index.php\/wp-json\/wp\/v2\/types\/page"}],"author":[{"embeddable":true,"href":"https:\/\/www.afaescolabarcelona.cat\/index.php\/wp-json\/wp\/v2\/users\/1"}],"replies":[{"embeddable":true,"href":"https:\/\/www.afaescolabarcelona.cat\/index.php\/wp-json\/wp\/v2\/comments?post=301"}],"version-history":[{"count":7,"href":"https:\/\/www.afaescolabarcelona.cat\/index.php\/wp-json\/wp\/v2\/pages\/301\/revisions"}],"predecessor-version":[{"id":2512,"href":"https:\/\/www.afaescolabarcelona.cat\/index.php\/wp-json\/wp\/v2\/pages\/301\/revisions\/2512"}],"wp:attachment":[{"href":"https:\/\/www.afaescolabarcelona.cat\/index.php\/wp-json\/wp\/v2\/media?parent=301"}],"curies":[{"name":"wp","href":"https:\/\/api.w.org\/{rel}","templated":true}]}}