{"id":304,"date":"2020-01-24T23:50:23","date_gmt":"2020-01-24T22:50:23","guid":{"rendered":"http:\/\/afaescolabarcelona.cat\/?page_id=304"},"modified":"2023-04-21T15:05:24","modified_gmt":"2023-04-21T14:05:24","slug":"musica","status":"publish","type":"page","link":"https:\/\/www.afaescolabarcelona.cat\/index.php\/musica\/","title":{"rendered":"M\u00fasica"},"content":{"rendered":"\n<div class=\"wp-block-themeisle-blocks-advanced-columns has-1-columns has-desktop-equal-layout has-tablet-equal-layout has-mobile-equal-layout has-default-gap has-vertical-unset\" id=\"wp-block-themeisle-blocks-advanced-columns-dcbb3450\" style=\"border-width:0px;border-style:solid;border-color:#000000;border-radius:0px;justify-content:unset\"><div class=\"wp-themeisle-block-overlay\" style=\"opacity:0.5;mix-blend-mode:normal\"><\/div><div class=\"innerblocks-wrap\">\n<div class=\"wp-block-themeisle-blocks-advanced-column\" id=\"wp-block-themeisle-blocks-advanced-column-90174d66\" style=\"border-width:0px;border-style:solid;border-color:#000000;border-radius:0px\">\n<p style=\"background-color:#efc87c\"><strong>Nom activitat: Sensibilitzaci\u00f3 musical<\/strong><\/p>\n<p><b>Dirigit a: <\/b>I3 a I5<\/p>\n<p><b>Responsable: <\/b>Escola de m\u00fasica Esclat, amb m\u00e9s de 30 anys d&#8217;experi\u00e8ncia. Tot i que Esclat es defineix com a escola cl\u00e0ssica degut a la nostra vinculaci\u00f3 amb el Conservatori Superior de M\u00fasica del Liceu, tamb\u00e9 ofereix gran varietat d\u2019especialitats en la vessant moderna. Pretenem doncs que sigui una escola oberta a tothom (petits, joves i grans) i amb objectius ben diferents: sensibilitzaci\u00f3, per gaudir-ne o b\u00e9 per professionalitzar-se.<\/p>\n<p><b>Descripci\u00f3 de l\u2019activitat: <\/b>\u00c9s el primer contacte que els infants tenen en l\u2019entorn de la m\u00fasica, aqu\u00ed descobreixen els sons i la seva capacitat de manipular-lo. Tamb\u00e9 se\u2019ls presenten de forma pr\u00e0ctica els diferents instruments per tal qu\u00e8, m\u00e9s endavant, mitjan\u00e7ant un seguiment rigor\u00f3s per part de tot el professorat implicat, puguin escollir-ne el que ser\u00e0 el seu instrument principal a partir del Programa B\u00e0sic. Consta de tres cursos:\n<ul>\n<li>INICIACI\u00d3 I (3 anys): Desenvolupament de la sensibilitat i les capacitats de l\u2019infant amb el primer contacte en el m\u00f3n musical a trav\u00e9s del joc, la r\u00edtmica, el moviment i la can\u00e7\u00f3. Iniciaci\u00f3 en un petit taller d\u2019instruments.<\/li>\n<li>INICIACI\u00d3 II (4 anys): Descobriment de les qualitats del so mitjan\u00e7ant la manipulaci\u00f3 dels instruments a trav\u00e9s de jocs cooperatius, audici\u00f3, dansa i can\u00e7\u00f3. Continuaci\u00f3 del taller d\u2019instruments amb una gamma m\u00e9s \u00e0mplia.<\/li>\n<li>INICIACI\u00d3 III (5 anys): Audicions pedag\u00f2giques i immersi\u00f3 en el mon del llenguatge musical a fi de desenvolupar l\u2019o\u00efda i despertar la curiositat per algun dels instruments treballats. Continuaci\u00f3 del taller d\u2019instruments.<\/li>\n<\/ul>\n<\/p>\n<p><b>Material \/ vestuari: <\/b>L\u2019alumnat ha de portar les partitures\/material que els hi anirem proporcionant.<\/p>\n<p><b>Lloc de realitzaci\u00f3 i recollida: <\/b>L\u2019activitat es realitza al recinte escolar. La recollida es far\u00e0 a les 17:00h per la porta de consergeria.<\/p><br><br>\n<p style=\"background-color:#efc87c\"><strong>Nom activitat: Llenguatge Musical<\/strong><\/p>\n<p><b>Dirigit a: <\/b>1er a 6\u00e8<\/p>\n<p><b>Responsable: <\/b>Escola de m\u00fasica Esclat, amb m\u00e9s de 30 anys d&#8217;experi\u00e8ncia. Tot i que Esclat es defineix com a escola cl\u00e0ssica degut a la nostra vinculaci\u00f3 amb el Conservatori Superior de M\u00fasica del Liceu, tamb\u00e9 ofereix gran varietat d\u2019especialitats en la vessant moderna. Pretenem doncs que sigui una escola oberta a tothom (petits, joves i grans) i amb objectius ben diferents: sensibilitzaci\u00f3, per gaudir-ne o b\u00e9 per professionalitzar-se.<\/p>\n<p><b>Descripci\u00f3 de l\u2019activitat: <\/b>Est\u00e0 adre\u00e7ada a nens i nenes a partir dels 6 anys i aficionats de qualsevol edat. En els ensenyaments art\u00edstics \u00e9s fonamental desenvolupar la seva sensibilitat i la creativitat, i una de les principals finalitats de l\u2019activitat \u00e9s motivar l\u2019alumne per a la pr\u00e0ctica musical doncs \u00e9s amb la pr\u00e0ctica instrumental i vocal de la m\u00fasica, m\u00e9s enll\u00e0 de l\u2019aprenentatge dels aspectes m\u00e9s te\u00f2rics i\/o abstractes, que el\/la jove m\u00fasic\/a anir\u00e0 desenvolupant progressivament les seves capacitats: domini de la t\u00e8cnica instrumental, o\u00efda, sentit r\u00edtmic, mel\u00f2dic, harm\u00f2nic, an\u00e0lisi musical, destresa amb la lectura del s\u00edmbols musicals, capacitat d\u2019utilitzar el llenguatge musical per a reproduir all\u00f2 que escolta i tamb\u00e9 per crear la seva pr\u00f2pia m\u00fasica.<br><br>\nTot plegat amb l\u2019objectiu de gaudir de la pr\u00e0ctica musical, aprendre des de la pr\u00e0ctica i a partir del repertori, potenciar l\u2019an\u00e0lisi, desenvolupar la capacitat auditiva aix\u00ed com art\u00edstica i creativa, fomentar el treball en conjunts instrumentals i vocals i tamb\u00e9 la motivaci\u00f3.<\/p>\n<p><b>Material \/ vestuari: <\/b>L\u2019alumnat ha de portar les partitures\/material que els hi anirem proporcionant.<\/p>\n<p><b>Lloc de realitzaci\u00f3 i recollida: <\/b>L\u2019activitat es realitza al recinte escolar. La recollida es far\u00e0 a les 17:00h per la porta de consergeria.<\/p><br><br>\n<p style=\"background-color:#efc87c\"><strong>Nom activitat: Instruments<\/strong><\/p>\n<p><b>Dirigit a: <\/b>1er a 6\u00e8<\/p>\n<p><b>Responsable: <\/b>Escola de m\u00fasica Esclat, amb m\u00e9s de 30 anys d&#8217;experi\u00e8ncia. Tot i que Esclat es defineix com a escola cl\u00e0ssica degut a la nostra vinculaci\u00f3 amb el Conservatori Superior de M\u00fasica del Liceu, tamb\u00e9 ofereix gran varietat d\u2019especialitats en la vessant moderna. Pretenem doncs que sigui una escola oberta a tothom (petits, joves i grans) i amb objectius ben diferents: sensibilitzaci\u00f3, per gaudir-ne o b\u00e9 per professionalitzar-se.<\/p>\n<p><b>Descripci\u00f3 de l\u2019activitat: <\/b>Cursos d\u2019aprenentatge d\u2019instruments impartits per professorat expert. Les classes es fan individualment o, si es desitja, compartides amb un altre alumne\/a que tingui uns coneixements de nivell similar.<br><br> \nEls instruments que treballem s\u00f3n: piano (cl\u00e0ssic i modern), guitarra (cl\u00e0ssica i el\u00e8ctrica), baix el\u00e8ctric, viol\u00ed, trompeta, flauta travessera i ukelele.<\/p>\n<p><b>Material \/ vestuari: <\/b>L\u2019alumne\/a ha de portar el seu propi instrument, a excepci\u00f3 dels que fan piano. Tothom ha de portar les partitures que els hi anirem proporcionant.<\/p>\n<p><b>Lloc de realitzaci\u00f3 i recollida: <\/b>L\u2019activitat es realitza al recinte escolar al mig dia.<\/p><\/div>\n<\/div><\/div>\n","protected":false},"excerpt":{"rendered":"<p>Nom activitat: Sensibilitzaci\u00f3 musical Dirigit a: I3 a I5 Responsable: Escola de m\u00fasica Esclat, amb m\u00e9s de 30 anys d&#8217;experi\u00e8ncia. Tot i que Esclat es defineix com a escola cl\u00e0ssica degut a la nostra vinculaci\u00f3 amb el Conservatori Superior de M\u00fasica del Liceu, tamb\u00e9 ofereix gran varietat d\u2019especialitats en la [&hellip;]<\/p>\n","protected":false},"author":1,"featured_media":0,"parent":0,"menu_order":0,"comment_status":"closed","ping_status":"closed","template":"","meta":{"footnotes":""},"class_list":["post-304","page","type-page","status-publish","hentry"],"post_mailing_queue_ids":[],"_links":{"self":[{"href":"https:\/\/www.afaescolabarcelona.cat\/index.php\/wp-json\/wp\/v2\/pages\/304","targetHints":{"allow":["GET"]}}],"collection":[{"href":"https:\/\/www.afaescolabarcelona.cat\/index.php\/wp-json\/wp\/v2\/pages"}],"about":[{"href":"https:\/\/www.afaescolabarcelona.cat\/index.php\/wp-json\/wp\/v2\/types\/page"}],"author":[{"embeddable":true,"href":"https:\/\/www.afaescolabarcelona.cat\/index.php\/wp-json\/wp\/v2\/users\/1"}],"replies":[{"embeddable":true,"href":"https:\/\/www.afaescolabarcelona.cat\/index.php\/wp-json\/wp\/v2\/comments?post=304"}],"version-history":[{"count":12,"href":"https:\/\/www.afaescolabarcelona.cat\/index.php\/wp-json\/wp\/v2\/pages\/304\/revisions"}],"predecessor-version":[{"id":2296,"href":"https:\/\/www.afaescolabarcelona.cat\/index.php\/wp-json\/wp\/v2\/pages\/304\/revisions\/2296"}],"wp:attachment":[{"href":"https:\/\/www.afaescolabarcelona.cat\/index.php\/wp-json\/wp\/v2\/media?parent=304"}],"curies":[{"name":"wp","href":"https:\/\/api.w.org\/{rel}","templated":true}]}}