{"id":336,"date":"2020-01-25T00:24:51","date_gmt":"2020-01-24T23:24:51","guid":{"rendered":"http:\/\/afaescolabarcelona.cat\/?page_id=336"},"modified":"2025-06-16T16:44:15","modified_gmt":"2025-06-16T15:44:15","slug":"normativa-extraescolars","status":"publish","type":"page","link":"https:\/\/www.afaescolabarcelona.cat\/index.php\/normativa-extraescolars\/","title":{"rendered":"Normativa Extraescolars"},"content":{"rendered":"\t\t<div data-elementor-type=\"wp-page\" data-elementor-id=\"336\" class=\"elementor elementor-336\">\n\t\t\t\t\t\t<div class=\"elementor-inner\">\n\t\t\t\t<div class=\"elementor-section-wrap\">\n\t\t\t\t\t\t\t\t\t<section class=\"elementor-section elementor-top-section elementor-element elementor-element-13c67d26 elementor-section-boxed elementor-section-height-default elementor-section-height-default\" data-id=\"13c67d26\" data-element_type=\"section\">\n\t\t\t\t\t\t<div class=\"elementor-container elementor-column-gap-default\">\n\t\t\t\t\t\t\t<div class=\"elementor-row\">\n\t\t\t\t\t<div class=\"elementor-column elementor-col-100 elementor-top-column elementor-element elementor-element-696b7b90\" data-id=\"696b7b90\" data-element_type=\"column\">\n\t\t\t<div class=\"elementor-column-wrap elementor-element-populated\">\n\t\t\t\t\t\t\t<div class=\"elementor-widget-wrap\">\n\t\t\t\t\t\t<div class=\"elementor-element elementor-element-4989ece8 elementor-widget elementor-widget-text-editor\" data-id=\"4989ece8\" data-element_type=\"widget\" data-widget_type=\"text-editor.default\">\n\t\t\t\t<div class=\"elementor-widget-container\">\n\t\t\t\t\t\t\t\t<div class=\"elementor-text-editor elementor-clearfix\">\n\t\t\t\t<p><!-- wp:html --><\/p>\n<div>\n<div><\/div>\n<div>\n<div>\n<figure>\n<table>\n<tbody>\n<tr>\n<td><strong>1<\/strong>.- <strong>INSCRIPCI\u00d3 EXTRAESCOLARS 2025-2026<\/strong><\/td>\n<\/tr>\n<\/tbody>\n<\/table>\n<\/figure>\n<figure>\n<table>\n<thead>\n<tr>\n<th>Data<\/th>\n<th>Dia<\/th>\n<\/tr>\n<\/thead>\n<tbody>\n<tr>\n<td>Data inici preinscripci\u00f3<\/td>\n<td>17\/06\/25<\/td>\n<\/tr>\n<tr>\n<td>Data fi preinscripci\u00f3<\/td>\n<td>30\/06\/25<\/td>\n<\/tr>\n<tr>\n<td>Data sorteig desempat<\/td>\n<td>02\/07\/25<\/td>\n<\/tr>\n<tr>\n<td>Data comunicaci\u00f3 assignaci\u00f3<\/td>\n<td>15\/07\/25<\/td>\n<\/tr>\n<\/tbody>\n<\/table>\n<\/figure>\n<p>Les activitats extraescolars van dirigides a tots els nens i nenes de l\u2019Escola Barcelona dels quals els seus pares, mares o tutors estiguin <strong>associats a l\u2019AFA<\/strong>.<\/p>\n<p>La inscripci\u00f3 implica l\u2019acceptaci\u00f3, per part de les fam\u00edlies, de la normativa de les Activitats Extraescolars i de les directrius indicades a la web de l&#8217;AFA<\/p>\n<p><strong>No s\u2019acceptar\u00e0 cap inscripci\u00f3 de les fam\u00edlies amb rebuts pendents de cobrament i seran retornades a la fam\u00edlia fins regularitzar els pagaments pendents.&nbsp;<\/strong><\/p>\n<p><b>Criteris d&#8217;assignaci\u00f3 de pla\u00e7a a les extraescolars<\/b><br>En el cas que el nombre de sol\u00b7licituds d&#8217;alumnes inscrits a una extraescolar sigui superior al nombre de places ofertades, entraran en joc els seg\u00fcents criteris d\u2019assignaci\u00f3:<br><b>Dins un mateix cicle (infantil, inicial, mitj\u00e0 o superior):<\/b><\/p>\n<ul>\n<li>Aquells alumnes que ja cursaven l\u2019extraescolar durant el curs acad\u00e8mic anterior i desitgin continuar, tindran prioritat sobre els que es vulguin inscriure per primer cop.<\/li>\n<li>Un cop aquestes places hagin estat assignades, la resta de vacants s&#8217;ordenaran a partir d&#8217;un n\u00famero obtingut per sorteig, tenint en compte el n\u00famero que pr\u00e8viament ha estat atorgat de manera aleat\u00f2ria a la preinscripci\u00f3 d\u2019AMPASOFT.<\/li>\n<\/ul>\n<p><b>Quan hi hagi canvi de cicle o s\u2019oferti una extraescolar nova:<\/b><\/p>\n<ul>\n<li>Totes les vacants s&#8217;ordenaran a partir d&#8217;un n\u00famero obtingut per sorteig, tenint en compte el n\u00famero que pr\u00e8viament ha estat atorgat de manera aleat\u00f2ria a la preinscripci\u00f3&nbsp;d\u2019AMPASOFT.<\/li>\n<\/ul>\n<figure>\n<table>\n<tbody>\n<tr>\n<td><strong>2<\/strong>.- <strong>BAIXES I CANVIS D&#8217;ACTIVITAT DURANT EL CURS<\/strong><\/td>\n<\/tr>\n<\/tbody>\n<\/table>\n<\/figure>\n<p><strong>Altes<\/strong><\/p>\n<p>Una vegada comen\u00e7ades les activitats a l\u2019octubre, si voleu apuntar als vostres fills\/es a Mainadera (l\u2019acollida de matins), Espai Tardes (l\u2019acollida de tardes) o qualsevol activitat extraescolar ho podeu fer <strong>a trav\u00e9s d\u2019ampasoft<\/strong>. Recordeu que si ja hi esteu inscrits i<strong> voleu continuar no heu de fer res<\/strong>.<\/p>\n<p><b>S&#8217;informar\u00e0 amb antelaci\u00f3 de la data l\u00edmit per sol\u00b7licitar la inscripci\u00f3 de cada trimestre.<\/b><\/p>\n<p>A partir d\u2019aquesta data rebreu una confirmaci\u00f3 de si heu pogut accedir a l\u2019activitat o b\u00e9 heu quedat en llista d\u2019espera. Les sol\u00b7licituds <strong>es resoldran per ordre d\u2019arribada<\/strong>.<\/p>\n<p>Les sol\u00b7licituds rebudes <strong>m\u00e9s enll\u00e0 del termini no es tindran en compte<\/strong> fins el trimestre seg\u00fcent.<\/p>\n<p>A continuaci\u00f3 teniu enlla\u00e7os amb instruccions de com fer la sol\u00b7licitud per ampasoft.<\/p>\n<ul>\n<li><a href=\"https:\/\/docs.google.com\/document\/d\/1sjrGHAlSsxkVYGRwUwyXFExlB20QWijvUiYlG5VmqXA\/edit?usp=sharing\" target=\"_blank\" rel=\"noreferrer noopener\">Com inscriure\u2019s a Mainadera<\/a><\/li>\n<li><a href=\"https:\/\/docs.google.com\/document\/d\/1I9YifPcOS53nHCpprOteRWAdhVMvataR41rpfS-fBvQ\/edit?usp=sharing\" target=\"_blank\" rel=\"noreferrer noopener\"><strong>Com inscriure\u2019s a activitats Extraescolars<\/strong><\/a><\/li>\n<li><a href=\"https:\/\/docs.google.com\/document\/d\/1lw2wZ-HaVr8gDIwe2t6tU_dVTjnVUQumsHvk9KjrNwo\/edit?usp=sharing\" target=\"_blank\" rel=\"noreferrer noopener\">Com Inscriure\u2019s a Espai Tardes<\/a><\/li>\n<\/ul>\n<p><strong>Baixes<\/strong><\/p>\n<p>Pels qui necessiteu donar-vos de baixa d&#8217;alguna extraescolar,<b> recordeu que no ho podeu fer per ampasoft<\/b>. En lloc d&#8217;aix\u00f2 heu d&#8217;enviar un e-mail a&nbsp;<a href=\"mailto:secretaria@afaescolabarcelona.cat\" style=\"font-size: inherit; background-color: #ffffff; transition-property: all; outline: 0px; opacity: 0.75;\">secretaria@afaescolabarcelona.cat<\/a>&nbsp;indicant el nom de l&#8217;infant, l&#8217;activitat de la que voleu gestionar la baixa i a partir de quina data.&nbsp;<\/p>\n<p><b>S&#8217;informar\u00e0 amb antelaci\u00f3 de la data l\u00edmit per sol\u00b7licitar la baixa de cada trimestre.<\/b><\/p>\n<p>Les baixes rebudes <b>m\u00e9s tard del termini no es tindran en compte<\/b> fins el trimestre seg\u00fcent, cobrant-se les mensualitats corresponents.<\/p>\n<p><span style=\"font-size: inherit;\">Si no s\u2019accepta aquesta normativa i no s\u2019abona el primer rebut d\u2019octubre (al no haver gestionat la baixa correctament, dins dels terminis establerts, l\u2019AMPA podr\u00e0 donar de baixa la resta d\u2019activitats).<\/span><\/p>\n<p>A l\u2019hora de sol\u00b7licitar i gestionar una baixa, les fam\u00edlies heu de considerar que a les activitats hi poden haver llistes d\u2019espera, i quan es fa efectiva la baixa, autom\u00e0ticament la pla\u00e7a queda ocupada per l\u2019alumne seg\u00fcent de la llista. Es considera una baixa quan l\u2019alumne deixar\u00e0 <strong>definitivament<\/strong> de fer l\u2019activitat.<\/p>\n<p>En cas de malaltia o d\u2019abs\u00e8ncia durant un&nbsp; per\u00edode de temps m\u00e9s o menys llarg, podeu optar per dues opcions:<\/p>\n<div>\n<ol>\n<li><strong>Baixa definitiva de l\u2019activitat. <\/strong>Per tornar a fer l\u2019activitat, cal tornar a sol\u00b7licitar l\u2019alta en el per\u00edode establert, i en el cas hipot\u00e8tic que hi hagu\u00e9s llista d\u2019espera s\u2019hauria d\u2019esperar el seu torn seguint els criteris establerts.<\/li>\n<li>Avisar que l\u2019alumne no vindr\u00e0 durant un cert temps per poder informar al monitor\/a, per\u00f2 <strong>no gestionar la baixa<\/strong> de l\u2019activitat, per tal de mantenir la pla\u00e7a i l\u2019antiguitat pel seg\u00fcent curs. Malauradament aquesta opci\u00f3 no comporta deixar de pagar la quota mensual de l\u2019activitat.<\/li>\n<\/ol>\n<\/div>\n<p>Com ja sabeu l\u2019AFA \u00e9s una associaci\u00f3 sense \u00e0nim de lucre, les quotes de les activitats estan establertes sense benefici econ\u00f2mic, per aquesta ra\u00f3 l\u2019associaci\u00f3 no pot assumir les despeses que representen aquestes baixes temporals, tenint en compte que som un col\u00b7lectiu gran de fam\u00edlies, i que aquests casos no s\u00f3n excepcionals. L\u2019\u00fanica opci\u00f3 per poder assumir aquesta despesa seria incrementant les quotes de les activitats, per\u00f2 entenem que aix\u00f2 afecta directament a la resta de fam\u00edlies que no tenen perqu\u00e8 veure\u2019s perjudicades.<\/p>\n<p><!--<\/p>\n<figure class=\"wp-block-table is-style-stripes\">\n<table>\n<tbody>\n<tr>\n<td><strong>3<\/strong>.- <strong>ASSEGURAN\u00c7A D\u2019ACCIDENTS<\/strong><\/td>\n<td><\/td>\n<\/tr>\n<\/tbody>\n<\/table>\n<\/figure>\n<p>L\u2019AFA est\u00e0 adherida a una asseguran\u00e7a col\u00b7lectiva d\u2019accidents promoguda per la FAPAC per a tot l\u2019alumnat de l\u2019Escola Barcelona dels quals llurs pares\/mares s\u00f3n socis de l\u2019AFA. Aquesta asseguran\u00e7a tindr\u00e0 un preu aproximat de 4,00 euros anuals per alumne i es passar\u00e0 al cobrament a totes les fam\u00edlies associades en el mes d\u2019octubre.<\/p>\n<p>--><\/p>\n<figure>\n<table>\n<tbody>\n<tr>\n<td><strong>3<\/strong>.- <strong><strong>PREUS \u2013 FORMA DE PAGAMENT &#8211; IMPAGATS<\/strong><\/strong><\/td>\n<td><\/td>\n<\/tr>\n<\/tbody>\n<\/table>\n<\/figure>\n<p>A l&#8217;apartat <a href=\"https:\/\/www.afaescolabarcelona.cat\/index.php\/horaris-i-preus\/\" data-type=\"page\" data-id=\"448\">Calendari, Horaris i Preus<\/a> trobareu els preus aproximats de cada activitat. En el mes de setembre quedaran fixats els preus definitius, que s\u2019ajustaran en funci\u00f3 del nombre d\u2019alumnes inscrits i del pressupost definitiu de cada activitat.<\/p>\n<p>Cada activitat es paga en forma de quota mensual o trimestral (piscina) i mitjan\u00e7ant rebuts que emet l\u2019AFA i passa al cobrament per domiciliaci\u00f3 banc\u00e0ria o en efectiu, durant els 10 primers dies de cada mes o trimestre. A partir de&nbsp;<strong>dos rebuts impagats,&nbsp;<\/strong>es gestionar\u00e0 la&nbsp;<strong>baixa<\/strong>&nbsp;de totes les activitats extraescolars en les que participi la fam\u00edlia deutora, el que suposar\u00e0 la p\u00e8rdua de la pla\u00e7a, seguint el seg\u00fcent de la llista d\u2019espera en el cas que hi hagu\u00e9s<strong>. En el cas de que l\u2019impagat sigui de l\u2019activitat de piscina, donat que l\u2019abonament \u00e9s trimestral i que el pagament a l\u2019entitat externa es fa per avan\u00e7at, no es permet cap rebut impagat i, en el cas de que succeeixi per causes injustificades, es tractar\u00e0 com un impagat de tres rebuts de qualsevol altre activitat.<\/strong><\/p>\n<p><strong>Tanmateix la fam\u00edlia que ha incorregut en l\u2019impagat, no podr\u00e0 realitzar cap gesti\u00f3 ni accedir a cap servei ofert per l\u2019Associaci\u00f3 fins el pagament de l\u2019impagat.<\/strong><\/p>\n<p>Permeteu que us recordem que l\u2019AFA \u00e9s una associaci\u00f3 de pares i mares sense \u00e0nim de lucre i que el retard en el pagament de les quotes, els impagats o les baixes a destemps nom\u00e9s perjudiquen a la resta de fam\u00edlies associades que han de cobrir les despeses afegides amb les seves quotes.<\/p>\n<figure>\n<table>\n<tbody>\n<tr>\n<td><strong>4<\/strong>.- <strong>NORMES DE CONVIV\u00c8NCIA DE LES ACTIVITATS EXTRAESCOLARS<\/strong><\/td>\n<\/tr>\n<\/tbody>\n<\/table>\n<\/figure>\n<p>Les activitats extraescolars s\u00f3n un servei que l\u2019AFA oferta a les fam\u00edlies associades&nbsp;de l\u2019Escola. La inscripci\u00f3 en aquestes activitats&nbsp; implica que el comportament dels nens i nenes ha de ser, en tot moment, l\u2019adequat pel correcte desenvolupament de les mateixes. Per aquest motiu, \u00e9s necessari assolir el comprom\u00eds&nbsp; per part de l&#8217;alumnat i les fam\u00edlies&nbsp; d&#8217; una actitud positiva davant l\u2019activitat, aix\u00ed com&nbsp; un respecte als monitors\/es, als companys\/es, al material i als espais&nbsp;utilitzats.<\/p>\n<p>Si els anteriors aspectes no es compleixen es perjudica el mateix alumne\/a, els companys\/es i el bon funcionament de l\u2019activitat.<br>Per aquest motiu i A l\u2019Assemblea de l\u2019AFA del 11\/12\/2001 es va aprovar el document sobre <a href=\"https:\/\/docs.google.com\/file\/d\/0B9wIWP-4_J71Tk9mYko5MjUta0k\/edit?usp=sharing\">normes de conviv\u00e8ncia i r\u00e8gim disciplinari aplicable a les activitats extraescolars<\/a>, el qual est\u00e0 a disposici\u00f3 de qualsevol associada\/at a&nbsp; la p\u00e0gina web&nbsp; de l&#8217;AFA: <a href=\"http:\/\/afaescolabarcelona.cat\">http:\/\/afaescolabarcelona.cat<\/a>&nbsp;02<\/p>\n<\/div>\n<\/div>\n<\/div>\n<p><!-- \/wp:html --><\/p>\n<p><!-- wp:paragraph --><\/p>\n<p><!-- \/wp:paragraph --><\/p>\t\t\t\t\t<\/div>\n\t\t\t\t\t\t<\/div>\n\t\t\t\t<\/div>\n\t\t\t\t\t\t<\/div>\n\t\t\t\t\t<\/div>\n\t\t<\/div>\n\t\t\t\t\t\t\t\t<\/div>\n\t\t\t\t\t<\/div>\n\t\t<\/section>\n\t\t\t\t\t\t\t\t\t<\/div>\n\t\t\t<\/div>\n\t\t\t\t\t<\/div>\n\t\t","protected":false},"excerpt":{"rendered":"<p>1.- INSCRIPCI\u00d3 EXTRAESCOLARS 2025-2026 Data Dia Data inici preinscripci\u00f3 17\/06\/25 Data fi preinscripci\u00f3 30\/06\/25 Data sorteig desempat 02\/07\/25 Data comunicaci\u00f3 assignaci\u00f3 15\/07\/25 Les activitats extraescolars van dirigides a tots els nens i nenes de l\u2019Escola Barcelona dels quals els seus pares, mares o tutors estiguin associats a l\u2019AFA. La inscripci\u00f3 [&hellip;]<\/p>\n","protected":false},"author":1,"featured_media":0,"parent":0,"menu_order":0,"comment_status":"closed","ping_status":"closed","template":"","meta":{"footnotes":""},"class_list":["post-336","page","type-page","status-publish","hentry"],"post_mailing_queue_ids":[],"_links":{"self":[{"href":"https:\/\/www.afaescolabarcelona.cat\/index.php\/wp-json\/wp\/v2\/pages\/336","targetHints":{"allow":["GET"]}}],"collection":[{"href":"https:\/\/www.afaescolabarcelona.cat\/index.php\/wp-json\/wp\/v2\/pages"}],"about":[{"href":"https:\/\/www.afaescolabarcelona.cat\/index.php\/wp-json\/wp\/v2\/types\/page"}],"author":[{"embeddable":true,"href":"https:\/\/www.afaescolabarcelona.cat\/index.php\/wp-json\/wp\/v2\/users\/1"}],"replies":[{"embeddable":true,"href":"https:\/\/www.afaescolabarcelona.cat\/index.php\/wp-json\/wp\/v2\/comments?post=336"}],"version-history":[{"count":71,"href":"https:\/\/www.afaescolabarcelona.cat\/index.php\/wp-json\/wp\/v2\/pages\/336\/revisions"}],"predecessor-version":[{"id":2919,"href":"https:\/\/www.afaescolabarcelona.cat\/index.php\/wp-json\/wp\/v2\/pages\/336\/revisions\/2919"}],"wp:attachment":[{"href":"https:\/\/www.afaescolabarcelona.cat\/index.php\/wp-json\/wp\/v2\/media?parent=336"}],"curies":[{"name":"wp","href":"https:\/\/api.w.org\/{rel}","templated":true}]}}