{"id":344,"date":"2020-01-25T00:41:06","date_gmt":"2020-01-24T23:41:06","guid":{"rendered":"http:\/\/afaescolabarcelona.cat\/?page_id=344"},"modified":"2023-04-25T09:17:09","modified_gmt":"2023-04-25T08:17:09","slug":"art","status":"publish","type":"page","link":"https:\/\/www.afaescolabarcelona.cat\/index.php\/art\/","title":{"rendered":"Laboratori d&#8217;Art"},"content":{"rendered":"\n<div class=\"wp-block-themeisle-blocks-advanced-columns has-1-columns has-desktop-equal-layout has-tablet-equal-layout has-mobile-equal-layout has-default-gap has-vertical-unset\" id=\"wp-block-themeisle-blocks-advanced-columns-dcbb3450\" style=\"border-width:0px;border-style:solid;border-color:#000000;border-radius:0px;justify-content:unset\"><div class=\"wp-themeisle-block-overlay\" style=\"opacity:0.5;mix-blend-mode:normal\"><\/div><div class=\"innerblocks-wrap\">\n<div class=\"wp-block-themeisle-blocks-advanced-column\" id=\"wp-block-themeisle-blocks-advanced-column-90174d66\" style=\"border-width:0px;border-style:solid;border-color:#000000;border-radius:0px\">\n<p><b>Dirigit a: <\/b>1r i 2n<\/p>\n<p><b>Responsable: <\/b>Diver\u2019s<\/p>\n<p><b>Descripci\u00f3 de l\u2019activitat: <\/b><br>\n<b>PRESENTACI\u00d3<\/b><br>\nEl laboratori d&#8217;art \u00e9s un projecte d&#8217;educaci\u00f3 art\u00edstica que pret\u00e9n proporcionar un espai on l&#8217;alumne\/a experimenti amb tot tipus de materials la seva pr\u00f2pia creativitat sense l\u00edmits ni directrius marcades. No jutgem mai els treballs de l\u2019alumnat, basant-nos sempre en el respecte i la llibertat de creaci\u00f3, tota creaci\u00f3 realitzada es considera v\u00e0lida si al propi autor li agrada. Aix\u00f2 ens permet treballar la inseguretat i la por en poder fer una creaci\u00f3 lliure partint del \u00abno res\u00bb, nom\u00e9s de la seva creativitat i imaginaci\u00f3, fomentant aix\u00ed l&#8217;autoconfian\u00e7a.<br><br>\nEl paper de l&#8217;adult dins el laboratori d&#8217;art \u00e9s el d&#8217;acompanyar a l&#8217;infant dins el seu proc\u00e9s creatiu, fent d&#8217;observador i deixant total llibertat de moviment. L&#8217;adult oferir\u00e0 el seu ajut donant el material necessari per a les creacions de l&#8217;artista, ajudant amb materials concrets que l\u2019alumnat no ha utilitzat abans.<br><br>\nEn el cas que l&#8217;alumne\/a demani la nostra opini\u00f3 sobre el resultat del seu treball, sempre s&#8217;intentar\u00e0 respondre el mateix: a tu t&#8217;agrada? \u00c9s a tu a qui t&#8217;ha d&#8217;agradar. A partir d&#8217;aquesta resposta, \u00e9s l\u2019infant qui decideix continuar amb el treball o donar per finalitzada l&#8217;obra.<br><br>\n<b>METODOLOGIA<\/b><br>\nQuan arriben a l&#8217;aula es troben una proposta per treballar i, dins d&#8217;aquesta proposta, tothom pot fer el que vulgui (per exemple: si treballem el fang, es troben a la taula un tros de fang per a cadasc\u00fa a m\u00e9s de petxines, rodets, estris per treballar el fang, per estampar, canyetes, etc.). <br><br>\nQuan es fa la proposta a l&#8217;alumnat normalment procurem que no sigui gaire guiada, deixant que la creativitat dels infants flueixi donant una o dues consignes, o de vegades cap. Tamb\u00e9 es proposen temes: es troben ceres i cartolines i es diu \u00abPrimavera\u00bb i res m\u00e9s, cadasc\u00fa fa el que vol.<br><br> \n<b>OBJECTIUS<\/b><br>\n<\/p><ul>\n<li>Despertar la curiositat dels infants per la necessitat de profunditzar exclusivament en funci\u00f3 dels seus interessos.<\/li> \n<li>Fomentar l&#8217;originalitat generant idees \u00faniques i innovadores. No hi ha cap treball igual tot i que de vegades es proposin unes directrius a seguir. Totes les creacions s\u00f3n lliures evitant al m\u00e0xim ser dirigides per l&#8217;adult.<\/li> \n<li>Intentar ser molt flexibles tenint la capacitat de canviar la perspectiva a mesura que van sorgint idees tot experimentant, creant i rectificant fins a obtenir el resultat volgut.<\/li> \n<li>Desenvolupar l&#8217;autonomia de l&#8217;infant donant la llibertat per a pensar i deixar que es desenvolupi la seva fantasia i espontane\u00eftat.<\/li> \n<li>Crear un espai per a investigar, explorar, redescobrir, jugar amb les idees, formular interrogants, transformar\u2026<\/li> \n<li>Donar autonomia per tal que tinguin iniciativa i puguin treballar tant sols com en equip.<\/li>\n<\/ul>\n<b>CONTINGUTS I ACTIVITATS<\/b><br>\nLes propostes a treballar s\u00f3n sempre diferents, procurant que al llarg de les sessions hagin treballat diferents t\u00e8cniques, que s\u00f3n fixes per a tots els nens i nenes (fang, collage, aquarel\u00b7la&#8230;), tot i que les activitats proposades en aquestes t\u00e8cniques puguin ser diferents (fer gravats amb fang, crear monstres amb collage, pintar la primavera amb aquarel\u00b7la&#8230;). Altres t\u00e8cniques que s\u00ed variaran al llarg del curs: ceres, estampaci\u00f3, pintura a l&#8217;oli, retoladors, dibuix t\u00e8cnic, estampaci\u00f3 amb diferents estris i materials, etc.\n<p><\/p>\n<p><b>Material \/ vestuari: <\/b>L\u2019alumnat de prim\u00e0ria pot portar, de forma volunt\u00e0ria, una bata de m\u00e0niga llarga.<\/p>\n<p><b>Lloc de realitzaci\u00f3 i recollida: <\/b>L\u2019activitat es realitza a les aules de l\u2019escola. La recollida es far\u00e0 a les 17:15h al porxo.<\/p><\/div>\n<\/div><\/div>\n","protected":false},"excerpt":{"rendered":"<p>Dirigit a: 1r i 2n Responsable: Diver\u2019s Descripci\u00f3 de l\u2019activitat: PRESENTACI\u00d3 El laboratori d&#8217;art \u00e9s un projecte d&#8217;educaci\u00f3 art\u00edstica que pret\u00e9n proporcionar un espai on l&#8217;alumne\/a experimenti amb tot tipus de materials la seva pr\u00f2pia creativitat sense l\u00edmits ni directrius marcades. No jutgem mai els treballs de l\u2019alumnat, basant-nos sempre [&hellip;]<\/p>\n","protected":false},"author":1,"featured_media":0,"parent":0,"menu_order":0,"comment_status":"closed","ping_status":"closed","template":"","meta":{"footnotes":""},"class_list":["post-344","page","type-page","status-publish","hentry"],"post_mailing_queue_ids":[],"_links":{"self":[{"href":"https:\/\/www.afaescolabarcelona.cat\/index.php\/wp-json\/wp\/v2\/pages\/344","targetHints":{"allow":["GET"]}}],"collection":[{"href":"https:\/\/www.afaescolabarcelona.cat\/index.php\/wp-json\/wp\/v2\/pages"}],"about":[{"href":"https:\/\/www.afaescolabarcelona.cat\/index.php\/wp-json\/wp\/v2\/types\/page"}],"author":[{"embeddable":true,"href":"https:\/\/www.afaescolabarcelona.cat\/index.php\/wp-json\/wp\/v2\/users\/1"}],"replies":[{"embeddable":true,"href":"https:\/\/www.afaescolabarcelona.cat\/index.php\/wp-json\/wp\/v2\/comments?post=344"}],"version-history":[{"count":7,"href":"https:\/\/www.afaescolabarcelona.cat\/index.php\/wp-json\/wp\/v2\/pages\/344\/revisions"}],"predecessor-version":[{"id":2373,"href":"https:\/\/www.afaescolabarcelona.cat\/index.php\/wp-json\/wp\/v2\/pages\/344\/revisions\/2373"}],"wp:attachment":[{"href":"https:\/\/www.afaescolabarcelona.cat\/index.php\/wp-json\/wp\/v2\/media?parent=344"}],"curies":[{"name":"wp","href":"https:\/\/api.w.org\/{rel}","templated":true}]}}