{"id":347,"date":"2020-01-25T00:51:32","date_gmt":"2020-01-24T23:51:32","guid":{"rendered":"http:\/\/afaescolabarcelona.cat\/?page_id=347"},"modified":"2023-04-25T09:20:31","modified_gmt":"2023-04-25T08:20:31","slug":"pre-esport","status":"publish","type":"page","link":"https:\/\/www.afaescolabarcelona.cat\/index.php\/pre-esport\/","title":{"rendered":"Pre-Esport"},"content":{"rendered":"\n<div class=\"wp-block-themeisle-blocks-advanced-columns has-1-columns has-desktop-equal-layout has-tablet-equal-layout has-mobile-equal-layout has-default-gap has-vertical-unset\" id=\"wp-block-themeisle-blocks-advanced-columns-dcbb3450\" style=\"border-width:0px;border-style:solid;border-color:#000000;border-radius:0px;justify-content:unset\"><div class=\"wp-themeisle-block-overlay\" style=\"opacity:0.5;mix-blend-mode:normal\"><\/div><div class=\"innerblocks-wrap\">\n<div class=\"wp-block-themeisle-blocks-advanced-column\" id=\"wp-block-themeisle-blocks-advanced-column-90174d66\" style=\"border-width:0px;border-style:solid;border-color:#000000;border-radius:0px\">\n<p><b>Dirigit a: <\/b>d&#8217;I4 a I5<\/p>\n<p><b>Responsable: <\/b>Diver\u2019s<\/p>\n<p><b>Descripci\u00f3 de l\u2019activitat: <\/b><br>\n<b>PRESENTACI\u00d3<\/b><br>\nDesenvolupa les habilitats motrius i psicomotrius b\u00e0siques i les habilitats pre-esportives mentre es gaudeix del joc. L\u2019activitat es marca com a fita que els infants descobreixin i s\u2019inici\u00efn en tot tipus d\u2019habilitat psicomotriu que els puguin servir per l\u2019inici de la pr\u00e0ctica de qualsevol esport.<br><br> \nEls i les alumnes\/as d\u2019infantil duran a terme sessions de pre-esport on es treballar\u00e0 perqu\u00e8 desenvolupin la seva coordinaci\u00f3 corporal b\u00e0sica, a m\u00e9s de les seves destreses cognitives i algunes de les habilitats f\u00edsiques encaminades cap a la introducci\u00f3 esportiva, mitjan\u00e7ant principalment el joc l\u00fadic i recreatiu. Tamb\u00e9 potenciarem la seva comunicaci\u00f3 social amb companys\/es i monitors\/es. <br><br>\n<b>METODOLOGIA<\/b><br>\nLa metodologia de l\u2019activitat \u00e9s pr\u00e0ctica, la sessi\u00f3 tindr\u00e0 la seg\u00fcent estructura:<br>\n<ol>\n<li>S\u2019iniciar\u00e0 la sessi\u00f3 amb un escalfament a trav\u00e9s de jocs relacionats amb l\u2019esport programat.<\/li> \n<li>La part principal on es treballar\u00e0 m\u00e9s l\u2019esport en concret mitjan\u00e7ant jocs, circuits i altres activitats motrius relacionades amb l\u2019esport.<\/li> \n<li>Verbalitzaci\u00f3 del que s\u2019ha treballat i tornada a la calma.<\/li>\n<\/ol> \n<b>OBJECTIUS<\/b><br>\n<ul>\n<li>Fomentar la pr\u00e0ctica de l\u2019esport.<\/li> \n<li>Millorar els moviments b\u00e0sics de les habilitats i destreses motrius.<\/li> \n<li>Con\u00e8ixer i diferenciar alguns esports.<\/li> \n<li>Practicar moviments i accions esportives a trav\u00e9s del joc.<\/li>\n<\/ul>\n<b>CONTINGUTS I ACTIVITATS<\/b><br>\n<ul>\n<li>Jocs esportius i psicomotrius.<\/li> \n<li>Circuits i curses.<\/li> \n<li>Jocs amb paracaigudes.<\/li> \n<li>Jocs de preparaci\u00f3 corporal.<\/li> \n<li>Jocs individuals i col\u00b7lectius (treball d\u2019equip).<\/li> \n<li>Habilitats esportives d\u2019equilibri, punteria, coordinaci\u00f3, velocitat&#8230;<\/li> \n<li>Treball de l\u2019espai i la lateralitat.<\/li> \n<li>Xutem, encanastem, botem, fem llan\u00e7aments&#8230;<\/li> \n<li>Jocs amb implements: raquetes, frisbis, indiacas, pilotes&#8230;<\/li>\n<\/ul>\n<\/p>\n<p><b>Material \/ vestuari: <\/b>Els infants han de venir des de casa amb roba esportiva c\u00f2moda i el\u00e0stica (per exemple xandall o pantal\u00f3 i samarreta o dessuadora) i vambes o cal\u00e7at adequat per fer esport.<\/p>\n<p><b>Lloc de realitzaci\u00f3 i recollida: <\/b>L\u2019activitat es realitza al pati de l\u2019escola. La recollida es far\u00e0 a les 17:15h al porxo.<\/p><\/div>\n<\/div><\/div>\n\n\n\n<p><\/p>\n","protected":false},"excerpt":{"rendered":"<p>Dirigit a: d&#8217;I4 a I5 Responsable: Diver\u2019s Descripci\u00f3 de l\u2019activitat: PRESENTACI\u00d3 Desenvolupa les habilitats motrius i psicomotrius b\u00e0siques i les habilitats pre-esportives mentre es gaudeix del joc. L\u2019activitat es marca com a fita que els infants descobreixin i s\u2019inici\u00efn en tot tipus d\u2019habilitat psicomotriu que els puguin servir per l\u2019inici [&hellip;]<\/p>\n","protected":false},"author":1,"featured_media":0,"parent":0,"menu_order":0,"comment_status":"closed","ping_status":"closed","template":"","meta":{"footnotes":""},"class_list":["post-347","page","type-page","status-publish","hentry"],"post_mailing_queue_ids":[],"_links":{"self":[{"href":"https:\/\/www.afaescolabarcelona.cat\/index.php\/wp-json\/wp\/v2\/pages\/347","targetHints":{"allow":["GET"]}}],"collection":[{"href":"https:\/\/www.afaescolabarcelona.cat\/index.php\/wp-json\/wp\/v2\/pages"}],"about":[{"href":"https:\/\/www.afaescolabarcelona.cat\/index.php\/wp-json\/wp\/v2\/types\/page"}],"author":[{"embeddable":true,"href":"https:\/\/www.afaescolabarcelona.cat\/index.php\/wp-json\/wp\/v2\/users\/1"}],"replies":[{"embeddable":true,"href":"https:\/\/www.afaescolabarcelona.cat\/index.php\/wp-json\/wp\/v2\/comments?post=347"}],"version-history":[{"count":14,"href":"https:\/\/www.afaescolabarcelona.cat\/index.php\/wp-json\/wp\/v2\/pages\/347\/revisions"}],"predecessor-version":[{"id":2378,"href":"https:\/\/www.afaescolabarcelona.cat\/index.php\/wp-json\/wp\/v2\/pages\/347\/revisions\/2378"}],"wp:attachment":[{"href":"https:\/\/www.afaescolabarcelona.cat\/index.php\/wp-json\/wp\/v2\/media?parent=347"}],"curies":[{"name":"wp","href":"https:\/\/api.w.org\/{rel}","templated":true}]}}