{"id":404,"date":"2020-01-26T23:05:27","date_gmt":"2020-01-26T22:05:27","guid":{"rendered":"http:\/\/afaescolabarcelona.cat\/?page_id=404"},"modified":"2021-04-15T17:28:39","modified_gmt":"2021-04-15T16:28:39","slug":"comisio-celebracions","status":"publish","type":"page","link":"https:\/\/www.afaescolabarcelona.cat\/index.php\/comisio-celebracions\/","title":{"rendered":"Comisi\u00f3 Celebracions"},"content":{"rendered":"\n<div class=\"wp-block-themeisle-blocks-advanced-columns has-1-columns has-desktop-equal-layout has-tablet-equal-layout has-mobile-equal-layout has-default-gap has-vertical-unset\" id=\"wp-block-themeisle-blocks-advanced-columns-f1f326c0\"><div class=\"wp-block-themeisle-blocks-advanced-columns-overlay\"><\/div><div class=\"innerblocks-wrap\">\n<div class=\"wp-block-themeisle-blocks-advanced-column\" id=\"wp-block-themeisle-blocks-advanced-column-f5c4a1c5\">\n<p>Organitzar els esdeveniments que tenen lloc al llarg del curs, col.laborant en mantenir tradicions i creant experi\u00e8ncies compartides per la comunitat de l\u2019escola.&nbsp;<\/p>\n\n\n\n<ul class=\"wp-block-list\"><li>Organitzar la festa de Carnestoltes (febrer)<\/li><li>Organitzar el festival de cloenda d\u2019activitats extraescolars (maig\/juny)<\/li><li>Organitzar la festa de final de curs i comiat dels alumnes de 6\u00e9 (juny)<\/li><li>Col\u00b7laborar en les propostes d\u2019activitats de l\u2019Escola i del districte.&nbsp;<\/li><li>Generar els ingressos necess\u00e0ris per finan\u00e7ar aquestes cel.lebracions.<\/li><\/ul>\n\n\n\n<ol class=\"wp-block-list\"><li><strong>Organitzaci\u00f3 de les celebracions:<\/strong><\/li><\/ol>\n\n\n\n<p>Per tal de posar a punt les celebracions, des de la Comissi\u00f3 es valorar\u00e0 les necessitats per realitzar cada celebraci\u00f3 i un cop fet, es sol.licitaran els col.laboradors espor\u00e0dics necessaris i es realitzaran les reunions generals d\u2019organitzaci\u00f3 i seguiment, la comunicaci\u00f3 de l\u2019acte, la sol.licitut dels permisos que sigui adients i, si escau, la reserva d\u2019espais,&nbsp; carpes, taules, cadires, tarima o el que es consideri.&nbsp;<\/p>\n\n\n\n<p>En aquestes reunions es repartiran les seg\u00fcents tasques:<\/p>\n\n\n\n<ul class=\"wp-block-list\"><li>La decoraci\u00f3<\/li><li>Els tallers (gestiona els tallers que es fan a la tarda, alguns contractats i d\u2019altres fets per les fam\u00edlies),&nbsp;<\/li><li>Barra o bar (gestiona la comanda de begudes i neveres i el dia de la festa s\u2019encarrega del servei de barra i de la venta de tickets i dels entrepans gestionant la compra i la seva preparaci\u00f3)<\/li><li>Rifa (contactar amb empreses, museus, associacions, etc. per tal d\u2019aconseguir premis per la rifa i el dia de la festa gestiona la venta dels n\u00fameros i el propi sorteig;&nbsp;<\/li><li>Espectacles (contracta els grups d\u2019espectacles de la tarda i de la nit, aix\u00ed com l\u2019equip de so i llum, si cal);&nbsp;<\/li><li>Muntatge i recollida (coordinar la necessitat de moltes mans per ajudar a muntar i un cop acabada la festa, recollir)<\/li><\/ul>\n\n\n\n<ol class=\"wp-block-list\" start=\"2\"><li><strong>Generar accions per aconseguir ingressos per les celebracions:<\/strong><\/li><\/ol>\n\n\n\n<ul class=\"wp-block-list\"><li>Panera de Nadal: Per Nadal fem un sorteig de paneres de Nadal entre la comunitat de l\u2019escola. La comissi\u00f3 gestiona la recollida de les aportacions que fan les fam\u00edlies (aliments t\u00edpicament nadalencs), aix\u00ed com la venda de n\u00fameros per al sorteig i organitzaci\u00f3 del sorteig mateix uns dies abans de les vacances de Nadal. Una part dels aliments recollits es destinen a preparar una panera solid\u00e0ria, que la comissi\u00f3 lliura a una entitat social del barri.<\/li><li>Articles per vendre de l\u2019AFA: Cada curs es dissenya i es ven un article relacionat amb l\u2019escola com a element identificatiu col\u00b7lectiu. La comissi\u00f3 s&#8217;encarregar\u00e0 d\u2019idear-ho i dissenyar-lo i de coordinar la venda de mateix.<\/li><\/ul>\n\n\n\n<p><strong>Aportacions a la Junta:<\/strong>&nbsp;<\/p>\n\n\n\n<ul class=\"wp-block-list\"><li>Proposta anual de celebracions i d\u2019accions generadores d\u2019ingressos.<\/li><\/ul>\n<\/div>\n<\/div><\/div>\n","protected":false},"excerpt":{"rendered":"","protected":false},"author":1,"featured_media":0,"parent":0,"menu_order":0,"comment_status":"closed","ping_status":"closed","template":"","meta":{"footnotes":""},"class_list":["post-404","page","type-page","status-publish","hentry"],"post_mailing_queue_ids":[],"_links":{"self":[{"href":"https:\/\/www.afaescolabarcelona.cat\/index.php\/wp-json\/wp\/v2\/pages\/404","targetHints":{"allow":["GET"]}}],"collection":[{"href":"https:\/\/www.afaescolabarcelona.cat\/index.php\/wp-json\/wp\/v2\/pages"}],"about":[{"href":"https:\/\/www.afaescolabarcelona.cat\/index.php\/wp-json\/wp\/v2\/types\/page"}],"author":[{"embeddable":true,"href":"https:\/\/www.afaescolabarcelona.cat\/index.php\/wp-json\/wp\/v2\/users\/1"}],"replies":[{"embeddable":true,"href":"https:\/\/www.afaescolabarcelona.cat\/index.php\/wp-json\/wp\/v2\/comments?post=404"}],"version-history":[{"count":3,"href":"https:\/\/www.afaescolabarcelona.cat\/index.php\/wp-json\/wp\/v2\/pages\/404\/revisions"}],"predecessor-version":[{"id":1918,"href":"https:\/\/www.afaescolabarcelona.cat\/index.php\/wp-json\/wp\/v2\/pages\/404\/revisions\/1918"}],"wp:attachment":[{"href":"https:\/\/www.afaescolabarcelona.cat\/index.php\/wp-json\/wp\/v2\/media?parent=404"}],"curies":[{"name":"wp","href":"https:\/\/api.w.org\/{rel}","templated":true}]}}