{"id":413,"date":"2020-01-26T23:07:21","date_gmt":"2020-01-26T22:07:21","guid":{"rendered":"http:\/\/afaescolabarcelona.cat\/?page_id=413"},"modified":"2020-01-27T22:13:40","modified_gmt":"2020-01-27T21:13:40","slug":"comisio-escola-inclusiva","status":"publish","type":"page","link":"https:\/\/www.afaescolabarcelona.cat\/index.php\/comisio-escola-inclusiva\/","title":{"rendered":"Comisi\u00f3 Escola Inclusiva"},"content":{"rendered":"\n<div class=\"wp-block-themeisle-blocks-advanced-columns has-1-columns has-desktop-equal-layout has-tablet-equal-layout has-mobile-equal-layout has-default-gap has-vertical-unset\" id=\"wp-block-themeisle-blocks-advanced-columns-5e506115\" style=\"border-width:0px;border-style:solid;border-color:#000000;border-radius:0px;justify-content:unset\"><div class=\"wp-themeisle-block-overlay\" style=\"opacity:0.5;mix-blend-mode:normal\"><\/div><div class=\"innerblocks-wrap\">\n<div class=\"wp-block-themeisle-blocks-advanced-column\" id=\"wp-block-themeisle-blocks-advanced-column-5d4440f1\" style=\"border-width:0px;border-style:solid;border-color:#000000;border-radius:0px\">\n<ul class=\"wp-block-list\"><li>Suport als alumnes amb necessitats educatives especials del tipus que sigui i acreditades per l\u2019\u00f2rgan corresponen en el que fa refer\u00e8ncia a les activitats gestionades per l\u2019AFA.<\/li><li>Contractaci\u00f3 de monitors de suport, d\u2019estudiants d\u2019integraci\u00f3 social o similar en pr\u00e0ctiques\u2026<\/li><li>Organitzaci\u00f3 d\u2019activitats de captaci\u00f3 de recursos, com ?? (recollida i selecci\u00f3 del material, preparaci\u00f3 de la venda i les activitats complement\u00e0ries, tramesa del material sobrant a organitzacions de caire ben\u00e8fic\u2026) o la venda de llibres nous per Sant Jordi.<\/li><li>Participaci\u00f3 i organitzaci\u00f3 d\u2019altres activitats per a la integraci\u00f3.<\/li><\/ul>\n<\/div>\n<\/div><\/div>\n","protected":false},"excerpt":{"rendered":"","protected":false},"author":1,"featured_media":0,"parent":0,"menu_order":0,"comment_status":"closed","ping_status":"closed","template":"","meta":{"footnotes":""},"class_list":["post-413","page","type-page","status-publish","hentry"],"post_mailing_queue_ids":[],"_links":{"self":[{"href":"https:\/\/www.afaescolabarcelona.cat\/index.php\/wp-json\/wp\/v2\/pages\/413","targetHints":{"allow":["GET"]}}],"collection":[{"href":"https:\/\/www.afaescolabarcelona.cat\/index.php\/wp-json\/wp\/v2\/pages"}],"about":[{"href":"https:\/\/www.afaescolabarcelona.cat\/index.php\/wp-json\/wp\/v2\/types\/page"}],"author":[{"embeddable":true,"href":"https:\/\/www.afaescolabarcelona.cat\/index.php\/wp-json\/wp\/v2\/users\/1"}],"replies":[{"embeddable":true,"href":"https:\/\/www.afaescolabarcelona.cat\/index.php\/wp-json\/wp\/v2\/comments?post=413"}],"version-history":[{"count":2,"href":"https:\/\/www.afaescolabarcelona.cat\/index.php\/wp-json\/wp\/v2\/pages\/413\/revisions"}],"predecessor-version":[{"id":431,"href":"https:\/\/www.afaescolabarcelona.cat\/index.php\/wp-json\/wp\/v2\/pages\/413\/revisions\/431"}],"wp:attachment":[{"href":"https:\/\/www.afaescolabarcelona.cat\/index.php\/wp-json\/wp\/v2\/media?parent=413"}],"curies":[{"name":"wp","href":"https:\/\/api.w.org\/{rel}","templated":true}]}}